{"id":2048,"date":"2025-10-30T18:52:00","date_gmt":"2025-10-30T17:52:00","guid":{"rendered":"https:\/\/zenharmony.fr\/?page_id=2048"},"modified":"2025-11-18T02:40:48","modified_gmt":"2025-11-18T01:40:48","slug":"harmoniq-zenharmony","status":"publish","type":"page","link":"https:\/\/zenharmony.fr\/index.php\/harmoniq-zenharmony\/","title":{"rendered":"HarmoniQ \u2014 ZenHarmony"},"content":{"rendered":"\t\t<div data-elementor-type=\"wp-page\" data-elementor-id=\"2048\" class=\"elementor elementor-2048\">\n\t\t\t\t<div class=\"elementor-element elementor-element-442407c6 e-flex e-con-boxed e-con e-parent\" data-id=\"442407c6\" data-element_type=\"container\" data-e-type=\"container\">\n\t\t\t\t\t<div class=\"e-con-inner\">\n\t\t\t\t<div class=\"elementor-element elementor-element-7663aaf5 elementor-widget elementor-widget-text-editor\" data-id=\"7663aaf5\" data-element_type=\"widget\" data-e-type=\"widget\" data-widget_type=\"text-editor.default\">\n\t\t\t\t<div class=\"elementor-widget-container\">\n\t\t\t\t\t\t\t\t\t\n<h1 class=\"wp-block-heading\">HarmoniQ : <strong>10 minutes pour retrouver votre clart\u00e9 avant un moment cl\u00e9.<\/strong><\/h1>\n\t\t\t\t\t\t\t\t<\/div>\n\t\t\t\t<\/div>\n\t\t\t\t\t<\/div>\n\t\t\t\t<\/div>\n\t\t<div class=\"elementor-element elementor-element-a30f6ed e-flex e-con-boxed e-con e-parent\" data-id=\"a30f6ed\" data-element_type=\"container\" data-e-type=\"container\">\n\t\t\t\t\t<div class=\"e-con-inner\">\n\t\t\t\t<div class=\"elementor-element elementor-element-94edade elementor-widget elementor-widget-heading\" data-id=\"94edade\" data-element_type=\"widget\" data-e-type=\"widget\" data-widget_type=\"heading.default\">\n\t\t\t\t<div class=\"elementor-widget-container\">\n\t\t\t\t\t<h2 class=\"elementor-heading-title elementor-size-default\">Parce qu\u2019avant chaque rendez-vous important, chaque prise de parole ou d\u00e9cision strat\u00e9gique, <strong data-start=\"738\" data-end=\"800\">votre \u00e9tat int\u00e9rieur d\u00e9termine la qualit\u00e9 de votre impact.<\/strong><\/h2>\t\t\t\t<\/div>\n\t\t\t\t<\/div>\n\t\t\t\t\t<\/div>\n\t\t\t\t<\/div>\n\t\t<div class=\"elementor-element elementor-element-1377da2 e-flex e-con-boxed e-con e-parent\" data-id=\"1377da2\" data-element_type=\"container\" data-e-type=\"container\">\n\t\t\t\t\t<div class=\"e-con-inner\">\n\t\t\t\t<div class=\"elementor-element elementor-element-4913579 elementor-widget elementor-widget-text-editor\" data-id=\"4913579\" data-element_type=\"widget\" data-e-type=\"widget\" data-widget_type=\"text-editor.default\">\n\t\t\t\t<div class=\"elementor-widget-container\">\n\t\t\t\t\t\t\t\t\t<p data-start=\"804\" data-end=\"980\"><strong data-start=\"804\" data-end=\"816\">HarmoniQ<\/strong> est une exp\u00e9rience de recentrage express \u2014 10 minutes pour aligner votre corps, votre respiration et votre esprit, afin d\u2019agir avec pr\u00e9sence, calme et pr\u00e9cision.<\/p>\t\t\t\t\t\t\t\t<\/div>\n\t\t\t\t<\/div>\n\t\t\t\t\t<\/div>\n\t\t\t\t<\/div>\n\t\t<div class=\"elementor-element elementor-element-bbe08ce e-flex e-con-boxed e-con e-parent\" data-id=\"bbe08ce\" data-element_type=\"container\" data-e-type=\"container\">\n\t\t\t\t\t<div class=\"e-con-inner\">\n\t\t\t\t<div class=\"elementor-element elementor-element-c68610d elementor-widget elementor-widget-text-editor\" data-id=\"c68610d\" data-element_type=\"widget\" data-e-type=\"widget\" data-widget_type=\"text-editor.default\">\n\t\t\t\t<div class=\"elementor-widget-container\">\n\t\t\t\t\t\t\t\t\t<h2>\ud83e\udded <strong data-start=\"993\" data-end=\"1016\">Pourquoi HarmoniQ ?<\/strong><\/h2>\t\t\t\t\t\t\t\t<\/div>\n\t\t\t\t<\/div>\n\t\t\t\t\t<\/div>\n\t\t\t\t<\/div>\n\t\t<div class=\"elementor-element elementor-element-7fd61a0 e-flex e-con-boxed e-con e-parent\" data-id=\"7fd61a0\" data-element_type=\"container\" data-e-type=\"container\">\n\t\t\t\t\t<div class=\"e-con-inner\">\n\t\t\t\t<div class=\"elementor-element elementor-element-c71f01e elementor-widget elementor-widget-text-editor\" data-id=\"c71f01e\" data-element_type=\"widget\" data-e-type=\"widget\" data-widget_type=\"text-editor.default\">\n\t\t\t\t<div class=\"elementor-widget-container\">\n\t\t\t\t\t\t\t\t\t<p data-start=\"1017\" data-end=\"1212\">Dans un monde o\u00f9 tout s\u2019acc\u00e9l\u00e8re, la clart\u00e9 devient votre ressource la plus pr\u00e9cieuse.<br data-start=\"1103\" data-end=\"1106\" \/>Mais face au stress, \u00e0 la pression du r\u00e9sultat ou \u00e0 la surcharge mentale, cette clart\u00e9 s\u2019\u00e9teint peu \u00e0 peu.<\/p>\n<p data-start=\"1214\" data-end=\"1324\">HarmoniQ a \u00e9t\u00e9 con\u00e7u pour les <strong data-start=\"1244\" data-end=\"1266\">leaders conscients<\/strong> qui veulent garder le contr\u00f4le int\u00e9rieur avant d\u2019agir :<\/p>\n<ul data-start=\"1325\" data-end=\"1528\">\n<li data-start=\"1325\" data-end=\"1374\">\n<p data-start=\"1327\" data-end=\"1374\">avant un <strong data-start=\"1336\" data-end=\"1370\">rendez-vous client strat\u00e9gique<\/strong> ;<\/p>\n<\/li>\n<li data-start=\"1375\" data-end=\"1417\">\n<p data-start=\"1377\" data-end=\"1417\">avant une <strong data-start=\"1387\" data-end=\"1413\">n\u00e9gociation importante<\/strong> ;<\/p>\n<\/li>\n<li data-start=\"1418\" data-end=\"1473\">\n<p data-start=\"1420\" data-end=\"1473\">avant une <strong data-start=\"1430\" data-end=\"1469\">intervention publique ou m\u00e9diatique<\/strong> ;<\/p>\n<\/li>\n<li data-start=\"1474\" data-end=\"1528\">\n<p data-start=\"1476\" data-end=\"1528\">ou simplement avant une <strong data-start=\"1500\" data-end=\"1525\">d\u00e9cision \u00e0 fort enjeu<\/strong>.<\/p>\n<\/li>\n<\/ul>\t\t\t\t\t\t\t\t<\/div>\n\t\t\t\t<\/div>\n\t\t\t\t\t<\/div>\n\t\t\t\t<\/div>\n\t\t<div class=\"elementor-element elementor-element-37f53c0 e-flex e-con-boxed e-con e-parent\" data-id=\"37f53c0\" data-element_type=\"container\" data-e-type=\"container\">\n\t\t\t\t\t<div class=\"e-con-inner\">\n\t\t\t\t<div class=\"elementor-element elementor-element-e64ab84 elementor-widget elementor-widget-text-editor\" data-id=\"e64ab84\" data-element_type=\"widget\" data-e-type=\"widget\" data-widget_type=\"text-editor.default\">\n\t\t\t\t<div class=\"elementor-widget-container\">\n\t\t\t\t\t\t\t\t\t<h2><strong>Comment se d\u00e9roule une s\u00e9ance HarmoniQ\u00a0<\/strong><\/h2>\t\t\t\t\t\t\t\t<\/div>\n\t\t\t\t<\/div>\n\t\t\t\t<div class=\"elementor-element elementor-element-5fd7daa elementor-widget elementor-widget-text-editor\" data-id=\"5fd7daa\" data-element_type=\"widget\" data-e-type=\"widget\" data-widget_type=\"text-editor.default\">\n\t\t\t\t<div class=\"elementor-widget-container\">\n\t\t\t\t\t\t\t\t\t<p data-start=\"1584\" data-end=\"1649\">Une exp\u00e9rience courte, cibl\u00e9e, et d\u2019une efficacit\u00e9 surprenante.<\/p>\n<ol data-start=\"1651\" data-end=\"2069\">\n<li data-start=\"1651\" data-end=\"1776\">\n<p data-start=\"1654\" data-end=\"1776\"><strong data-start=\"1654\" data-end=\"1682\">Connexion rapide (2 min)<\/strong><br data-start=\"1682\" data-end=\"1685\" \/>Vous entrez dans un espace de pr\u00e9sence guid\u00e9e par ma voix \u2014 en visio ou en pr\u00e9sentiel.<\/p>\n<\/li>\n<li data-start=\"1778\" data-end=\"1938\">\n<p data-start=\"1781\" data-end=\"1938\"><strong data-start=\"1781\" data-end=\"1815\">Recentrage \u00e9nerg\u00e9tique (5 min)<\/strong><br data-start=\"1815\" data-end=\"1818\" \/>Une guidance personnalis\u00e9e pour apaiser le mental, harmoniser la respiration et reconnecter \u00e0 votre \u00e9nergie vitale.<\/p>\n<\/li>\n<li data-start=\"1940\" data-end=\"2069\">\n<p data-start=\"1943\" data-end=\"2069\"><strong data-start=\"1943\" data-end=\"1975\">Activation de clart\u00e9 (3 min)<\/strong><br data-start=\"1975\" data-end=\"1978\" \/>Visualisation et ancrage \u00e9nerg\u00e9tique pour mobiliser lucidit\u00e9, confiance et alignement.<\/p>\n<\/li>\n<\/ol>\n<p data-start=\"2071\" data-end=\"2121\">En 10 minutes, votre posture int\u00e9rieure change :<\/p>\n<blockquote data-start=\"2122\" data-end=\"2183\">\n<pre data-start=\"2124\" data-end=\"2183\">Vous \u00eates calme, clair, centr\u00e9 \u2014 pr\u00eat \u00e0 agir avec justesse.<\/pre>\n<\/blockquote>\t\t\t\t\t\t\t\t<\/div>\n\t\t\t\t<\/div>\n\t\t\t\t\t<\/div>\n\t\t\t\t<\/div>\n\t\t<div class=\"elementor-element elementor-element-d6f0c99 e-flex e-con-boxed e-con e-parent\" data-id=\"d6f0c99\" data-element_type=\"container\" data-e-type=\"container\">\n\t\t\t\t\t<div class=\"e-con-inner\">\n\t\t\t\t<div class=\"elementor-element elementor-element-b70547b elementor-widget elementor-widget-text-editor\" data-id=\"b70547b\" data-element_type=\"widget\" data-e-type=\"widget\" data-widget_type=\"text-editor.default\">\n\t\t\t\t<div class=\"elementor-widget-container\">\n\t\t\t\t\t\t\t\t\t<h2><strong>Les b\u00e9n\u00e9fices imm\u00e9diats<\/strong><\/h2>\t\t\t\t\t\t\t\t<\/div>\n\t\t\t\t<\/div>\n\t\t\t\t\t<\/div>\n\t\t\t\t<\/div>\n\t\t<div class=\"elementor-element elementor-element-de7dbf0 e-flex e-con-boxed e-con e-parent\" data-id=\"de7dbf0\" data-element_type=\"container\" data-e-type=\"container\">\n\t\t\t\t\t<div class=\"e-con-inner\">\n\t\t\t\t<div class=\"elementor-element elementor-element-b680799 elementor-widget elementor-widget-text-editor\" data-id=\"b680799\" data-element_type=\"widget\" data-e-type=\"widget\" data-widget_type=\"text-editor.default\">\n\t\t\t\t<div class=\"elementor-widget-container\">\n\t\t\t\t\t\t\t\t\t<ul>\n<li>Clart\u00e9 mentale et recentrage \u00e9motionnel<\/li>\n<li>Diminution du stress et du bruit int\u00e9rieur<\/li>\n<li>Posture plus align\u00e9e, ton plus pos\u00e9, regard plus stable<\/li>\n<li>Pr\u00e9sence naturelle et confiance accrue<\/li>\n<li>Impact renforc\u00e9 sur vos interlocuteurs<\/li>\n<\/ul>\t\t\t\t\t\t\t\t<\/div>\n\t\t\t\t<\/div>\n\t\t\t\t<div class=\"elementor-element elementor-element-0eceaa1 elementor-widget elementor-widget-heading\" data-id=\"0eceaa1\" data-element_type=\"widget\" data-e-type=\"widget\" data-widget_type=\"heading.default\">\n\t\t\t\t<div class=\"elementor-widget-container\">\n\t\t\t\t\t<h3 class=\"elementor-heading-title elementor-size-default\">Formules disponibles<\/h3>\t\t\t\t<\/div>\n\t\t\t\t<\/div>\n\t\t\t\t\t<\/div>\n\t\t\t\t<\/div>\n\t\t<div class=\"elementor-element elementor-element-60e39b0 e-flex e-con-boxed e-con e-parent\" data-id=\"60e39b0\" data-element_type=\"container\" data-e-type=\"container\">\n\t\t\t\t\t<div class=\"e-con-inner\">\n\t\t<div class=\"elementor-element elementor-element-2844cb1 e-con-full e-flex e-con e-child\" data-id=\"2844cb1\" data-element_type=\"container\" data-e-type=\"container\">\n\t\t\t\t<div class=\"elementor-element elementor-element-9170440 elementor-widget elementor-widget-text-editor\" data-id=\"9170440\" data-element_type=\"widget\" data-e-type=\"widget\" data-widget_type=\"text-editor.default\">\n\t\t\t\t<div class=\"elementor-widget-container\">\n\t\t\t\t\t\t\t\t\t<p><strong data-start=\"2499\" data-end=\"2534\">S\u00e9ance \u00e0 la demande \u2014 90\u20ac HT<\/strong><br data-start=\"2534\" data-end=\"2537\" \/>\u2192 Une session HarmoniQ de 10 minutes, en visio ou par t\u00e9l\u00e9phone.<\/p>\t\t\t\t\t\t\t\t<\/div>\n\t\t\t\t<\/div>\n\t\t\t\t<\/div>\n\t\t<div class=\"elementor-element elementor-element-1079a8b e-con-full e-flex e-con e-child\" data-id=\"1079a8b\" data-element_type=\"container\" data-e-type=\"container\">\n\t\t\t\t<div class=\"elementor-element elementor-element-6eb2342 elementor-widget elementor-widget-text-editor\" data-id=\"6eb2342\" data-element_type=\"widget\" data-e-type=\"widget\" data-widget_type=\"text-editor.default\">\n\t\t\t\t<div class=\"elementor-widget-container\">\n\t\t\t\t\t\t\t\t\t<p><strong data-start=\"2605\" data-end=\"2636\">Pack 5 s\u00e9ances \u2014 390\u20ac HT<\/strong><br data-start=\"2636\" data-end=\"2639\" \/>\u2192 Id\u00e9al pour les p\u00e9riodes intenses (projets, lancement, prises de parole).<\/p>\t\t\t\t\t\t\t\t<\/div>\n\t\t\t\t<\/div>\n\t\t\t\t<\/div>\n\t\t\t\t\t<\/div>\n\t\t\t\t<\/div>\n\t\t<div class=\"elementor-element elementor-element-0610f96 e-flex e-con-boxed e-con e-parent\" data-id=\"0610f96\" data-element_type=\"container\" data-e-type=\"container\">\n\t\t\t\t\t<div class=\"e-con-inner\">\n\t\t\t\t<div class=\"elementor-element elementor-element-d71748f elementor-widget elementor-widget-heading\" data-id=\"d71748f\" data-element_type=\"widget\" data-e-type=\"widget\" data-widget_type=\"heading.default\">\n\t\t\t\t<div class=\"elementor-widget-container\">\n\t\t\t\t\t<h3 class=\"elementor-heading-title elementor-size-default\">Ils en parlent<\/h3>\t\t\t\t<\/div>\n\t\t\t\t<\/div>\n\t\t\t\t\t<\/div>\n\t\t\t\t<\/div>\n\t\t<div class=\"elementor-element elementor-element-f7e1218 e-flex e-con-boxed e-con e-parent\" data-id=\"f7e1218\" data-element_type=\"container\" data-e-type=\"container\">\n\t\t\t\t\t<div class=\"e-con-inner\">\n\t\t<div class=\"elementor-element elementor-element-dcbea66 e-con-full e-flex e-con e-child\" data-id=\"dcbea66\" data-element_type=\"container\" data-e-type=\"container\">\n\t\t\t\t<div class=\"elementor-element elementor-element-8f4b526 elementor-widget elementor-widget-text-editor\" data-id=\"8f4b526\" data-element_type=\"widget\" data-e-type=\"widget\" data-widget_type=\"text-editor.default\">\n\t\t\t\t<div class=\"elementor-widget-container\">\n\t\t\t\t\t\t\t\t\t<p>\u201cC\u2019est fou comme 10 minutes peuvent tout changer. Avant une pr\u00e9sentation importante, j\u2019\u00e9tais dispers\u00e9 \u2014 apr\u00e8s la s\u00e9ance, j\u2019ai retrouv\u00e9 ma concentration et mon calme. R\u00e9sultat : pitch fluide, impact naturel.\u201d<br data-start=\"3136\" data-end=\"3139\" \/>\u2014 <strong data-start=\"3141\" data-end=\"3168\">Philippe, dirigeant PME<\/strong><\/p>\t\t\t\t\t\t\t\t<\/div>\n\t\t\t\t<\/div>\n\t\t\t\t<\/div>\n\t\t<div class=\"elementor-element elementor-element-10b9147 e-con-full e-flex e-con e-child\" data-id=\"10b9147\" data-element_type=\"container\" data-e-type=\"container\">\n\t\t\t\t<div class=\"elementor-element elementor-element-2bc5169 elementor-widget elementor-widget-text-editor\" data-id=\"2bc5169\" data-element_type=\"widget\" data-e-type=\"widget\" data-widget_type=\"text-editor.default\">\n\t\t\t\t<div class=\"elementor-widget-container\">\n\t\t\t\t\t\t\t\t\t<p>\u201cHarmoniQ est devenu mon rituel avant chaque rendez-vous strat\u00e9gique. Un vrai \u2018reset\u2019 en temps r\u00e9el.\u201d<br data-start=\"3273\" data-end=\"3276\" \/>\u2014 <strong data-start=\"3278\" data-end=\"3309\">Sophie, coach &amp; consultante<\/strong><\/p>\t\t\t\t\t\t\t\t<\/div>\n\t\t\t\t<\/div>\n\t\t\t\t<\/div>\n\t\t\t\t\t<\/div>\n\t\t\t\t<\/div>\n\t\t<div class=\"elementor-element elementor-element-23b0521 e-flex e-con-boxed e-con e-parent\" data-id=\"23b0521\" data-element_type=\"container\" data-e-type=\"container\">\n\t\t\t\t\t<div class=\"e-con-inner\">\n\t\t\t\t<div class=\"elementor-element elementor-element-dc2d5a0 elementor-widget elementor-widget-text-editor\" data-id=\"dc2d5a0\" data-element_type=\"widget\" data-e-type=\"widget\" data-widget_type=\"text-editor.default\">\n\t\t\t\t<div class=\"elementor-widget-container\">\n\t\t\t\t\t\t\t\t\t<h3 data-start=\"3349\" data-end=\"3394\">Pr\u00eat \u00e0 transformer la tension en clart\u00e9 ?<\/h3>\n<p data-start=\"3395\" data-end=\"3507\">En dix minutes, retrouvez votre pleine pr\u00e9sence.<br data-start=\"3443\" data-end=\"3446\" \/>Offrez-vous le luxe de la ma\u00eetrise int\u00e9rieure avant l\u2019action.<\/p>\t\t\t\t\t\t\t\t<\/div>\n\t\t\t\t<\/div>\n\t\t\t\t\t<\/div>\n\t\t\t\t<\/div>\n\t\t<div class=\"elementor-element elementor-element-96d0c7d e-flex e-con-boxed e-con e-parent\" data-id=\"96d0c7d\" data-element_type=\"container\" data-e-type=\"container\">\n\t\t\t\t\t<div class=\"e-con-inner\">\n\t\t\t\t<div class=\"elementor-element elementor-element-1c994e5 elementor-widget elementor-widget-button\" data-id=\"1c994e5\" data-element_type=\"widget\" data-e-type=\"widget\" data-widget_type=\"button.default\">\n\t\t\t\t<div class=\"elementor-widget-container\">\n\t\t\t\t\t\t\t\t\t<div class=\"elementor-button-wrapper\">\n\t\t\t\t\t<a class=\"elementor-button elementor-button-link elementor-size-sm\" href=\"https:\/\/calendly.com\/contact-monia-omari\/30min\">\n\t\t\t\t\t\t<span class=\"elementor-button-content-wrapper\">\n\t\t\t\t\t\t\t\t\t<span class=\"elementor-button-text\">R\u00e9server ma s\u00e9ance HarmoniQ maintenant<\/span>\n\t\t\t\t\t<\/span>\n\t\t\t\t\t<\/a>\n\t\t\t\t<\/div>\n\t\t\t\t\t\t\t\t<\/div>\n\t\t\t\t<\/div>\n\t\t\t\t\t<\/div>\n\t\t\t\t<\/div>\n\t\t\t\t<\/div>\n\t\t","protected":false},"excerpt":{"rendered":"<p>HarmoniQ : 10 minutes pour retrouver votre clart\u00e9 avant un moment cl\u00e9. Parce qu\u2019avant chaque rendez-vous important, chaque prise de parole ou d\u00e9cision strat\u00e9gique, votre \u00e9tat int\u00e9rieur d\u00e9termine la qualit\u00e9 de votre impact. HarmoniQ est une exp\u00e9rience de recentrage express \u2014 10 minutes pour aligner votre corps, votre respiration et votre esprit, afin d\u2019agir avec&#8230;<\/p>\n<p class=\"more-link\"><a href=\"https:\/\/zenharmony.fr\/index.php\/harmoniq-zenharmony\/\" class=\"themebutton3\">Read More<\/a><\/p>\n","protected":false},"author":1,"featured_media":2228,"parent":0,"menu_order":0,"comment_status":"closed","ping_status":"closed","template":"","meta":{"_monsterinsights_skip_tracking":false,"_monsterinsights_sitenote_active":false,"_monsterinsights_sitenote_note":"","_monsterinsights_sitenote_category":0,"footnotes":""},"class_list":["post-2048","page","type-page","status-publish","has-post-thumbnail","hentry"],"yoast_head":"<!-- This site is optimized with the Yoast SEO plugin v27.3 - https:\/\/yoast.com\/product\/yoast-seo-wordpress\/ -->\n<title>HarmoniQ \u2014 ZenHarmony - ZenHarmony<\/title>\n<meta name=\"description\" content=\"S\u00e9ance express de recentrage pour dirigeants. En 10 minutes, clarifiez votre esprit avant vos rendez-vous ou d\u00e9cisions importantes.\" \/>\n<meta name=\"robots\" content=\"index, follow, max-snippet:-1, max-image-preview:large, max-video-preview:-1\" \/>\n<link rel=\"canonical\" href=\"https:\/\/zenharmony.fr\/index.php\/harmoniq-zenharmony\/\" \/>\n<meta property=\"og:locale\" content=\"fr_FR\" \/>\n<meta property=\"og:type\" content=\"article\" \/>\n<meta property=\"og:title\" content=\"HarmoniQ \u2014 ZenHarmony - ZenHarmony\" \/>\n<meta property=\"og:description\" content=\"S\u00e9ance express de recentrage pour dirigeants. En 10 minutes, clarifiez votre esprit avant vos rendez-vous ou d\u00e9cisions importantes.\" \/>\n<meta property=\"og:url\" content=\"https:\/\/zenharmony.fr\/index.php\/harmoniq-zenharmony\/\" \/>\n<meta property=\"og:site_name\" content=\"ZenHarmony\" \/>\n<meta property=\"article:modified_time\" content=\"2025-11-18T01:40:48+00:00\" \/>\n<meta property=\"og:image\" content=\"https:\/\/zenharmony.fr\/wp-content\/uploads\/2025\/11\/Logo-HarmoniQ-zENHARMONY.jpg\" \/>\n\t<meta property=\"og:image:width\" content=\"1024\" \/>\n\t<meta property=\"og:image:height\" content=\"443\" \/>\n\t<meta property=\"og:image:type\" content=\"image\/jpeg\" \/>\n<meta name=\"twitter:card\" content=\"summary_large_image\" \/>\n<meta name=\"twitter:label1\" content=\"Dur\u00e9e de lecture estim\u00e9e\" \/>\n\t<meta name=\"twitter:data1\" content=\"3 minutes\" \/>\n<script type=\"application\/ld+json\" class=\"yoast-schema-graph\">{\"@context\":\"https:\\\/\\\/schema.org\",\"@graph\":[{\"@type\":\"WebPage\",\"@id\":\"https:\\\/\\\/zenharmony.fr\\\/index.php\\\/harmoniq-zenharmony\\\/\",\"url\":\"https:\\\/\\\/zenharmony.fr\\\/index.php\\\/harmoniq-zenharmony\\\/\",\"name\":\"HarmoniQ \u2014 ZenHarmony - ZenHarmony\",\"isPartOf\":{\"@id\":\"https:\\\/\\\/zenharmony.fr\\\/#website\"},\"primaryImageOfPage\":{\"@id\":\"https:\\\/\\\/zenharmony.fr\\\/index.php\\\/harmoniq-zenharmony\\\/#primaryimage\"},\"image\":{\"@id\":\"https:\\\/\\\/zenharmony.fr\\\/index.php\\\/harmoniq-zenharmony\\\/#primaryimage\"},\"thumbnailUrl\":\"https:\\\/\\\/i0.wp.com\\\/zenharmony.fr\\\/wp-content\\\/uploads\\\/2025\\\/11\\\/Logo-HarmoniQ-zENHARMONY.jpg?fit=1024%2C443&ssl=1\",\"datePublished\":\"2025-10-30T17:52:00+00:00\",\"dateModified\":\"2025-11-18T01:40:48+00:00\",\"description\":\"S\u00e9ance express de recentrage pour dirigeants. En 10 minutes, clarifiez votre esprit avant vos rendez-vous ou d\u00e9cisions importantes.\",\"breadcrumb\":{\"@id\":\"https:\\\/\\\/zenharmony.fr\\\/index.php\\\/harmoniq-zenharmony\\\/#breadcrumb\"},\"inLanguage\":\"fr-FR\",\"potentialAction\":[{\"@type\":\"ReadAction\",\"target\":[\"https:\\\/\\\/zenharmony.fr\\\/index.php\\\/harmoniq-zenharmony\\\/\"]}]},{\"@type\":\"ImageObject\",\"inLanguage\":\"fr-FR\",\"@id\":\"https:\\\/\\\/zenharmony.fr\\\/index.php\\\/harmoniq-zenharmony\\\/#primaryimage\",\"url\":\"https:\\\/\\\/i0.wp.com\\\/zenharmony.fr\\\/wp-content\\\/uploads\\\/2025\\\/11\\\/Logo-HarmoniQ-zENHARMONY.jpg?fit=1024%2C443&ssl=1\",\"contentUrl\":\"https:\\\/\\\/i0.wp.com\\\/zenharmony.fr\\\/wp-content\\\/uploads\\\/2025\\\/11\\\/Logo-HarmoniQ-zENHARMONY.jpg?fit=1024%2C443&ssl=1\",\"width\":1024,\"height\":443},{\"@type\":\"BreadcrumbList\",\"@id\":\"https:\\\/\\\/zenharmony.fr\\\/index.php\\\/harmoniq-zenharmony\\\/#breadcrumb\",\"itemListElement\":[{\"@type\":\"ListItem\",\"position\":1,\"name\":\"Accueil\",\"item\":\"https:\\\/\\\/zenharmony.fr\\\/\"},{\"@type\":\"ListItem\",\"position\":2,\"name\":\"HarmoniQ \u2014 ZenHarmony\"}]},{\"@type\":\"WebSite\",\"@id\":\"https:\\\/\\\/zenharmony.fr\\\/#website\",\"url\":\"https:\\\/\\\/zenharmony.fr\\\/\",\"name\":\"ZenHarmony\",\"description\":\"Sortir du mode pilote automatique\",\"publisher\":{\"@id\":\"https:\\\/\\\/zenharmony.fr\\\/#organization\"},\"potentialAction\":[{\"@type\":\"SearchAction\",\"target\":{\"@type\":\"EntryPoint\",\"urlTemplate\":\"https:\\\/\\\/zenharmony.fr\\\/?s={search_term_string}\"},\"query-input\":{\"@type\":\"PropertyValueSpecification\",\"valueRequired\":true,\"valueName\":\"search_term_string\"}}],\"inLanguage\":\"fr-FR\"},{\"@type\":\"Organization\",\"@id\":\"https:\\\/\\\/zenharmony.fr\\\/#organization\",\"name\":\"ZenHarmony\",\"url\":\"https:\\\/\\\/zenharmony.fr\\\/\",\"logo\":{\"@type\":\"ImageObject\",\"inLanguage\":\"fr-FR\",\"@id\":\"https:\\\/\\\/zenharmony.fr\\\/#\\\/schema\\\/logo\\\/image\\\/\",\"url\":\"https:\\\/\\\/i0.wp.com\\\/zenharmony.fr\\\/wp-content\\\/uploads\\\/2025\\\/11\\\/logo-zenharmony-sans-fond.png?fit=561%2C346&ssl=1\",\"contentUrl\":\"https:\\\/\\\/i0.wp.com\\\/zenharmony.fr\\\/wp-content\\\/uploads\\\/2025\\\/11\\\/logo-zenharmony-sans-fond.png?fit=561%2C346&ssl=1\",\"width\":561,\"height\":346,\"caption\":\"ZenHarmony\"},\"image\":{\"@id\":\"https:\\\/\\\/zenharmony.fr\\\/#\\\/schema\\\/logo\\\/image\\\/\"}}]}<\/script>\n<!-- \/ Yoast SEO plugin. -->","yoast_head_json":{"title":"HarmoniQ \u2014 ZenHarmony - ZenHarmony","description":"S\u00e9ance express de recentrage pour dirigeants. En 10 minutes, clarifiez votre esprit avant vos rendez-vous ou d\u00e9cisions importantes.","robots":{"index":"index","follow":"follow","max-snippet":"max-snippet:-1","max-image-preview":"max-image-preview:large","max-video-preview":"max-video-preview:-1"},"canonical":"https:\/\/zenharmony.fr\/index.php\/harmoniq-zenharmony\/","og_locale":"fr_FR","og_type":"article","og_title":"HarmoniQ \u2014 ZenHarmony - ZenHarmony","og_description":"S\u00e9ance express de recentrage pour dirigeants. En 10 minutes, clarifiez votre esprit avant vos rendez-vous ou d\u00e9cisions importantes.","og_url":"https:\/\/zenharmony.fr\/index.php\/harmoniq-zenharmony\/","og_site_name":"ZenHarmony","article_modified_time":"2025-11-18T01:40:48+00:00","og_image":[{"width":1024,"height":443,"url":"https:\/\/zenharmony.fr\/wp-content\/uploads\/2025\/11\/Logo-HarmoniQ-zENHARMONY.jpg","type":"image\/jpeg"}],"twitter_card":"summary_large_image","twitter_misc":{"Dur\u00e9e de lecture estim\u00e9e":"3 minutes"},"schema":{"@context":"https:\/\/schema.org","@graph":[{"@type":"WebPage","@id":"https:\/\/zenharmony.fr\/index.php\/harmoniq-zenharmony\/","url":"https:\/\/zenharmony.fr\/index.php\/harmoniq-zenharmony\/","name":"HarmoniQ \u2014 ZenHarmony - ZenHarmony","isPartOf":{"@id":"https:\/\/zenharmony.fr\/#website"},"primaryImageOfPage":{"@id":"https:\/\/zenharmony.fr\/index.php\/harmoniq-zenharmony\/#primaryimage"},"image":{"@id":"https:\/\/zenharmony.fr\/index.php\/harmoniq-zenharmony\/#primaryimage"},"thumbnailUrl":"https:\/\/i0.wp.com\/zenharmony.fr\/wp-content\/uploads\/2025\/11\/Logo-HarmoniQ-zENHARMONY.jpg?fit=1024%2C443&ssl=1","datePublished":"2025-10-30T17:52:00+00:00","dateModified":"2025-11-18T01:40:48+00:00","description":"S\u00e9ance express de recentrage pour dirigeants. En 10 minutes, clarifiez votre esprit avant vos rendez-vous ou d\u00e9cisions importantes.","breadcrumb":{"@id":"https:\/\/zenharmony.fr\/index.php\/harmoniq-zenharmony\/#breadcrumb"},"inLanguage":"fr-FR","potentialAction":[{"@type":"ReadAction","target":["https:\/\/zenharmony.fr\/index.php\/harmoniq-zenharmony\/"]}]},{"@type":"ImageObject","inLanguage":"fr-FR","@id":"https:\/\/zenharmony.fr\/index.php\/harmoniq-zenharmony\/#primaryimage","url":"https:\/\/i0.wp.com\/zenharmony.fr\/wp-content\/uploads\/2025\/11\/Logo-HarmoniQ-zENHARMONY.jpg?fit=1024%2C443&ssl=1","contentUrl":"https:\/\/i0.wp.com\/zenharmony.fr\/wp-content\/uploads\/2025\/11\/Logo-HarmoniQ-zENHARMONY.jpg?fit=1024%2C443&ssl=1","width":1024,"height":443},{"@type":"BreadcrumbList","@id":"https:\/\/zenharmony.fr\/index.php\/harmoniq-zenharmony\/#breadcrumb","itemListElement":[{"@type":"ListItem","position":1,"name":"Accueil","item":"https:\/\/zenharmony.fr\/"},{"@type":"ListItem","position":2,"name":"HarmoniQ \u2014 ZenHarmony"}]},{"@type":"WebSite","@id":"https:\/\/zenharmony.fr\/#website","url":"https:\/\/zenharmony.fr\/","name":"ZenHarmony","description":"Sortir du mode pilote automatique","publisher":{"@id":"https:\/\/zenharmony.fr\/#organization"},"potentialAction":[{"@type":"SearchAction","target":{"@type":"EntryPoint","urlTemplate":"https:\/\/zenharmony.fr\/?s={search_term_string}"},"query-input":{"@type":"PropertyValueSpecification","valueRequired":true,"valueName":"search_term_string"}}],"inLanguage":"fr-FR"},{"@type":"Organization","@id":"https:\/\/zenharmony.fr\/#organization","name":"ZenHarmony","url":"https:\/\/zenharmony.fr\/","logo":{"@type":"ImageObject","inLanguage":"fr-FR","@id":"https:\/\/zenharmony.fr\/#\/schema\/logo\/image\/","url":"https:\/\/i0.wp.com\/zenharmony.fr\/wp-content\/uploads\/2025\/11\/logo-zenharmony-sans-fond.png?fit=561%2C346&ssl=1","contentUrl":"https:\/\/i0.wp.com\/zenharmony.fr\/wp-content\/uploads\/2025\/11\/logo-zenharmony-sans-fond.png?fit=561%2C346&ssl=1","width":561,"height":346,"caption":"ZenHarmony"},"image":{"@id":"https:\/\/zenharmony.fr\/#\/schema\/logo\/image\/"}}]}},"jetpack_sharing_enabled":true,"_links":{"self":[{"href":"https:\/\/zenharmony.fr\/index.php\/wp-json\/wp\/v2\/pages\/2048","targetHints":{"allow":["GET"]}}],"collection":[{"href":"https:\/\/zenharmony.fr\/index.php\/wp-json\/wp\/v2\/pages"}],"about":[{"href":"https:\/\/zenharmony.fr\/index.php\/wp-json\/wp\/v2\/types\/page"}],"author":[{"embeddable":true,"href":"https:\/\/zenharmony.fr\/index.php\/wp-json\/wp\/v2\/users\/1"}],"replies":[{"embeddable":true,"href":"https:\/\/zenharmony.fr\/index.php\/wp-json\/wp\/v2\/comments?post=2048"}],"version-history":[{"count":20,"href":"https:\/\/zenharmony.fr\/index.php\/wp-json\/wp\/v2\/pages\/2048\/revisions"}],"predecessor-version":[{"id":2535,"href":"https:\/\/zenharmony.fr\/index.php\/wp-json\/wp\/v2\/pages\/2048\/revisions\/2535"}],"wp:featuredmedia":[{"embeddable":true,"href":"https:\/\/zenharmony.fr\/index.php\/wp-json\/wp\/v2\/media\/2228"}],"wp:attachment":[{"href":"https:\/\/zenharmony.fr\/index.php\/wp-json\/wp\/v2\/media?parent=2048"}],"curies":[{"name":"wp","href":"https:\/\/api.w.org\/{rel}","templated":true}]}}