{"id":2140,"date":"2025-10-30T23:14:26","date_gmt":"2025-10-30T22:14:26","guid":{"rendered":"https:\/\/zenharmony.fr\/?page_id=2140"},"modified":"2025-10-30T23:50:29","modified_gmt":"2025-10-30T22:50:29","slug":"a-propos-de-zenharmony","status":"publish","type":"page","link":"https:\/\/zenharmony.fr\/index.php\/a-propos-de-zenharmony\/","title":{"rendered":"\u00c0 propos de ZenHarmony"},"content":{"rendered":"\t\t<div data-elementor-type=\"wp-page\" data-elementor-id=\"2140\" class=\"elementor elementor-2140\">\n\t\t\t\t<div class=\"elementor-element elementor-element-342510c e-flex e-con-boxed e-con e-parent\" data-id=\"342510c\" data-element_type=\"container\" data-e-type=\"container\">\n\t\t\t\t\t<div class=\"e-con-inner\">\n\t\t\t\t<div class=\"elementor-element elementor-element-df09722 elementor-widget elementor-widget-heading\" data-id=\"df09722\" data-element_type=\"widget\" data-e-type=\"widget\" data-widget_type=\"heading.default\">\n\t\t\t\t<div class=\"elementor-widget-container\">\n\t\t\t\t\t<h1 class=\"elementor-heading-title elementor-size-default\">Reprendre le gouvernail de sa vie, avec clart\u00e9, ma\u00eetrise et harmonie.<\/h1>\t\t\t\t<\/div>\n\t\t\t\t<\/div>\n\t\t\t\t\t<\/div>\n\t\t\t\t<\/div>\n\t\t<div class=\"elementor-element elementor-element-f441172 e-flex e-con-boxed e-con e-parent\" data-id=\"f441172\" data-element_type=\"container\" data-e-type=\"container\">\n\t\t\t\t\t<div class=\"e-con-inner\">\n\t\t\t\t<div class=\"elementor-element elementor-element-2a2e46c elementor-widget elementor-widget-text-editor\" data-id=\"2a2e46c\" data-element_type=\"widget\" data-e-type=\"widget\" data-widget_type=\"text-editor.default\">\n\t\t\t\t<div class=\"elementor-widget-container\">\n\t\t\t\t\t\t\t\t\t<p data-start=\"389\" data-end=\"597\">Chaque jour, nos pens\u00e9es, obligations et automatismes nous entra\u00eenent dans un <strong data-start=\"467\" data-end=\"488\">rythme hypnotique<\/strong>.<br data-start=\"489\" data-end=\"492\" \/>ZenHarmony vous invite \u00e0 en sortir \u2014 \u00e0 <strong data-start=\"531\" data-end=\"594\">ralentir, respirer et redevenir acteur de votre trajectoire<\/strong>.<\/p><p data-start=\"599\" data-end=\"697\">Ici, la transformation n\u2019est pas un concept.<br data-start=\"643\" data-end=\"646\" \/>C\u2019est une exp\u00e9rience v\u00e9cue, structur\u00e9e et incarn\u00e9e.<\/p>\t\t\t\t\t\t\t\t<\/div>\n\t\t\t\t<\/div>\n\t\t\t\t\t<\/div>\n\t\t\t\t<\/div>\n\t\t<div class=\"elementor-element elementor-element-7a9162b e-flex e-con-boxed e-con e-parent\" data-id=\"7a9162b\" data-element_type=\"container\" data-e-type=\"container\">\n\t\t\t\t\t<div class=\"e-con-inner\">\n\t\t\t\t<div class=\"elementor-element elementor-element-7c307a6 elementor-widget elementor-widget-text-editor\" data-id=\"7c307a6\" data-element_type=\"widget\" data-e-type=\"widget\" data-widget_type=\"text-editor.default\">\n\t\t\t\t<div class=\"elementor-widget-container\">\n\t\t\t\t\t\t\t\t\t<p data-start=\"725\" data-end=\"927\">ZenHarmony s\u2019adresse \u00e0 celles et ceux qui ont compris qu\u2019ils sont <strong data-start=\"791\" data-end=\"819\">responsables de leur vie<\/strong> \u2014 et qui souhaitent retrouver un \u00e9quilibre entre <strong data-start=\"869\" data-end=\"892\">lucidit\u00e9 int\u00e9rieure<\/strong> et <strong data-start=\"896\" data-end=\"924\">efficacit\u00e9 dans l\u2019action<\/strong>.<\/p><p data-start=\"929\" data-end=\"976\"><strong data-start=\"929\" data-end=\"974\">3 piliers guident chaque accompagnement :<\/strong><\/p><ul data-start=\"977\" data-end=\"1246\"><li data-start=\"977\" data-end=\"1064\"><p data-start=\"979\" data-end=\"1064\"><strong data-start=\"982\" data-end=\"992\">Clart\u00e9<\/strong> \u2014 Comprendre ses sch\u00e9mas, apaiser le mental et choisir en conscience.<\/p><\/li><li data-start=\"1065\" data-end=\"1157\"><p data-start=\"1067\" data-end=\"1157\"><strong data-start=\"1070\" data-end=\"1082\">Harmonie<\/strong> \u2014 Aligner le corps, l\u2019\u00e9nergie et les \u00e9motions pour agir sans dispersion.<\/p><\/li><li data-start=\"1158\" data-end=\"1246\"><p data-start=\"1160\" data-end=\"1246\"><strong data-start=\"1163\" data-end=\"1175\">Ma\u00eetrise<\/strong> \u2014 Transformer la conscience en action juste, coh\u00e9rente et puissante.<\/p><\/li><\/ul>\t\t\t\t\t\t\t\t<\/div>\n\t\t\t\t<\/div>\n\t\t\t\t\t<\/div>\n\t\t\t\t<\/div>\n\t\t<div class=\"elementor-element elementor-element-9534c03 e-flex e-con-boxed e-con e-parent\" data-id=\"9534c03\" data-element_type=\"container\" data-e-type=\"container\">\n\t\t\t\t\t<div class=\"e-con-inner\">\n\t\t\t\t<div class=\"elementor-element elementor-element-f34b172 elementor-widget elementor-widget-heading\" data-id=\"f34b172\" data-element_type=\"widget\" data-e-type=\"widget\" data-widget_type=\"heading.default\">\n\t\t\t\t<div class=\"elementor-widget-container\">\n\t\t\t\t\t<h2 class=\"elementor-heading-title elementor-size-default\">\u00c0 propos de Monia Omari<\/h2>\t\t\t\t<\/div>\n\t\t\t\t<\/div>\n\t\t\t\t\t<\/div>\n\t\t\t\t<\/div>\n\t\t<div class=\"elementor-element elementor-element-07d0efe e-flex e-con-boxed e-con e-parent\" data-id=\"07d0efe\" data-element_type=\"container\" data-e-type=\"container\">\n\t\t\t\t\t<div class=\"e-con-inner\">\n\t\t<div class=\"elementor-element elementor-element-37ad216 e-con-full e-flex e-con e-child\" data-id=\"37ad216\" data-element_type=\"container\" data-e-type=\"container\">\n\t\t\t\t<div class=\"elementor-element elementor-element-526f85d elementor-widget__width-initial elementor-widget elementor-widget-image\" data-id=\"526f85d\" data-element_type=\"widget\" data-e-type=\"widget\" data-widget_type=\"image.default\">\n\t\t\t\t<div class=\"elementor-widget-container\">\n\t\t\t\t\t\t\t\t\t\t\t\t\t\t\t<img fetchpriority=\"high\" decoding=\"async\" width=\"531\" height=\"531\" src=\"https:\/\/i0.wp.com\/zenharmony.fr\/wp-content\/uploads\/2025\/10\/Monia-Omari-1.jpg?fit=531%2C531&amp;ssl=1\" class=\"attachment-large size-large wp-image-2147\" alt=\"\" srcset=\"https:\/\/i0.wp.com\/zenharmony.fr\/wp-content\/uploads\/2025\/10\/Monia-Omari-1.jpg?w=531&amp;ssl=1 531w, https:\/\/i0.wp.com\/zenharmony.fr\/wp-content\/uploads\/2025\/10\/Monia-Omari-1.jpg?resize=300%2C300&amp;ssl=1 300w, https:\/\/i0.wp.com\/zenharmony.fr\/wp-content\/uploads\/2025\/10\/Monia-Omari-1.jpg?resize=150%2C150&amp;ssl=1 150w, https:\/\/i0.wp.com\/zenharmony.fr\/wp-content\/uploads\/2025\/10\/Monia-Omari-1.jpg?resize=100%2C100&amp;ssl=1 100w\" sizes=\"(max-width: 531px) 100vw, 531px\" \/>\t\t\t\t\t\t\t\t\t\t\t\t\t\t\t<\/div>\n\t\t\t\t<\/div>\n\t\t\t\t<\/div>\n\t\t\t\t<div class=\"elementor-element elementor-element-b83c7bf elementor-widget elementor-widget-text-editor\" data-id=\"b83c7bf\" data-element_type=\"widget\" data-e-type=\"widget\" data-widget_type=\"text-editor.default\">\n\t\t\t\t<div class=\"elementor-widget-container\">\n\t\t\t\t\t\t\t\t\t<p data-start=\"1563\" data-end=\"1603\">\u00a0<\/p><p data-start=\"1563\" data-end=\"1603\"><strong>Une approche unique et int\u00e9grative<\/strong><\/p><ul data-start=\"1604\" data-end=\"1978\"><li data-start=\"1604\" data-end=\"1698\"><p data-start=\"1606\" data-end=\"1698\"><strong data-start=\"1609\" data-end=\"1635\">Coaching premium &amp; PNL<\/strong> : pour clarifier, structurer, activer le passage \u00e0 l\u2019action.<\/p><\/li><li data-start=\"1699\" data-end=\"1789\"><p data-start=\"1701\" data-end=\"1789\"><strong data-start=\"1704\" data-end=\"1734\">Human Design &amp; Num\u00e9rologie<\/strong> : pour r\u00e9v\u00e9ler votre mode de fonctionnement naturel.<\/p><\/li><li data-start=\"1790\" data-end=\"1890\"><p data-start=\"1792\" data-end=\"1890\"><strong data-start=\"1795\" data-end=\"1832\">M\u00e9decine chinoise, Yoga &amp; \u00c9nergie<\/strong> : pour r\u00e9\u00e9quilibrer le corps, les \u00e9motions et l\u2019esprit.<\/p><\/li><li data-start=\"1891\" data-end=\"1978\"><p data-start=\"1893\" data-end=\"1978\"><strong data-start=\"1896\" data-end=\"1918\">Vision int\u00e9grative<\/strong> : rigueur, intuition et pragmatisme au service du vivant.<\/p><\/li><\/ul>\t\t\t\t\t\t\t\t<\/div>\n\t\t\t\t<\/div>\n\t\t<div class=\"elementor-element elementor-element-7038bdc e-con-full e-flex e-con e-child\" data-id=\"7038bdc\" data-element_type=\"container\" data-e-type=\"container\">\n\t\t\t\t<div class=\"elementor-element elementor-element-ae8ba65 elementor-widget elementor-widget-text-editor\" data-id=\"ae8ba65\" data-element_type=\"widget\" data-e-type=\"widget\" data-widget_type=\"text-editor.default\">\n\t\t\t\t<div class=\"elementor-widget-container\">\n\t\t\t\t\t\t\t\t\t<p><strong data-start=\"1278\" data-end=\"1306\">Fondatrice de ZenHarmony<\/strong>, Monia OMARI est coach certifi\u00e9e, ma\u00eetre de Hatha Yoga, praticienne en m\u00e9decine traditionnelle chinoise et en Feng Shui.<br data-start=\"1407\" data-end=\"1410\" \/>Depuis plus de 18 ans, elle accompagne dirigeants, entrepreneurs et particuliers dans leur <strong data-start=\"1501\" data-end=\"1558\">transformation int\u00e9rieure et leur r\u00e9ussite consciente<\/strong>.<\/p>\t\t\t\t\t\t\t\t<\/div>\n\t\t\t\t<\/div>\n\t\t\t\t<\/div>\n\t\t\t\t\t<\/div>\n\t\t\t\t<\/div>\n\t\t<div class=\"elementor-element elementor-element-8025b27 e-flex e-con-boxed e-con e-parent\" data-id=\"8025b27\" data-element_type=\"container\" data-e-type=\"container\">\n\t\t\t\t\t<div class=\"e-con-inner\">\n\t\t\t\t<div class=\"elementor-element elementor-element-027a167 elementor-widget elementor-widget-heading\" data-id=\"027a167\" data-element_type=\"widget\" data-e-type=\"widget\" data-widget_type=\"heading.default\">\n\t\t\t\t<div class=\"elementor-widget-container\">\n\t\t\t\t\t<h2 class=\"elementor-heading-title elementor-size-default\">Une approche au service des leaders conscients<\/h2>\t\t\t\t<\/div>\n\t\t\t\t<\/div>\n\t\t\t\t<div class=\"elementor-element elementor-element-b9d232e elementor-widget elementor-widget-text-editor\" data-id=\"b9d232e\" data-element_type=\"widget\" data-e-type=\"widget\" data-widget_type=\"text-editor.default\">\n\t\t\t\t<div class=\"elementor-widget-container\">\n\t\t\t\t\t\t\t\t\t<p data-start=\"1278\" data-end=\"1561\"><strong data-start=\"1278\" data-end=\"1306\">Fondatrice de ZenHarmony<\/strong>, Monia OMARI est coach certifi\u00e9e, ma\u00eetre de Hatha Yoga et praticienne en m\u00e9decine traditionnelle chinoise et en Feng Shui.<br data-start=\"1407\" data-end=\"1410\" \/>Depuis plus de 18 ans, elle accompagne dirigeants, entrepreneurs et particuliers dans leur <strong data-start=\"1501\" data-end=\"1558\">transformation int\u00e9rieure et leur r\u00e9ussite consciente<\/strong>.<\/p><h3 data-start=\"1563\" data-end=\"1603\">Une approche unique et int\u00e9grative<\/h3><ul data-start=\"1604\" data-end=\"1978\"><li data-start=\"1604\" data-end=\"1698\"><p data-start=\"1606\" data-end=\"1698\"><strong data-start=\"1609\" data-end=\"1635\">Coaching premium &amp; PNL<\/strong> : pour clarifier, structurer, activer le passage \u00e0 l\u2019action.<\/p><\/li><li data-start=\"1699\" data-end=\"1789\"><p data-start=\"1701\" data-end=\"1789\"><strong data-start=\"1704\" data-end=\"1734\">Human Design &amp; Num\u00e9rologie<\/strong> : pour r\u00e9v\u00e9ler votre mode de fonctionnement naturel.<\/p><\/li><li data-start=\"1790\" data-end=\"1890\"><p data-start=\"1792\" data-end=\"1890\"><strong data-start=\"1795\" data-end=\"1832\">M\u00e9decine chinoise, Yoga &amp; \u00c9nergie<\/strong> : pour r\u00e9\u00e9quilibrer le corps, les \u00e9motions et l\u2019esprit.<\/p><\/li><li data-start=\"1891\" data-end=\"1978\"><p data-start=\"1893\" data-end=\"1978\"><strong data-start=\"1896\" data-end=\"1918\">Vision int\u00e9grative<\/strong> : rigueur, intuition et pragmatisme au service du vivant.<\/p><\/li><\/ul><p>Elle r\u00e9unit structure et subtilit\u00e9, puissance et douceur, r\u00e9flexion et ressenti \u2014 pour guider chacun vers sa propre harmonie int\u00e9rieure.<\/p>\t\t\t\t\t\t\t\t<\/div>\n\t\t\t\t<\/div>\n\t\t\t\t\t<\/div>\n\t\t\t\t<\/div>\n\t\t<div class=\"elementor-element elementor-element-db7c240 e-flex e-con-boxed e-con e-parent\" data-id=\"db7c240\" data-element_type=\"container\" data-e-type=\"container\">\n\t\t\t\t\t<div class=\"e-con-inner\">\n\t\t\t\t<div class=\"elementor-element elementor-element-d206d58 elementor-widget elementor-widget-text-editor\" data-id=\"d206d58\" data-element_type=\"widget\" data-e-type=\"widget\" data-widget_type=\"text-editor.default\">\n\t\t\t\t<div class=\"elementor-widget-container\">\n\t\t\t\t\t\t\t\t\t<p data-start=\"2181\" data-end=\"2206\">ZenHarmony accompagne :<\/p><ul data-start=\"2207\" data-end=\"2464\"><li data-start=\"2207\" data-end=\"2297\"><p data-start=\"2209\" data-end=\"2297\">Les <strong data-start=\"2213\" data-end=\"2227\">dirigeants<\/strong> et <strong data-start=\"2231\" data-end=\"2248\">entrepreneurs<\/strong> en qu\u00eate d\u2019alignement et d\u2019efficacit\u00e9 sereine.<\/p><\/li><li data-start=\"2298\" data-end=\"2376\"><p data-start=\"2300\" data-end=\"2376\">Les <strong data-start=\"2304\" data-end=\"2315\">\u00e9quipes<\/strong> souhaitant renforcer coh\u00e9sion, clart\u00e9 et impact collectif.<\/p><\/li><li data-start=\"2377\" data-end=\"2464\"><p data-start=\"2379\" data-end=\"2464\">Les <strong data-start=\"2383\" data-end=\"2396\">individus<\/strong> d\u00e9sireux de reprendre le contr\u00f4le de leur vie et de leur \u00e9nergie.<\/p><\/li><\/ul><p data-start=\"2466\" data-end=\"2552\">Chaque accompagnement est <strong data-start=\"2492\" data-end=\"2506\">sur mesure<\/strong>, alliant structure, profondeur et efficacit\u00e9.<\/p>\t\t\t\t\t\t\t\t<\/div>\n\t\t\t\t<\/div>\n\t\t\t\t<div class=\"elementor-element elementor-element-8e710fa elementor-widget elementor-widget-spacer\" data-id=\"8e710fa\" data-element_type=\"widget\" data-e-type=\"widget\" data-widget_type=\"spacer.default\">\n\t\t\t\t<div class=\"elementor-widget-container\">\n\t\t\t\t\t\t\t<div class=\"elementor-spacer\">\n\t\t\t<div class=\"elementor-spacer-inner\"><\/div>\n\t\t<\/div>\n\t\t\t\t\t\t<\/div>\n\t\t\t\t<\/div>\n\t\t\t\t\t<\/div>\n\t\t\t\t<\/div>\n\t\t<div class=\"elementor-element elementor-element-922e36c e-flex e-con-boxed e-con e-parent\" data-id=\"922e36c\" data-element_type=\"container\" data-e-type=\"container\">\n\t\t\t\t\t<div class=\"e-con-inner\">\n\t\t\t\t<div class=\"elementor-element elementor-element-e9bf7cc elementor-widget elementor-widget-heading\" data-id=\"e9bf7cc\" data-element_type=\"widget\" data-e-type=\"widget\" data-widget_type=\"heading.default\">\n\t\t\t\t<div class=\"elementor-widget-container\">\n\t\t\t\t\t<h2 class=\"elementor-heading-title elementor-size-default\">Pr\u00eat(e) \u00e0 reprendre le gouvernail ?<\/h2>\t\t\t\t<\/div>\n\t\t\t\t<\/div>\n\t\t\t\t\t<\/div>\n\t\t\t\t<\/div>\n\t\t<div class=\"elementor-element elementor-element-c173b37 e-flex e-con-boxed e-con e-parent\" data-id=\"c173b37\" data-element_type=\"container\" data-e-type=\"container\">\n\t\t\t\t\t<div class=\"e-con-inner\">\n\t\t\t\t<div class=\"elementor-element elementor-element-f683a14 elementor-widget elementor-widget-text-editor\" data-id=\"f683a14\" data-element_type=\"widget\" data-e-type=\"widget\" data-widget_type=\"text-editor.default\">\n\t\t\t\t<div class=\"elementor-widget-container\">\n\t\t\t\t\t\t\t\t\t<p>Le changement commence par un instant de clart\u00e9.<br data-start=\"2651\" data-end=\"2654\">Offrez-vous cet espace !&nbsp;<\/p>\t\t\t\t\t\t\t\t<\/div>\n\t\t\t\t<\/div>\n\t\t\t\t\t<\/div>\n\t\t\t\t<\/div>\n\t\t<div class=\"elementor-element elementor-element-748971b e-flex e-con-boxed e-con e-parent\" data-id=\"748971b\" data-element_type=\"container\" data-e-type=\"container\">\n\t\t\t\t\t<div class=\"e-con-inner\">\n\t\t\t\t<div class=\"elementor-element elementor-element-34980e3 elementor-widget elementor-widget-button\" data-id=\"34980e3\" data-element_type=\"widget\" data-e-type=\"widget\" data-widget_type=\"button.default\">\n\t\t\t\t<div class=\"elementor-widget-container\">\n\t\t\t\t\t\t\t\t\t<div class=\"elementor-button-wrapper\">\n\t\t\t\t\t<a class=\"elementor-button elementor-button-link elementor-size-sm\" href=\"https:\/\/calendly.com\/contact-monia-omari\/30min\">\n\t\t\t\t\t\t<span class=\"elementor-button-content-wrapper\">\n\t\t\t\t\t\t\t\t\t<span class=\"elementor-button-text\">R\u00e9servez un appel d\u00e9couverte ZenHarmony<\/span>\n\t\t\t\t\t<\/span>\n\t\t\t\t\t<\/a>\n\t\t\t\t<\/div>\n\t\t\t\t\t\t\t\t<\/div>\n\t\t\t\t<\/div>\n\t\t\t\t\t<\/div>\n\t\t\t\t<\/div>\n\t\t\t\t<\/div>\n\t\t","protected":false},"excerpt":{"rendered":"<p>Reprendre le gouvernail de sa vie, avec clart\u00e9, ma\u00eetrise et harmonie. Chaque jour, nos pens\u00e9es, obligations et automatismes nous entra\u00eenent dans un rythme hypnotique.ZenHarmony vous invite \u00e0 en sortir \u2014 \u00e0 ralentir, respirer et redevenir acteur de votre trajectoire. Ici, la transformation n\u2019est pas un concept.C\u2019est une exp\u00e9rience v\u00e9cue, structur\u00e9e et incarn\u00e9e. ZenHarmony s\u2019adresse \u00e0&#8230;<\/p>\n<p class=\"more-link\"><a href=\"https:\/\/zenharmony.fr\/index.php\/a-propos-de-zenharmony\/\" class=\"themebutton3\">Read More<\/a><\/p>\n","protected":false},"author":1,"featured_media":2235,"parent":0,"menu_order":0,"comment_status":"closed","ping_status":"closed","template":"","meta":{"_monsterinsights_skip_tracking":false,"_monsterinsights_sitenote_active":false,"_monsterinsights_sitenote_note":"","_monsterinsights_sitenote_category":0,"footnotes":""},"class_list":["post-2140","page","type-page","status-publish","has-post-thumbnail","hentry"],"yoast_head":"<!-- This site is optimized with the Yoast SEO plugin v27.3 - https:\/\/yoast.com\/product\/yoast-seo-wordpress\/ -->\n<title>Pour une r\u00e9ussite align\u00e9e<\/title>\n<meta name=\"description\" content=\"Monia OMARI, accompagne dirigeants et entrepreneurs dans leur transformation consciente. Coaching premium, clart\u00e9 d\u2019esprit et harmonie int\u00e9rieure.\" \/>\n<meta name=\"robots\" content=\"index, follow, max-snippet:-1, max-image-preview:large, max-video-preview:-1\" \/>\n<link rel=\"canonical\" href=\"https:\/\/zenharmony.fr\/index.php\/a-propos-de-zenharmony\/\" \/>\n<meta property=\"og:locale\" content=\"fr_FR\" \/>\n<meta property=\"og:type\" content=\"article\" \/>\n<meta property=\"og:title\" content=\"Pour une r\u00e9ussite align\u00e9e\" \/>\n<meta property=\"og:description\" content=\"Monia OMARI, accompagne dirigeants et entrepreneurs dans leur transformation consciente. Coaching premium, clart\u00e9 d\u2019esprit et harmonie int\u00e9rieure.\" \/>\n<meta property=\"og:url\" content=\"https:\/\/zenharmony.fr\/index.php\/a-propos-de-zenharmony\/\" \/>\n<meta property=\"og:site_name\" content=\"ZenHarmony\" \/>\n<meta property=\"article:modified_time\" content=\"2025-10-30T22:50:29+00:00\" \/>\n<meta property=\"og:image\" content=\"https:\/\/zenharmony.fr\/wp-content\/uploads\/2025\/10\/Monia-Omari-1.jpg\" \/>\n<meta name=\"twitter:card\" content=\"summary_large_image\" \/>\n<meta name=\"twitter:label1\" content=\"Dur\u00e9e de lecture estim\u00e9e\" \/>\n\t<meta name=\"twitter:data1\" content=\"3 minutes\" \/>\n<script type=\"application\/ld+json\" class=\"yoast-schema-graph\">{\"@context\":\"https:\\\/\\\/schema.org\",\"@graph\":[{\"@type\":\"WebPage\",\"@id\":\"https:\\\/\\\/zenharmony.fr\\\/index.php\\\/a-propos-de-zenharmony\\\/\",\"url\":\"https:\\\/\\\/zenharmony.fr\\\/index.php\\\/a-propos-de-zenharmony\\\/\",\"name\":\"Pour une r\u00e9ussite align\u00e9e\",\"isPartOf\":{\"@id\":\"https:\\\/\\\/zenharmony.fr\\\/#website\"},\"primaryImageOfPage\":{\"@id\":\"https:\\\/\\\/zenharmony.fr\\\/index.php\\\/a-propos-de-zenharmony\\\/#primaryimage\"},\"image\":{\"@id\":\"https:\\\/\\\/zenharmony.fr\\\/index.php\\\/a-propos-de-zenharmony\\\/#primaryimage\"},\"thumbnailUrl\":\"https:\\\/\\\/i0.wp.com\\\/zenharmony.fr\\\/wp-content\\\/uploads\\\/2025\\\/11\\\/cropped-logo-zenharmony.jpg?fit=561%2C284&ssl=1\",\"datePublished\":\"2025-10-30T22:14:26+00:00\",\"dateModified\":\"2025-10-30T22:50:29+00:00\",\"description\":\"Monia OMARI, accompagne dirigeants et entrepreneurs dans leur transformation consciente. Coaching premium, clart\u00e9 d\u2019esprit et harmonie int\u00e9rieure.\",\"breadcrumb\":{\"@id\":\"https:\\\/\\\/zenharmony.fr\\\/index.php\\\/a-propos-de-zenharmony\\\/#breadcrumb\"},\"inLanguage\":\"fr-FR\",\"potentialAction\":[{\"@type\":\"ReadAction\",\"target\":[\"https:\\\/\\\/zenharmony.fr\\\/index.php\\\/a-propos-de-zenharmony\\\/\"]}]},{\"@type\":\"ImageObject\",\"inLanguage\":\"fr-FR\",\"@id\":\"https:\\\/\\\/zenharmony.fr\\\/index.php\\\/a-propos-de-zenharmony\\\/#primaryimage\",\"url\":\"https:\\\/\\\/i0.wp.com\\\/zenharmony.fr\\\/wp-content\\\/uploads\\\/2025\\\/11\\\/cropped-logo-zenharmony.jpg?fit=561%2C284&ssl=1\",\"contentUrl\":\"https:\\\/\\\/i0.wp.com\\\/zenharmony.fr\\\/wp-content\\\/uploads\\\/2025\\\/11\\\/cropped-logo-zenharmony.jpg?fit=561%2C284&ssl=1\",\"width\":561,\"height\":284},{\"@type\":\"BreadcrumbList\",\"@id\":\"https:\\\/\\\/zenharmony.fr\\\/index.php\\\/a-propos-de-zenharmony\\\/#breadcrumb\",\"itemListElement\":[{\"@type\":\"ListItem\",\"position\":1,\"name\":\"Accueil\",\"item\":\"https:\\\/\\\/zenharmony.fr\\\/\"},{\"@type\":\"ListItem\",\"position\":2,\"name\":\"\u00c0 propos de ZenHarmony\"}]},{\"@type\":\"WebSite\",\"@id\":\"https:\\\/\\\/zenharmony.fr\\\/#website\",\"url\":\"https:\\\/\\\/zenharmony.fr\\\/\",\"name\":\"ZenHarmony\",\"description\":\"Sortir du mode pilote automatique\",\"publisher\":{\"@id\":\"https:\\\/\\\/zenharmony.fr\\\/#organization\"},\"potentialAction\":[{\"@type\":\"SearchAction\",\"target\":{\"@type\":\"EntryPoint\",\"urlTemplate\":\"https:\\\/\\\/zenharmony.fr\\\/?s={search_term_string}\"},\"query-input\":{\"@type\":\"PropertyValueSpecification\",\"valueRequired\":true,\"valueName\":\"search_term_string\"}}],\"inLanguage\":\"fr-FR\"},{\"@type\":\"Organization\",\"@id\":\"https:\\\/\\\/zenharmony.fr\\\/#organization\",\"name\":\"ZenHarmony\",\"url\":\"https:\\\/\\\/zenharmony.fr\\\/\",\"logo\":{\"@type\":\"ImageObject\",\"inLanguage\":\"fr-FR\",\"@id\":\"https:\\\/\\\/zenharmony.fr\\\/#\\\/schema\\\/logo\\\/image\\\/\",\"url\":\"https:\\\/\\\/i0.wp.com\\\/zenharmony.fr\\\/wp-content\\\/uploads\\\/2025\\\/11\\\/logo-zenharmony-sans-fond.png?fit=561%2C346&ssl=1\",\"contentUrl\":\"https:\\\/\\\/i0.wp.com\\\/zenharmony.fr\\\/wp-content\\\/uploads\\\/2025\\\/11\\\/logo-zenharmony-sans-fond.png?fit=561%2C346&ssl=1\",\"width\":561,\"height\":346,\"caption\":\"ZenHarmony\"},\"image\":{\"@id\":\"https:\\\/\\\/zenharmony.fr\\\/#\\\/schema\\\/logo\\\/image\\\/\"}}]}<\/script>\n<!-- \/ Yoast SEO plugin. -->","yoast_head_json":{"title":"Pour une r\u00e9ussite align\u00e9e","description":"Monia OMARI, accompagne dirigeants et entrepreneurs dans leur transformation consciente. Coaching premium, clart\u00e9 d\u2019esprit et harmonie int\u00e9rieure.","robots":{"index":"index","follow":"follow","max-snippet":"max-snippet:-1","max-image-preview":"max-image-preview:large","max-video-preview":"max-video-preview:-1"},"canonical":"https:\/\/zenharmony.fr\/index.php\/a-propos-de-zenharmony\/","og_locale":"fr_FR","og_type":"article","og_title":"Pour une r\u00e9ussite align\u00e9e","og_description":"Monia OMARI, accompagne dirigeants et entrepreneurs dans leur transformation consciente. Coaching premium, clart\u00e9 d\u2019esprit et harmonie int\u00e9rieure.","og_url":"https:\/\/zenharmony.fr\/index.php\/a-propos-de-zenharmony\/","og_site_name":"ZenHarmony","article_modified_time":"2025-10-30T22:50:29+00:00","og_image":[{"url":"https:\/\/zenharmony.fr\/wp-content\/uploads\/2025\/10\/Monia-Omari-1.jpg","type":"","width":"","height":""}],"twitter_card":"summary_large_image","twitter_misc":{"Dur\u00e9e de lecture estim\u00e9e":"3 minutes"},"schema":{"@context":"https:\/\/schema.org","@graph":[{"@type":"WebPage","@id":"https:\/\/zenharmony.fr\/index.php\/a-propos-de-zenharmony\/","url":"https:\/\/zenharmony.fr\/index.php\/a-propos-de-zenharmony\/","name":"Pour une r\u00e9ussite align\u00e9e","isPartOf":{"@id":"https:\/\/zenharmony.fr\/#website"},"primaryImageOfPage":{"@id":"https:\/\/zenharmony.fr\/index.php\/a-propos-de-zenharmony\/#primaryimage"},"image":{"@id":"https:\/\/zenharmony.fr\/index.php\/a-propos-de-zenharmony\/#primaryimage"},"thumbnailUrl":"https:\/\/i0.wp.com\/zenharmony.fr\/wp-content\/uploads\/2025\/11\/cropped-logo-zenharmony.jpg?fit=561%2C284&ssl=1","datePublished":"2025-10-30T22:14:26+00:00","dateModified":"2025-10-30T22:50:29+00:00","description":"Monia OMARI, accompagne dirigeants et entrepreneurs dans leur transformation consciente. Coaching premium, clart\u00e9 d\u2019esprit et harmonie int\u00e9rieure.","breadcrumb":{"@id":"https:\/\/zenharmony.fr\/index.php\/a-propos-de-zenharmony\/#breadcrumb"},"inLanguage":"fr-FR","potentialAction":[{"@type":"ReadAction","target":["https:\/\/zenharmony.fr\/index.php\/a-propos-de-zenharmony\/"]}]},{"@type":"ImageObject","inLanguage":"fr-FR","@id":"https:\/\/zenharmony.fr\/index.php\/a-propos-de-zenharmony\/#primaryimage","url":"https:\/\/i0.wp.com\/zenharmony.fr\/wp-content\/uploads\/2025\/11\/cropped-logo-zenharmony.jpg?fit=561%2C284&ssl=1","contentUrl":"https:\/\/i0.wp.com\/zenharmony.fr\/wp-content\/uploads\/2025\/11\/cropped-logo-zenharmony.jpg?fit=561%2C284&ssl=1","width":561,"height":284},{"@type":"BreadcrumbList","@id":"https:\/\/zenharmony.fr\/index.php\/a-propos-de-zenharmony\/#breadcrumb","itemListElement":[{"@type":"ListItem","position":1,"name":"Accueil","item":"https:\/\/zenharmony.fr\/"},{"@type":"ListItem","position":2,"name":"\u00c0 propos de ZenHarmony"}]},{"@type":"WebSite","@id":"https:\/\/zenharmony.fr\/#website","url":"https:\/\/zenharmony.fr\/","name":"ZenHarmony","description":"Sortir du mode pilote automatique","publisher":{"@id":"https:\/\/zenharmony.fr\/#organization"},"potentialAction":[{"@type":"SearchAction","target":{"@type":"EntryPoint","urlTemplate":"https:\/\/zenharmony.fr\/?s={search_term_string}"},"query-input":{"@type":"PropertyValueSpecification","valueRequired":true,"valueName":"search_term_string"}}],"inLanguage":"fr-FR"},{"@type":"Organization","@id":"https:\/\/zenharmony.fr\/#organization","name":"ZenHarmony","url":"https:\/\/zenharmony.fr\/","logo":{"@type":"ImageObject","inLanguage":"fr-FR","@id":"https:\/\/zenharmony.fr\/#\/schema\/logo\/image\/","url":"https:\/\/i0.wp.com\/zenharmony.fr\/wp-content\/uploads\/2025\/11\/logo-zenharmony-sans-fond.png?fit=561%2C346&ssl=1","contentUrl":"https:\/\/i0.wp.com\/zenharmony.fr\/wp-content\/uploads\/2025\/11\/logo-zenharmony-sans-fond.png?fit=561%2C346&ssl=1","width":561,"height":346,"caption":"ZenHarmony"},"image":{"@id":"https:\/\/zenharmony.fr\/#\/schema\/logo\/image\/"}}]}},"jetpack_sharing_enabled":true,"_links":{"self":[{"href":"https:\/\/zenharmony.fr\/index.php\/wp-json\/wp\/v2\/pages\/2140","targetHints":{"allow":["GET"]}}],"collection":[{"href":"https:\/\/zenharmony.fr\/index.php\/wp-json\/wp\/v2\/pages"}],"about":[{"href":"https:\/\/zenharmony.fr\/index.php\/wp-json\/wp\/v2\/types\/page"}],"author":[{"embeddable":true,"href":"https:\/\/zenharmony.fr\/index.php\/wp-json\/wp\/v2\/users\/1"}],"replies":[{"embeddable":true,"href":"https:\/\/zenharmony.fr\/index.php\/wp-json\/wp\/v2\/comments?post=2140"}],"version-history":[{"count":11,"href":"https:\/\/zenharmony.fr\/index.php\/wp-json\/wp\/v2\/pages\/2140\/revisions"}],"predecessor-version":[{"id":2708,"href":"https:\/\/zenharmony.fr\/index.php\/wp-json\/wp\/v2\/pages\/2140\/revisions\/2708"}],"wp:featuredmedia":[{"embeddable":true,"href":"https:\/\/zenharmony.fr\/index.php\/wp-json\/wp\/v2\/media\/2235"}],"wp:attachment":[{"href":"https:\/\/zenharmony.fr\/index.php\/wp-json\/wp\/v2\/media?parent=2140"}],"curies":[{"name":"wp","href":"https:\/\/api.w.org\/{rel}","templated":true}]}}