{"id":2491,"date":"2025-11-18T01:08:05","date_gmt":"2025-11-18T00:08:05","guid":{"rendered":"https:\/\/zenharmony.fr\/?page_id=2491"},"modified":"2025-11-18T02:38:45","modified_gmt":"2025-11-18T01:38:45","slug":"prestations-feng-shui-zenharmony","status":"publish","type":"page","link":"https:\/\/zenharmony.fr\/index.php\/prestations-feng-shui-zenharmony\/","title":{"rendered":"Prestations Feng Shui ZenHarmony"},"content":{"rendered":"\t\t<div data-elementor-type=\"wp-page\" data-elementor-id=\"2491\" class=\"elementor elementor-2491\">\n\t\t\t\t<div class=\"elementor-element elementor-element-da31c43 e-flex e-con-boxed e-con e-parent\" data-id=\"da31c43\" data-element_type=\"container\" data-e-type=\"container\">\n\t\t\t\t\t<div class=\"e-con-inner\">\n\t\t\t\t<div class=\"elementor-element elementor-element-f8b0538 elementor-widget elementor-widget-text-editor\" data-id=\"f8b0538\" data-element_type=\"widget\" data-e-type=\"widget\" data-widget_type=\"text-editor.default\">\n\t\t\t\t<div class=\"elementor-widget-container\">\n\t\t\t\t\t\t\t\t\t<p><em>Cr\u00e9er un lieu harmonieux qui soutient votre \u00e9quilibre et votre qualit\u00e9 de vie.<\/em><\/p>\t\t\t\t\t\t\t\t<\/div>\n\t\t\t\t<\/div>\n\t\t\t\t\t<\/div>\n\t\t\t\t<\/div>\n\t\t<div class=\"elementor-element elementor-element-198e9a8 e-flex e-con-boxed e-con e-parent\" data-id=\"198e9a8\" data-element_type=\"container\" data-e-type=\"container\">\n\t\t\t\t\t<div class=\"e-con-inner\">\n\t\t\t\t<div class=\"elementor-element elementor-element-ee1508a elementor-widget elementor-widget-text-editor\" data-id=\"ee1508a\" data-element_type=\"widget\" data-e-type=\"widget\" data-widget_type=\"text-editor.default\">\n\t\t\t\t<div class=\"elementor-widget-container\">\n\t\t\t\t\t\t\t\t\t<p data-start=\"522\" data-end=\"811\">Votre habitat n\u2019est pas neutre : il influence votre humeur, votre clart\u00e9 mentale, votre \u00e9nergie et m\u00eame votre capacit\u00e9 \u00e0 avancer dans vos projets.<br data-start=\"668\" data-end=\"671\" \/>Le Feng Shui, art ancestral d\u2019harmonisation de l\u2019espace, permet de transformer votre lieu en un environnement fluide, apaisant et soutenant.<\/p><p data-start=\"813\" data-end=\"952\">La d\u00e9marche ZenHarmony vous propose un Feng Shui <strong data-start=\"862\" data-end=\"894\">clair, moderne et accessible<\/strong>, respectueux de votre mode de vie et de votre esth\u00e9tique.<\/p>\t\t\t\t\t\t\t\t<\/div>\n\t\t\t\t<\/div>\n\t\t\t\t\t<\/div>\n\t\t\t\t<\/div>\n\t\t<div class=\"elementor-element elementor-element-a471129 e-flex e-con-boxed e-con e-parent\" data-id=\"a471129\" data-element_type=\"container\" data-e-type=\"container\">\n\t\t\t\t\t<div class=\"e-con-inner\">\n\t\t\t\t<div class=\"elementor-element elementor-element-de54dc6 elementor-widget elementor-widget-heading\" data-id=\"de54dc6\" data-element_type=\"widget\" data-e-type=\"widget\" data-widget_type=\"heading.default\">\n\t\t\t\t<div class=\"elementor-widget-container\">\n\t\t\t\t\t<h2 class=\"elementor-heading-title elementor-size-default\">Pourquoi harmoniser votre espace ?<\/h2>\t\t\t\t<\/div>\n\t\t\t\t<\/div>\n\t\t\t\t<div class=\"elementor-element elementor-element-418d812 elementor-widget elementor-widget-text-editor\" data-id=\"418d812\" data-element_type=\"widget\" data-e-type=\"widget\" data-widget_type=\"text-editor.default\">\n\t\t\t\t<div class=\"elementor-widget-container\">\n\t\t\t\t\t\t\t\t\t<p data-start=\"1007\" data-end=\"1032\">Un lieu harmonieux peut :<\/p><ul data-start=\"1034\" data-end=\"1320\"><li data-start=\"1034\" data-end=\"1076\"><p data-start=\"1036\" data-end=\"1076\">r\u00e9duire le stress et apaiser l\u2019esprit,<\/p><\/li><li data-start=\"1077\" data-end=\"1136\"><p data-start=\"1079\" data-end=\"1136\">am\u00e9liorer la qualit\u00e9 du sommeil et de la concentration,<\/p><\/li><li data-start=\"1137\" data-end=\"1193\"><p data-start=\"1139\" data-end=\"1193\">soutenir vos objectifs personnels ou professionnels,<\/p><\/li><li data-start=\"1194\" data-end=\"1246\"><p data-start=\"1196\" data-end=\"1246\">renforcer le sentiment de bien-\u00eatre \u00e0 la maison,<\/p><\/li><li data-start=\"1247\" data-end=\"1320\"><p data-start=\"1249\" data-end=\"1320\">cr\u00e9er un environnement plus accueillant, inspirant et agr\u00e9able \u00e0 vivre.<\/p><\/li><\/ul><p data-start=\"1322\" data-end=\"1384\">Votre int\u00e9rieur devient alors un v\u00e9ritable alli\u00e9 au quotidien.<\/p>\t\t\t\t\t\t\t\t<\/div>\n\t\t\t\t<\/div>\n\t\t\t\t<div class=\"elementor-element elementor-element-aed5fc9 elementor-widget elementor-widget-heading\" data-id=\"aed5fc9\" data-element_type=\"widget\" data-e-type=\"widget\" data-widget_type=\"heading.default\">\n\t\t\t\t<div class=\"elementor-widget-container\">\n\t\t\t\t\t<h2 class=\"elementor-heading-title elementor-size-default\">L\u2019approche Feng Shui ZenHarmony<\/h2>\t\t\t\t<\/div>\n\t\t\t\t<\/div>\n\t\t\t\t\t<\/div>\n\t\t\t\t<\/div>\n\t\t<div class=\"elementor-element elementor-element-19bbefb e-flex e-con-boxed e-con e-parent\" data-id=\"19bbefb\" data-element_type=\"container\" data-e-type=\"container\">\n\t\t\t\t\t<div class=\"e-con-inner\">\n\t\t\t\t<div class=\"elementor-element elementor-element-f03183c elementor-widget elementor-widget-text-editor\" data-id=\"f03183c\" data-element_type=\"widget\" data-e-type=\"widget\" data-widget_type=\"text-editor.default\">\n\t\t\t\t<div class=\"elementor-widget-container\">\n\t\t\t\t\t\t\t\t\t<p>Je vous accompagne avec une approche fond\u00e9e sur les principes traditionnels du Feng Shui et quatorze ans d&rsquo;exp\u00e9rience:<\/p><h3 data-start=\"1528\" data-end=\"1576\"><strong data-start=\"1532\" data-end=\"1574\">Analyse de la circulation du lieu<\/strong><\/h3><p data-start=\"1577\" data-end=\"1669\">Comprendre comment l\u2019\u00e9nergie circule pour r\u00e9\u00e9quilibrer les zones d\u00e9sordonn\u00e9es ou stagnantes.<\/p><h3 data-start=\"1671\" data-end=\"1715\"><strong data-start=\"1675\" data-end=\"1713\">Harmonisation des pi\u00e8ces cl\u00e9s<\/strong><\/h3><p data-start=\"1716\" data-end=\"1801\">Entr\u00e9e, chambre, salon, bureau : les espaces qui influencent le plus votre \u00e9quilibre.<\/p><h3 data-start=\"1803\" data-end=\"1847\"><strong data-start=\"1807\" data-end=\"1845\">\u00c9quilibre visuel &amp; symbolique<\/strong><\/h3><p data-start=\"1848\" data-end=\"1940\">Disposition, couleurs, d\u00e9coration, lumi\u00e8re : chaque \u00e9l\u00e9ment contribue \u00e0 l\u2019harmonie g\u00e9n\u00e9rale.<\/p><h3 data-start=\"1942\" data-end=\"1992\"><strong data-start=\"1946\" data-end=\"1990\"> Recommandations simples et adapt\u00e9es<\/strong><\/h3><p data-start=\"1993\" data-end=\"2076\">Des ajustements concrets, accessibles et r\u00e9alistes, sans imposer de travaux lourds.<\/p><p data-start=\"2078\" data-end=\"2177\">L\u2019objectif : rendre votre espace plus fonctionnel, plus apaisant et plus coh\u00e9rent avec vos besoins.<\/p>\t\t\t\t\t\t\t\t<\/div>\n\t\t\t\t<\/div>\n\t\t\t\t<div class=\"elementor-element elementor-element-9fc87dd elementor-widget elementor-widget-spacer\" data-id=\"9fc87dd\" data-element_type=\"widget\" data-e-type=\"widget\" data-widget_type=\"spacer.default\">\n\t\t\t\t<div class=\"elementor-widget-container\">\n\t\t\t\t\t\t\t<div class=\"elementor-spacer\">\n\t\t\t<div class=\"elementor-spacer-inner\"><\/div>\n\t\t<\/div>\n\t\t\t\t\t\t<\/div>\n\t\t\t\t<\/div>\n\t\t\t\t\t<\/div>\n\t\t\t\t<\/div>\n\t\t<div class=\"elementor-element elementor-element-6947056 e-flex e-con-boxed e-con e-parent\" data-id=\"6947056\" data-element_type=\"container\" data-e-type=\"container\">\n\t\t\t\t\t<div class=\"e-con-inner\">\n\t\t\t\t<div class=\"elementor-element elementor-element-5898082 elementor-widget elementor-widget-heading\" data-id=\"5898082\" data-element_type=\"widget\" data-e-type=\"widget\" data-widget_type=\"heading.default\">\n\t\t\t\t<div class=\"elementor-widget-container\">\n\t\t\t\t\t<h2 class=\"elementor-heading-title elementor-size-default\">Deux fa\u00e7ons de transformer votre espace<\/h2>\t\t\t\t<\/div>\n\t\t\t\t<\/div>\n\t\t\t\t\t<\/div>\n\t\t\t\t<\/div>\n\t\t<div class=\"elementor-element elementor-element-a886094 e-grid e-con-boxed e-con e-parent\" data-id=\"a886094\" data-element_type=\"container\" data-e-type=\"container\">\n\t\t\t\t\t<div class=\"e-con-inner\">\n\t\t\t\t<div class=\"elementor-element elementor-element-6817bb6 elementor-widget elementor-widget-text-editor\" data-id=\"6817bb6\" data-element_type=\"widget\" data-e-type=\"widget\" data-widget_type=\"text-editor.default\">\n\t\t\t\t<div class=\"elementor-widget-container\">\n\t\t\t\t\t\t\t\t\t<h3 data-start=\"2237\" data-end=\"2297\"><strong data-start=\"2241\" data-end=\"2295\">1) L\u2019Accompagnement Signature Feng Shui ZenHarmony<\/strong><\/h3><p data-start=\"2298\" data-end=\"2474\">Un accompagnement complet pour harmoniser votre lieu de vie ou de travail.<br data-start=\"2372\" data-end=\"2375\" \/>Analyse du plan, \u00e9tude pi\u00e8ce par pi\u00e8ce, recommandations personnalis\u00e9es, document d\u00e9taill\u00e9 et suivi.<\/p>\t\t\t\t\t\t\t\t<\/div>\n\t\t\t\t<\/div>\n\t\t\t\t<div class=\"elementor-element elementor-element-0892624 elementor-widget elementor-widget-text-editor\" data-id=\"0892624\" data-element_type=\"widget\" data-e-type=\"widget\" data-widget_type=\"text-editor.default\">\n\t\t\t\t<div class=\"elementor-widget-container\">\n\t\t\t\t\t\t\t\t\t<h3 data-start=\"2515\" data-end=\"2571\"><strong data-start=\"2519\" data-end=\"2569\">2) Les Cours &amp; Formations Feng Shui ZenHarmony<\/strong><\/h3><p data-start=\"2572\" data-end=\"2709\">Pour apprendre \u00e0 appliquer le Feng Shui chez vous, \u00e0 votre rythme.<br data-start=\"2638\" data-end=\"2641\" \/>Ateliers collectifs en ligne ou en pr\u00e9sentiel + futurs cours vid\u00e9os.<\/p><p data-start=\"2711\" data-end=\"2747\">\ud83d\udc49 <em data-start=\"2714\" data-end=\"2747\">Explorez les cours &amp; formations<\/em><\/p>\t\t\t\t\t\t\t\t<\/div>\n\t\t\t\t<\/div>\n\t\t\t\t<div class=\"elementor-element elementor-element-72bcfb3 elementor-align-center elementor-widget elementor-widget-button\" data-id=\"72bcfb3\" data-element_type=\"widget\" data-e-type=\"widget\" data-widget_type=\"button.default\">\n\t\t\t\t<div class=\"elementor-widget-container\">\n\t\t\t\t\t\t\t\t\t<div class=\"elementor-button-wrapper\">\n\t\t\t\t\t<a class=\"elementor-button elementor-button-link elementor-size-sm\" href=\"https:\/\/zenharmony.fr\/index.php\/nos-accompagnements-zenharmony\/accompagnement-feng-shui-zenharmony\/\">\n\t\t\t\t\t\t<span class=\"elementor-button-content-wrapper\">\n\t\t\t\t\t\t\t\t\t<span class=\"elementor-button-text\">D\u00e9couvrez la prestation compl\u00e8te<\/span>\n\t\t\t\t\t<\/span>\n\t\t\t\t\t<\/a>\n\t\t\t\t<\/div>\n\t\t\t\t\t\t\t\t<\/div>\n\t\t\t\t<\/div>\n\t\t\t\t<div class=\"elementor-element elementor-element-08d56ab elementor-align-center elementor-widget elementor-widget-button\" data-id=\"08d56ab\" data-element_type=\"widget\" data-e-type=\"widget\" data-widget_type=\"button.default\">\n\t\t\t\t<div class=\"elementor-widget-container\">\n\t\t\t\t\t\t\t\t\t<div class=\"elementor-button-wrapper\">\n\t\t\t\t\t<a class=\"elementor-button elementor-button-link elementor-size-sm\" href=\"#\">\n\t\t\t\t\t\t<span class=\"elementor-button-content-wrapper\">\n\t\t\t\t\t\t\t\t\t<span class=\"elementor-button-text\">Explorez les cours &amp; formations<\/span>\n\t\t\t\t\t<\/span>\n\t\t\t\t\t<\/a>\n\t\t\t\t<\/div>\n\t\t\t\t\t\t\t\t<\/div>\n\t\t\t\t<\/div>\n\t\t\t\t\t<\/div>\n\t\t\t\t<\/div>\n\t\t<div class=\"elementor-element elementor-element-631fc35 e-flex e-con-boxed e-con e-parent\" data-id=\"631fc35\" data-element_type=\"container\" data-e-type=\"container\">\n\t\t\t\t\t<div class=\"e-con-inner\">\n\t\t\t\t<div class=\"elementor-element elementor-element-f7cea78 elementor-widget elementor-widget-heading\" data-id=\"f7cea78\" data-element_type=\"widget\" data-e-type=\"widget\" data-widget_type=\"heading.default\">\n\t\t\t\t<div class=\"elementor-widget-container\">\n\t\t\t\t\t<h2 class=\"elementor-heading-title elementor-size-default\">Pour qui ? <\/h2>\t\t\t\t<\/div>\n\t\t\t\t<\/div>\n\t\t\t\t<div class=\"elementor-element elementor-element-204116b elementor-widget elementor-widget-text-editor\" data-id=\"204116b\" data-element_type=\"widget\" data-e-type=\"widget\" data-widget_type=\"text-editor.default\">\n\t\t\t\t<div class=\"elementor-widget-container\">\n\t\t\t\t\t\t\t\t\t<p data-start=\"2778\" data-end=\"2840\">Le Feng Shui ZenHarmony s\u2019adresse \u00e0 vous si vous souhaitez :<\/p><ul data-start=\"2841\" data-end=\"3111\"><li data-start=\"2841\" data-end=\"2899\"><p data-start=\"2843\" data-end=\"2899\">am\u00e9liorer l\u2019harmonie et l\u2019ambiance de votre int\u00e9rieur,<\/p><\/li><li data-start=\"2900\" data-end=\"2957\"><p data-start=\"2902\" data-end=\"2957\">cr\u00e9er un espace plus apaisant, inspirant et agr\u00e9able,<\/p><\/li><li data-start=\"2958\" data-end=\"2994\"><p data-start=\"2960\" data-end=\"2994\">optimiser votre lieu de travail,<\/p><\/li><li data-start=\"2995\" data-end=\"3051\"><p data-start=\"2997\" data-end=\"3051\">soutenir un changement de vie ou une nouvelle \u00e9tape,<\/p><\/li><li data-start=\"3052\" data-end=\"3111\"><p data-start=\"3054\" data-end=\"3111\">mieux comprendre et ma\u00eetriser l\u2019\u00e9nergie de votre habitat.<\/p><\/li><\/ul>\t\t\t\t\t\t\t\t<\/div>\n\t\t\t\t<\/div>\n\t\t\t\t\t<\/div>\n\t\t\t\t<\/div>\n\t\t<div class=\"elementor-element elementor-element-2506a4f e-flex e-con-boxed e-con e-parent\" data-id=\"2506a4f\" data-element_type=\"container\" data-e-type=\"container\">\n\t\t\t\t\t<div class=\"e-con-inner\">\n\t\t\t\t<div class=\"elementor-element elementor-element-5baeb00 elementor-widget elementor-widget-heading\" data-id=\"5baeb00\" data-element_type=\"widget\" data-e-type=\"widget\" data-widget_type=\"heading.default\">\n\t\t\t\t<div class=\"elementor-widget-container\">\n\t\t\t\t\t<h2 class=\"elementor-heading-title elementor-size-default\">Un espace qui vous ressemble, une vie plus fluide<\/h2>\t\t\t\t<\/div>\n\t\t\t\t<\/div>\n\t\t\t\t\t<\/div>\n\t\t\t\t<\/div>\n\t\t<div class=\"elementor-element elementor-element-ba2a2fa e-flex e-con-boxed e-con e-parent\" data-id=\"ba2a2fa\" data-element_type=\"container\" data-e-type=\"container\">\n\t\t\t\t\t<div class=\"e-con-inner\">\n\t\t\t\t<div class=\"elementor-element elementor-element-63c2a60 elementor-widget elementor-widget-text-editor\" data-id=\"63c2a60\" data-element_type=\"widget\" data-e-type=\"widget\" data-widget_type=\"text-editor.default\">\n\t\t\t\t<div class=\"elementor-widget-container\">\n\t\t\t\t\t\t\t\t\t<p data-start=\"3181\" data-end=\"3474\">Un int\u00e9rieur harmonis\u00e9 influence votre bien-\u00eatre, votre \u00e9nergie et votre fa\u00e7on d\u2019aborder le quotidien.<br data-start=\"3283\" data-end=\"3286\" \/>\u00c0 travers le Feng Shui ZenHarmony, vous d\u00e9couvrez une mani\u00e8re simple et concr\u00e8te de transformer votre lieu\u2026<br data-start=\"3393\" data-end=\"3396\" \/>et de vous offrir un cadre de vie plus doux, plus \u00e9quilibr\u00e9 et plus soutenant.<\/p>\t\t\t\t\t\t\t\t<\/div>\n\t\t\t\t<\/div>\n\t\t\t\t\t<\/div>\n\t\t\t\t<\/div>\n\t\t\t\t<\/div>\n\t\t","protected":false},"excerpt":{"rendered":"<p>Cr\u00e9er un lieu harmonieux qui soutient votre \u00e9quilibre et votre qualit\u00e9 de vie. Votre habitat n\u2019est pas neutre : il influence votre humeur, votre clart\u00e9 mentale, votre \u00e9nergie et m\u00eame votre capacit\u00e9 \u00e0 avancer dans vos projets.Le Feng Shui, art ancestral d\u2019harmonisation de l\u2019espace, permet de transformer votre lieu en un environnement fluide, apaisant et&#8230;<\/p>\n<p class=\"more-link\"><a href=\"https:\/\/zenharmony.fr\/index.php\/prestations-feng-shui-zenharmony\/\" class=\"themebutton3\">Read More<\/a><\/p>\n","protected":false},"author":1,"featured_media":2497,"parent":0,"menu_order":0,"comment_status":"closed","ping_status":"closed","template":"","meta":{"_monsterinsights_skip_tracking":false,"_monsterinsights_sitenote_active":false,"_monsterinsights_sitenote_note":"","_monsterinsights_sitenote_category":0,"footnotes":""},"class_list":["post-2491","page","type-page","status-publish","has-post-thumbnail","hentry"],"yoast_head":"<!-- This site is optimized with the Yoast SEO plugin v27.3 - https:\/\/yoast.com\/product\/yoast-seo-wordpress\/ -->\n<title>Prestations Feng Shui | Harmonie du lieu &amp; bien-\u00eatre \u00e9nerg\u00e9tique<\/title>\n<meta name=\"description\" content=\"Feng Shui : pour harmoniser votre espace, am\u00e9liorer votre bien-\u00eatreet cr\u00e9er un lieu de vie apaisant, fluide et \u00e9quilibr\u00e9.\" \/>\n<meta name=\"robots\" content=\"index, follow, max-snippet:-1, max-image-preview:large, max-video-preview:-1\" \/>\n<link rel=\"canonical\" href=\"https:\/\/zenharmony.fr\/index.php\/prestations-feng-shui-zenharmony\/\" \/>\n<meta property=\"og:locale\" content=\"fr_FR\" \/>\n<meta property=\"og:type\" content=\"article\" \/>\n<meta property=\"og:title\" content=\"Prestations Feng Shui | Harmonie du lieu &amp; bien-\u00eatre \u00e9nerg\u00e9tique\" \/>\n<meta property=\"og:description\" content=\"Feng Shui : pour harmoniser votre espace, am\u00e9liorer votre bien-\u00eatreet cr\u00e9er un lieu de vie apaisant, fluide et \u00e9quilibr\u00e9.\" \/>\n<meta property=\"og:url\" content=\"https:\/\/zenharmony.fr\/index.php\/prestations-feng-shui-zenharmony\/\" \/>\n<meta property=\"og:site_name\" content=\"ZenHarmony\" \/>\n<meta property=\"article:modified_time\" content=\"2025-11-18T01:38:45+00:00\" \/>\n<meta property=\"og:image\" content=\"https:\/\/zenharmony.fr\/wp-content\/uploads\/2025\/11\/feng-shui-zenharmony-1024x683.png\" \/>\n\t<meta property=\"og:image:width\" content=\"1024\" \/>\n\t<meta property=\"og:image:height\" content=\"683\" \/>\n\t<meta property=\"og:image:type\" content=\"image\/png\" \/>\n<meta name=\"twitter:card\" content=\"summary_large_image\" \/>\n<meta name=\"twitter:label1\" content=\"Dur\u00e9e de lecture estim\u00e9e\" \/>\n\t<meta name=\"twitter:data1\" content=\"3 minutes\" \/>\n<script type=\"application\/ld+json\" class=\"yoast-schema-graph\">{\"@context\":\"https:\\\/\\\/schema.org\",\"@graph\":[{\"@type\":\"WebPage\",\"@id\":\"https:\\\/\\\/zenharmony.fr\\\/index.php\\\/prestations-feng-shui-zenharmony\\\/\",\"url\":\"https:\\\/\\\/zenharmony.fr\\\/index.php\\\/prestations-feng-shui-zenharmony\\\/\",\"name\":\"Prestations Feng Shui | Harmonie du lieu & bien-\u00eatre \u00e9nerg\u00e9tique\",\"isPartOf\":{\"@id\":\"https:\\\/\\\/zenharmony.fr\\\/#website\"},\"primaryImageOfPage\":{\"@id\":\"https:\\\/\\\/zenharmony.fr\\\/index.php\\\/prestations-feng-shui-zenharmony\\\/#primaryimage\"},\"image\":{\"@id\":\"https:\\\/\\\/zenharmony.fr\\\/index.php\\\/prestations-feng-shui-zenharmony\\\/#primaryimage\"},\"thumbnailUrl\":\"https:\\\/\\\/i0.wp.com\\\/zenharmony.fr\\\/wp-content\\\/uploads\\\/2025\\\/11\\\/feng-shui-zenharmony.png?fit=1536%2C1024&ssl=1\",\"datePublished\":\"2025-11-18T00:08:05+00:00\",\"dateModified\":\"2025-11-18T01:38:45+00:00\",\"description\":\"Feng Shui : pour harmoniser votre espace, am\u00e9liorer votre bien-\u00eatreet cr\u00e9er un lieu de vie apaisant, fluide et \u00e9quilibr\u00e9.\",\"breadcrumb\":{\"@id\":\"https:\\\/\\\/zenharmony.fr\\\/index.php\\\/prestations-feng-shui-zenharmony\\\/#breadcrumb\"},\"inLanguage\":\"fr-FR\",\"potentialAction\":[{\"@type\":\"ReadAction\",\"target\":[\"https:\\\/\\\/zenharmony.fr\\\/index.php\\\/prestations-feng-shui-zenharmony\\\/\"]}]},{\"@type\":\"ImageObject\",\"inLanguage\":\"fr-FR\",\"@id\":\"https:\\\/\\\/zenharmony.fr\\\/index.php\\\/prestations-feng-shui-zenharmony\\\/#primaryimage\",\"url\":\"https:\\\/\\\/i0.wp.com\\\/zenharmony.fr\\\/wp-content\\\/uploads\\\/2025\\\/11\\\/feng-shui-zenharmony.png?fit=1536%2C1024&ssl=1\",\"contentUrl\":\"https:\\\/\\\/i0.wp.com\\\/zenharmony.fr\\\/wp-content\\\/uploads\\\/2025\\\/11\\\/feng-shui-zenharmony.png?fit=1536%2C1024&ssl=1\",\"width\":1536,\"height\":1024},{\"@type\":\"BreadcrumbList\",\"@id\":\"https:\\\/\\\/zenharmony.fr\\\/index.php\\\/prestations-feng-shui-zenharmony\\\/#breadcrumb\",\"itemListElement\":[{\"@type\":\"ListItem\",\"position\":1,\"name\":\"Accueil\",\"item\":\"https:\\\/\\\/zenharmony.fr\\\/\"},{\"@type\":\"ListItem\",\"position\":2,\"name\":\"Prestations Feng Shui ZenHarmony\"}]},{\"@type\":\"WebSite\",\"@id\":\"https:\\\/\\\/zenharmony.fr\\\/#website\",\"url\":\"https:\\\/\\\/zenharmony.fr\\\/\",\"name\":\"ZenHarmony\",\"description\":\"Sortir du mode pilote automatique\",\"publisher\":{\"@id\":\"https:\\\/\\\/zenharmony.fr\\\/#organization\"},\"potentialAction\":[{\"@type\":\"SearchAction\",\"target\":{\"@type\":\"EntryPoint\",\"urlTemplate\":\"https:\\\/\\\/zenharmony.fr\\\/?s={search_term_string}\"},\"query-input\":{\"@type\":\"PropertyValueSpecification\",\"valueRequired\":true,\"valueName\":\"search_term_string\"}}],\"inLanguage\":\"fr-FR\"},{\"@type\":\"Organization\",\"@id\":\"https:\\\/\\\/zenharmony.fr\\\/#organization\",\"name\":\"ZenHarmony\",\"url\":\"https:\\\/\\\/zenharmony.fr\\\/\",\"logo\":{\"@type\":\"ImageObject\",\"inLanguage\":\"fr-FR\",\"@id\":\"https:\\\/\\\/zenharmony.fr\\\/#\\\/schema\\\/logo\\\/image\\\/\",\"url\":\"https:\\\/\\\/i0.wp.com\\\/zenharmony.fr\\\/wp-content\\\/uploads\\\/2025\\\/11\\\/logo-zenharmony-sans-fond.png?fit=561%2C346&ssl=1\",\"contentUrl\":\"https:\\\/\\\/i0.wp.com\\\/zenharmony.fr\\\/wp-content\\\/uploads\\\/2025\\\/11\\\/logo-zenharmony-sans-fond.png?fit=561%2C346&ssl=1\",\"width\":561,\"height\":346,\"caption\":\"ZenHarmony\"},\"image\":{\"@id\":\"https:\\\/\\\/zenharmony.fr\\\/#\\\/schema\\\/logo\\\/image\\\/\"}}]}<\/script>\n<!-- \/ Yoast SEO plugin. -->","yoast_head_json":{"title":"Prestations Feng Shui | Harmonie du lieu & bien-\u00eatre \u00e9nerg\u00e9tique","description":"Feng Shui : pour harmoniser votre espace, am\u00e9liorer votre bien-\u00eatreet cr\u00e9er un lieu de vie apaisant, fluide et \u00e9quilibr\u00e9.","robots":{"index":"index","follow":"follow","max-snippet":"max-snippet:-1","max-image-preview":"max-image-preview:large","max-video-preview":"max-video-preview:-1"},"canonical":"https:\/\/zenharmony.fr\/index.php\/prestations-feng-shui-zenharmony\/","og_locale":"fr_FR","og_type":"article","og_title":"Prestations Feng Shui | Harmonie du lieu & bien-\u00eatre \u00e9nerg\u00e9tique","og_description":"Feng Shui : pour harmoniser votre espace, am\u00e9liorer votre bien-\u00eatreet cr\u00e9er un lieu de vie apaisant, fluide et \u00e9quilibr\u00e9.","og_url":"https:\/\/zenharmony.fr\/index.php\/prestations-feng-shui-zenharmony\/","og_site_name":"ZenHarmony","article_modified_time":"2025-11-18T01:38:45+00:00","og_image":[{"width":1024,"height":683,"url":"https:\/\/zenharmony.fr\/wp-content\/uploads\/2025\/11\/feng-shui-zenharmony-1024x683.png","type":"image\/png"}],"twitter_card":"summary_large_image","twitter_misc":{"Dur\u00e9e de lecture estim\u00e9e":"3 minutes"},"schema":{"@context":"https:\/\/schema.org","@graph":[{"@type":"WebPage","@id":"https:\/\/zenharmony.fr\/index.php\/prestations-feng-shui-zenharmony\/","url":"https:\/\/zenharmony.fr\/index.php\/prestations-feng-shui-zenharmony\/","name":"Prestations Feng Shui | Harmonie du lieu & bien-\u00eatre \u00e9nerg\u00e9tique","isPartOf":{"@id":"https:\/\/zenharmony.fr\/#website"},"primaryImageOfPage":{"@id":"https:\/\/zenharmony.fr\/index.php\/prestations-feng-shui-zenharmony\/#primaryimage"},"image":{"@id":"https:\/\/zenharmony.fr\/index.php\/prestations-feng-shui-zenharmony\/#primaryimage"},"thumbnailUrl":"https:\/\/i0.wp.com\/zenharmony.fr\/wp-content\/uploads\/2025\/11\/feng-shui-zenharmony.png?fit=1536%2C1024&ssl=1","datePublished":"2025-11-18T00:08:05+00:00","dateModified":"2025-11-18T01:38:45+00:00","description":"Feng Shui : pour harmoniser votre espace, am\u00e9liorer votre bien-\u00eatreet cr\u00e9er un lieu de vie apaisant, fluide et \u00e9quilibr\u00e9.","breadcrumb":{"@id":"https:\/\/zenharmony.fr\/index.php\/prestations-feng-shui-zenharmony\/#breadcrumb"},"inLanguage":"fr-FR","potentialAction":[{"@type":"ReadAction","target":["https:\/\/zenharmony.fr\/index.php\/prestations-feng-shui-zenharmony\/"]}]},{"@type":"ImageObject","inLanguage":"fr-FR","@id":"https:\/\/zenharmony.fr\/index.php\/prestations-feng-shui-zenharmony\/#primaryimage","url":"https:\/\/i0.wp.com\/zenharmony.fr\/wp-content\/uploads\/2025\/11\/feng-shui-zenharmony.png?fit=1536%2C1024&ssl=1","contentUrl":"https:\/\/i0.wp.com\/zenharmony.fr\/wp-content\/uploads\/2025\/11\/feng-shui-zenharmony.png?fit=1536%2C1024&ssl=1","width":1536,"height":1024},{"@type":"BreadcrumbList","@id":"https:\/\/zenharmony.fr\/index.php\/prestations-feng-shui-zenharmony\/#breadcrumb","itemListElement":[{"@type":"ListItem","position":1,"name":"Accueil","item":"https:\/\/zenharmony.fr\/"},{"@type":"ListItem","position":2,"name":"Prestations Feng Shui ZenHarmony"}]},{"@type":"WebSite","@id":"https:\/\/zenharmony.fr\/#website","url":"https:\/\/zenharmony.fr\/","name":"ZenHarmony","description":"Sortir du mode pilote automatique","publisher":{"@id":"https:\/\/zenharmony.fr\/#organization"},"potentialAction":[{"@type":"SearchAction","target":{"@type":"EntryPoint","urlTemplate":"https:\/\/zenharmony.fr\/?s={search_term_string}"},"query-input":{"@type":"PropertyValueSpecification","valueRequired":true,"valueName":"search_term_string"}}],"inLanguage":"fr-FR"},{"@type":"Organization","@id":"https:\/\/zenharmony.fr\/#organization","name":"ZenHarmony","url":"https:\/\/zenharmony.fr\/","logo":{"@type":"ImageObject","inLanguage":"fr-FR","@id":"https:\/\/zenharmony.fr\/#\/schema\/logo\/image\/","url":"https:\/\/i0.wp.com\/zenharmony.fr\/wp-content\/uploads\/2025\/11\/logo-zenharmony-sans-fond.png?fit=561%2C346&ssl=1","contentUrl":"https:\/\/i0.wp.com\/zenharmony.fr\/wp-content\/uploads\/2025\/11\/logo-zenharmony-sans-fond.png?fit=561%2C346&ssl=1","width":561,"height":346,"caption":"ZenHarmony"},"image":{"@id":"https:\/\/zenharmony.fr\/#\/schema\/logo\/image\/"}}]}},"jetpack_sharing_enabled":true,"_links":{"self":[{"href":"https:\/\/zenharmony.fr\/index.php\/wp-json\/wp\/v2\/pages\/2491","targetHints":{"allow":["GET"]}}],"collection":[{"href":"https:\/\/zenharmony.fr\/index.php\/wp-json\/wp\/v2\/pages"}],"about":[{"href":"https:\/\/zenharmony.fr\/index.php\/wp-json\/wp\/v2\/types\/page"}],"author":[{"embeddable":true,"href":"https:\/\/zenharmony.fr\/index.php\/wp-json\/wp\/v2\/users\/1"}],"replies":[{"embeddable":true,"href":"https:\/\/zenharmony.fr\/index.php\/wp-json\/wp\/v2\/comments?post=2491"}],"version-history":[{"count":10,"href":"https:\/\/zenharmony.fr\/index.php\/wp-json\/wp\/v2\/pages\/2491\/revisions"}],"predecessor-version":[{"id":2533,"href":"https:\/\/zenharmony.fr\/index.php\/wp-json\/wp\/v2\/pages\/2491\/revisions\/2533"}],"wp:featuredmedia":[{"embeddable":true,"href":"https:\/\/zenharmony.fr\/index.php\/wp-json\/wp\/v2\/media\/2497"}],"wp:attachment":[{"href":"https:\/\/zenharmony.fr\/index.php\/wp-json\/wp\/v2\/media?parent=2491"}],"curies":[{"name":"wp","href":"https:\/\/api.w.org\/{rel}","templated":true}]}}