{"id":2590,"date":"2025-11-24T20:35:49","date_gmt":"2025-11-24T19:35:49","guid":{"rendered":"https:\/\/zenharmony.fr\/?page_id=2590"},"modified":"2025-11-24T20:53:07","modified_gmt":"2025-11-24T19:53:07","slug":"mentions-legales-zenharmony-fr","status":"publish","type":"page","link":"https:\/\/zenharmony.fr\/index.php\/mentions-legales-zenharmony-fr\/","title":{"rendered":"Mentions L\u00e9gales ZenHarmony.fr"},"content":{"rendered":"\t\t<div data-elementor-type=\"wp-page\" data-elementor-id=\"2590\" class=\"elementor elementor-2590\">\n\t\t\t\t<div class=\"elementor-element elementor-element-3344c1e e-flex e-con-boxed e-con e-parent\" data-id=\"3344c1e\" data-element_type=\"container\" data-e-type=\"container\">\n\t\t\t\t\t<div class=\"e-con-inner\">\n\t\t\t\t<div class=\"elementor-element elementor-element-1eb547e elementor-widget elementor-widget-text-editor\" data-id=\"1eb547e\" data-element_type=\"widget\" data-e-type=\"widget\" data-widget_type=\"text-editor.default\">\n\t\t\t\t<div class=\"elementor-widget-container\">\n\t\t\t\t\t\t\t\t\t<h2 data-start=\"348\" data-end=\"373\"><strong data-start=\"351\" data-end=\"373\">1. \u00c9diteur du site<\/strong><\/h2><p data-start=\"375\" data-end=\"424\">Le pr\u00e9sent site <strong data-start=\"391\" data-end=\"408\">zenharmony.fr<\/strong> est \u00e9dit\u00e9 par :<\/p><ul data-start=\"426\" data-end=\"801\"><li data-start=\"426\" data-end=\"485\"><p data-start=\"428\" data-end=\"485\"><strong data-start=\"428\" data-end=\"470\">Monia Omari<\/strong><\/p><\/li><li data-start=\"486\" data-end=\"530\"><p data-start=\"488\" data-end=\"530\"><strong data-start=\"488\" data-end=\"509\">Adresse postale :<\/strong> 7 bis chemin du Vieux Moulin 78 610 Le Perray en Yvelines<\/p><\/li><li data-start=\"531\" data-end=\"573\"><p data-start=\"533\" data-end=\"573\"><strong data-start=\"533\" data-end=\"555\">Email de contact :<\/strong> contact@zenharmony.fr<\/p><\/li><li data-start=\"574\" data-end=\"625\"><p data-start=\"576\" data-end=\"625\"><strong data-start=\"576\" data-end=\"601\">Num\u00e9ro de t\u00e9l\u00e9phone :<\/strong> 06 13 85 58 87<\/p><\/li><li data-start=\"626\" data-end=\"665\"><p data-start=\"628\" data-end=\"665\"><strong data-start=\"628\" data-end=\"646\">Num\u00e9ro SIRET :<\/strong> 531286 870 00039<\/p><\/li><li data-start=\"751\" data-end=\"801\"><p data-start=\"753\" data-end=\"801\"><strong data-start=\"753\" data-end=\"788\">Responsable de la publication :<\/strong> Monia Omari<\/p><\/li><\/ul><h2 data-start=\"808\" data-end=\"837\"><strong data-start=\"811\" data-end=\"837\">2. H\u00e9bergement du site<\/strong><\/h2><p data-start=\"839\" data-end=\"864\">Le site est h\u00e9berg\u00e9 par :<\/p><ul data-start=\"866\" data-end=\"1017\"><li data-start=\"866\" data-end=\"909\"><p data-start=\"868\" data-end=\"909\"><strong data-start=\"868\" data-end=\"892\">Nom de l\u2019h\u00e9bergeur :<\/strong>\u00a0 OVH SAS<\/p><\/li><li data-start=\"910\" data-end=\"961\"><p data-start=\"912\" data-end=\"961\"><strong data-start=\"912\" data-end=\"940\">Adresse de l\u2019h\u00e9bergeu: <\/strong>2, rue Kellermann, 59100 Roubaix.<\/p><\/li><li data-start=\"962\" data-end=\"1017\"><p data-start=\"964\" data-end=\"1017\"><strong data-start=\"964\" data-end=\"989\">T\u00e9l\u00e9phone \/ contact :<\/strong> +33 9 72 10 10 07<\/p><\/li><\/ul><h2 data-start=\"1024\" data-end=\"1042\"><strong data-start=\"1027\" data-end=\"1042\">3. Activit\u00e9<\/strong><\/h2><ul data-start=\"1044\" data-end=\"1337\"><li data-start=\"1044\" data-end=\"1164\"><p data-start=\"1046\" data-end=\"1164\"><strong data-start=\"1046\" data-end=\"1080\">Nature de l\u2019activit\u00e9 exerc\u00e9e :<\/strong>\u00a0 services de bien-\u00eatre, coaching et\u00a0 accompagnement<\/p><\/li><li data-start=\"1165\" data-end=\"1228\"><p data-start=\"1167\" data-end=\"1228\"><strong data-start=\"1167\" data-end=\"1189\">Statut juridique :<\/strong>\u00a0 micro-entreprise<\/p><\/li><li data-start=\"1229\" data-end=\"1337\"><p data-start=\"1231\" data-end=\"1337\"><strong data-start=\"1231\" data-end=\"1281\">Mentions sp\u00e9cifiques si activit\u00e9 r\u00e9glement\u00e9e :<\/strong> \u201cNon concern\u00e9\u201d<\/p><\/li><\/ul><h2 data-start=\"1344\" data-end=\"1378\"><strong data-start=\"1347\" data-end=\"1378\">4. Propri\u00e9t\u00e9 intellectuelle<\/strong><\/h2><p data-start=\"1380\" data-end=\"1551\">L\u2019ensemble des contenus pr\u00e9sents sur le site (textes, images, graphismes, logo, vid\u00e9os, ic\u00f4nes, structure du site\u2026) est prot\u00e9g\u00e9 par le Code de la propri\u00e9t\u00e9 intellectuelle.<\/p><p data-start=\"1553\" data-end=\"1655\">Sauf mention contraire, ces contenus sont la propri\u00e9t\u00e9 exclusive de Monia Omari.<\/p><p data-start=\"1657\" data-end=\"1797\">Toute reproduction, repr\u00e9sentation, modification, distribution ou exploitation sans autorisation \u00e9crite pr\u00e9alable est strictement interdite.<\/p><h2 data-start=\"1804\" data-end=\"1834\"><strong data-start=\"1807\" data-end=\"1834\">5. Donn\u00e9es personnelles<\/strong><\/h2><p data-start=\"1836\" data-end=\"2064\">Pour toute information concernant la collecte et le traitement de vos donn\u00e9es personnelles, veuillez consulter notre <strong data-start=\"1953\" data-end=\"1985\">Politique de Confidentialit\u00e9<\/strong>, disponible ici :<br data-start=\"2003\" data-end=\"2006\" \/>\ud83d\udc49 <a href=\"https:\/\/zenharmony.fr\/index.php\/politique-de-confidentialite-2\/\"><strong data-start=\"2009\" data-end=\"2064\">Lien complet vers la politique de confidentialit\u00e9<\/strong><\/a><\/p><h2 data-start=\"2071\" data-end=\"2088\"><strong data-start=\"2074\" data-end=\"2088\">6. Cookies<\/strong><\/h2><p data-start=\"2090\" data-end=\"2191\">Lors de la consultation du site, des cookies peuvent \u00eatre install\u00e9s sur le terminal de l\u2019utilisateur.<\/p><ul data-start=\"2193\" data-end=\"2587\"><li data-start=\"2193\" data-end=\"2285\"><p data-start=\"2195\" data-end=\"2285\"><strong data-start=\"2195\" data-end=\"2225\">Type de cookies utilis\u00e9s :<\/strong> fonctionnels \/ mesure d\u2019audience \/ marketing\u00a0<\/p><\/li><li data-start=\"2286\" data-end=\"2410\"><p data-start=\"2288\" data-end=\"2410\"><strong data-start=\"2288\" data-end=\"2314\">Finalit\u00e9 des cookies :<\/strong> Garantir le bon fonctionnement du site, analyser l\u2019utilisation, personnalisation<\/p><\/li><li data-start=\"2411\" data-end=\"2587\"><p data-start=\"2413\" data-end=\"2485\">L\u2019utilisateur peut \u00e0 tout moment g\u00e9rer ou d\u00e9sactiver les cookies via :<\/p><ul data-start=\"2488\" data-end=\"2587\"><li data-start=\"2488\" data-end=\"2550\"><p data-start=\"2490\" data-end=\"2550\">le bandeau de consentement affich\u00e9 \u00e0 l\u2019arriv\u00e9e sur le site<\/p><\/li><li data-start=\"2553\" data-end=\"2587\"><p data-start=\"2555\" data-end=\"2587\">les param\u00e8tres de son navigateur<\/p><\/li><\/ul><\/li><\/ul><p data-start=\"2589\" data-end=\"2673\">Pour plus d\u2019informations, veuillez consulter notre <a href=\"https:\/\/zenharmony.fr\/index.php\/politique-de-confidentialite-2\/\"><strong data-start=\"2640\" data-end=\"2672\">Politique de Confidentialit\u00e9<\/strong><\/a>.<\/p><h2 data-start=\"2680\" data-end=\"2704\"><strong data-start=\"2683\" data-end=\"2704\">7. Responsabilit\u00e9<\/strong><\/h2><p data-start=\"2706\" data-end=\"2884\"><strong data-start=\"2706\" data-end=\"2739\">Monia Omari <\/strong>s\u2019efforce de fournir des informations pr\u00e9cises et \u00e0 jour, mais ne peut garantir l\u2019exactitude, la compl\u00e9tude ou l\u2019actualit\u00e9 des contenus publi\u00e9s.<\/p><p data-start=\"2886\" data-end=\"2931\">L\u2019\u00e9diteur ne pourra \u00eatre tenu responsable :<\/p><ul data-start=\"2932\" data-end=\"3150\"><li data-start=\"2932\" data-end=\"2997\"><p data-start=\"2934\" data-end=\"2997\">de l\u2019utilisation du site ou des informations qu\u2019il contient ;<\/p><\/li><li data-start=\"2998\" data-end=\"3064\"><p data-start=\"3000\" data-end=\"3064\">des dommages directs ou indirects r\u00e9sultant de la navigation ;<\/p><\/li><li data-start=\"3065\" data-end=\"3150\"><p data-start=\"3067\" data-end=\"3150\">des contenus pr\u00e9sents sur des sites externes accessibles via des liens hypertextes.<\/p><\/li><li data-start=\"3065\" data-end=\"3150\">\u00a0<\/li><\/ul><h2 data-start=\"3157\" data-end=\"3181\"><strong data-start=\"3160\" data-end=\"3181\">8. Loi applicable<\/strong><\/h2><p data-start=\"3183\" data-end=\"3405\">Les pr\u00e9sentes mentions l\u00e9gales sont soumises au <strong data-start=\"3231\" data-end=\"3249\">droit fran\u00e7ais<\/strong>.<br data-start=\"3250\" data-end=\"3253\" \/>En cas de litige, et \u00e0 d\u00e9faut de r\u00e9solution amiable, la comp\u00e9tence est attribu\u00e9e aux tribunaux fran\u00e7ais conform\u00e9ment aux r\u00e8gles de proc\u00e9dure en vigueur.<\/p>\t\t\t\t\t\t\t\t<\/div>\n\t\t\t\t<\/div>\n\t\t\t\t\t<\/div>\n\t\t\t\t<\/div>\n\t\t\t\t<\/div>\n\t\t","protected":false},"excerpt":{"rendered":"<p>1. \u00c9diteur du site Le pr\u00e9sent site zenharmony.fr est \u00e9dit\u00e9 par : Monia Omari Adresse postale : 7 bis chemin du Vieux Moulin 78 610 Le Perray en Yvelines Email de contact : contact@zenharmony.fr Num\u00e9ro de t\u00e9l\u00e9phone : 06 13 85 58 87 Num\u00e9ro SIRET : 531286 870 00039 Responsable de la publication : Monia&#8230;<\/p>\n<p class=\"more-link\"><a href=\"https:\/\/zenharmony.fr\/index.php\/mentions-legales-zenharmony-fr\/\" class=\"themebutton3\">Read More<\/a><\/p>\n","protected":false},"author":1,"featured_media":2235,"parent":0,"menu_order":0,"comment_status":"closed","ping_status":"closed","template":"","meta":{"_monsterinsights_skip_tracking":false,"_monsterinsights_sitenote_active":false,"_monsterinsights_sitenote_note":"","_monsterinsights_sitenote_category":0,"footnotes":""},"class_list":["post-2590","page","type-page","status-publish","has-post-thumbnail","hentry"],"yoast_head":"<!-- This site is optimized with the Yoast SEO plugin v27.3 - https:\/\/yoast.com\/product\/yoast-seo-wordpress\/ -->\n<title>Mentions L\u00e9gales ZenHarmony.fr - ZenHarmony<\/title>\n<meta name=\"robots\" content=\"index, follow, max-snippet:-1, max-image-preview:large, max-video-preview:-1\" \/>\n<link rel=\"canonical\" href=\"https:\/\/zenharmony.fr\/index.php\/mentions-legales-zenharmony-fr\/\" \/>\n<meta property=\"og:locale\" content=\"fr_FR\" \/>\n<meta property=\"og:type\" content=\"article\" \/>\n<meta property=\"og:title\" content=\"Mentions L\u00e9gales ZenHarmony.fr - ZenHarmony\" \/>\n<meta property=\"og:description\" content=\"1. \u00c9diteur du site Le pr\u00e9sent site zenharmony.fr est \u00e9dit\u00e9 par : Monia Omari Adresse postale : 7 bis chemin du Vieux Moulin 78 610 Le Perray en Yvelines Email de contact : contact@zenharmony.fr Num\u00e9ro de t\u00e9l\u00e9phone : 06 13 85 58 87 Num\u00e9ro SIRET : 531286 870 00039 Responsable de la publication : Monia...Read More\" \/>\n<meta property=\"og:url\" content=\"https:\/\/zenharmony.fr\/index.php\/mentions-legales-zenharmony-fr\/\" \/>\n<meta property=\"og:site_name\" content=\"ZenHarmony\" \/>\n<meta property=\"article:modified_time\" content=\"2025-11-24T19:53:07+00:00\" \/>\n<meta property=\"og:image\" content=\"https:\/\/zenharmony.fr\/wp-content\/uploads\/2025\/11\/cropped-logo-zenharmony.jpg\" \/>\n\t<meta property=\"og:image:width\" content=\"561\" \/>\n\t<meta property=\"og:image:height\" content=\"284\" \/>\n\t<meta property=\"og:image:type\" content=\"image\/jpeg\" \/>\n<meta name=\"twitter:card\" content=\"summary_large_image\" \/>\n<meta name=\"twitter:label1\" content=\"Dur\u00e9e de lecture estim\u00e9e\" \/>\n\t<meta name=\"twitter:data1\" content=\"2 minutes\" \/>\n<script type=\"application\/ld+json\" class=\"yoast-schema-graph\">{\"@context\":\"https:\\\/\\\/schema.org\",\"@graph\":[{\"@type\":\"WebPage\",\"@id\":\"https:\\\/\\\/zenharmony.fr\\\/index.php\\\/mentions-legales-zenharmony-fr\\\/\",\"url\":\"https:\\\/\\\/zenharmony.fr\\\/index.php\\\/mentions-legales-zenharmony-fr\\\/\",\"name\":\"Mentions L\u00e9gales ZenHarmony.fr - ZenHarmony\",\"isPartOf\":{\"@id\":\"https:\\\/\\\/zenharmony.fr\\\/#website\"},\"primaryImageOfPage\":{\"@id\":\"https:\\\/\\\/zenharmony.fr\\\/index.php\\\/mentions-legales-zenharmony-fr\\\/#primaryimage\"},\"image\":{\"@id\":\"https:\\\/\\\/zenharmony.fr\\\/index.php\\\/mentions-legales-zenharmony-fr\\\/#primaryimage\"},\"thumbnailUrl\":\"https:\\\/\\\/i0.wp.com\\\/zenharmony.fr\\\/wp-content\\\/uploads\\\/2025\\\/11\\\/cropped-logo-zenharmony.jpg?fit=561%2C284&ssl=1\",\"datePublished\":\"2025-11-24T19:35:49+00:00\",\"dateModified\":\"2025-11-24T19:53:07+00:00\",\"breadcrumb\":{\"@id\":\"https:\\\/\\\/zenharmony.fr\\\/index.php\\\/mentions-legales-zenharmony-fr\\\/#breadcrumb\"},\"inLanguage\":\"fr-FR\",\"potentialAction\":[{\"@type\":\"ReadAction\",\"target\":[\"https:\\\/\\\/zenharmony.fr\\\/index.php\\\/mentions-legales-zenharmony-fr\\\/\"]}]},{\"@type\":\"ImageObject\",\"inLanguage\":\"fr-FR\",\"@id\":\"https:\\\/\\\/zenharmony.fr\\\/index.php\\\/mentions-legales-zenharmony-fr\\\/#primaryimage\",\"url\":\"https:\\\/\\\/i0.wp.com\\\/zenharmony.fr\\\/wp-content\\\/uploads\\\/2025\\\/11\\\/cropped-logo-zenharmony.jpg?fit=561%2C284&ssl=1\",\"contentUrl\":\"https:\\\/\\\/i0.wp.com\\\/zenharmony.fr\\\/wp-content\\\/uploads\\\/2025\\\/11\\\/cropped-logo-zenharmony.jpg?fit=561%2C284&ssl=1\",\"width\":561,\"height\":284},{\"@type\":\"BreadcrumbList\",\"@id\":\"https:\\\/\\\/zenharmony.fr\\\/index.php\\\/mentions-legales-zenharmony-fr\\\/#breadcrumb\",\"itemListElement\":[{\"@type\":\"ListItem\",\"position\":1,\"name\":\"Accueil\",\"item\":\"https:\\\/\\\/zenharmony.fr\\\/\"},{\"@type\":\"ListItem\",\"position\":2,\"name\":\"Mentions L\u00e9gales ZenHarmony.fr\"}]},{\"@type\":\"WebSite\",\"@id\":\"https:\\\/\\\/zenharmony.fr\\\/#website\",\"url\":\"https:\\\/\\\/zenharmony.fr\\\/\",\"name\":\"ZenHarmony\",\"description\":\"Sortir du mode pilote automatique\",\"publisher\":{\"@id\":\"https:\\\/\\\/zenharmony.fr\\\/#organization\"},\"potentialAction\":[{\"@type\":\"SearchAction\",\"target\":{\"@type\":\"EntryPoint\",\"urlTemplate\":\"https:\\\/\\\/zenharmony.fr\\\/?s={search_term_string}\"},\"query-input\":{\"@type\":\"PropertyValueSpecification\",\"valueRequired\":true,\"valueName\":\"search_term_string\"}}],\"inLanguage\":\"fr-FR\"},{\"@type\":\"Organization\",\"@id\":\"https:\\\/\\\/zenharmony.fr\\\/#organization\",\"name\":\"ZenHarmony\",\"url\":\"https:\\\/\\\/zenharmony.fr\\\/\",\"logo\":{\"@type\":\"ImageObject\",\"inLanguage\":\"fr-FR\",\"@id\":\"https:\\\/\\\/zenharmony.fr\\\/#\\\/schema\\\/logo\\\/image\\\/\",\"url\":\"https:\\\/\\\/i0.wp.com\\\/zenharmony.fr\\\/wp-content\\\/uploads\\\/2025\\\/11\\\/logo-zenharmony-sans-fond.png?fit=561%2C346&ssl=1\",\"contentUrl\":\"https:\\\/\\\/i0.wp.com\\\/zenharmony.fr\\\/wp-content\\\/uploads\\\/2025\\\/11\\\/logo-zenharmony-sans-fond.png?fit=561%2C346&ssl=1\",\"width\":561,\"height\":346,\"caption\":\"ZenHarmony\"},\"image\":{\"@id\":\"https:\\\/\\\/zenharmony.fr\\\/#\\\/schema\\\/logo\\\/image\\\/\"}}]}<\/script>\n<!-- \/ Yoast SEO plugin. -->","yoast_head_json":{"title":"Mentions L\u00e9gales ZenHarmony.fr - ZenHarmony","robots":{"index":"index","follow":"follow","max-snippet":"max-snippet:-1","max-image-preview":"max-image-preview:large","max-video-preview":"max-video-preview:-1"},"canonical":"https:\/\/zenharmony.fr\/index.php\/mentions-legales-zenharmony-fr\/","og_locale":"fr_FR","og_type":"article","og_title":"Mentions L\u00e9gales ZenHarmony.fr - ZenHarmony","og_description":"1. \u00c9diteur du site Le pr\u00e9sent site zenharmony.fr est \u00e9dit\u00e9 par : Monia Omari Adresse postale : 7 bis chemin du Vieux Moulin 78 610 Le Perray en Yvelines Email de contact : contact@zenharmony.fr Num\u00e9ro de t\u00e9l\u00e9phone : 06 13 85 58 87 Num\u00e9ro SIRET : 531286 870 00039 Responsable de la publication : Monia...Read More","og_url":"https:\/\/zenharmony.fr\/index.php\/mentions-legales-zenharmony-fr\/","og_site_name":"ZenHarmony","article_modified_time":"2025-11-24T19:53:07+00:00","og_image":[{"width":561,"height":284,"url":"https:\/\/zenharmony.fr\/wp-content\/uploads\/2025\/11\/cropped-logo-zenharmony.jpg","type":"image\/jpeg"}],"twitter_card":"summary_large_image","twitter_misc":{"Dur\u00e9e de lecture estim\u00e9e":"2 minutes"},"schema":{"@context":"https:\/\/schema.org","@graph":[{"@type":"WebPage","@id":"https:\/\/zenharmony.fr\/index.php\/mentions-legales-zenharmony-fr\/","url":"https:\/\/zenharmony.fr\/index.php\/mentions-legales-zenharmony-fr\/","name":"Mentions L\u00e9gales ZenHarmony.fr - ZenHarmony","isPartOf":{"@id":"https:\/\/zenharmony.fr\/#website"},"primaryImageOfPage":{"@id":"https:\/\/zenharmony.fr\/index.php\/mentions-legales-zenharmony-fr\/#primaryimage"},"image":{"@id":"https:\/\/zenharmony.fr\/index.php\/mentions-legales-zenharmony-fr\/#primaryimage"},"thumbnailUrl":"https:\/\/i0.wp.com\/zenharmony.fr\/wp-content\/uploads\/2025\/11\/cropped-logo-zenharmony.jpg?fit=561%2C284&ssl=1","datePublished":"2025-11-24T19:35:49+00:00","dateModified":"2025-11-24T19:53:07+00:00","breadcrumb":{"@id":"https:\/\/zenharmony.fr\/index.php\/mentions-legales-zenharmony-fr\/#breadcrumb"},"inLanguage":"fr-FR","potentialAction":[{"@type":"ReadAction","target":["https:\/\/zenharmony.fr\/index.php\/mentions-legales-zenharmony-fr\/"]}]},{"@type":"ImageObject","inLanguage":"fr-FR","@id":"https:\/\/zenharmony.fr\/index.php\/mentions-legales-zenharmony-fr\/#primaryimage","url":"https:\/\/i0.wp.com\/zenharmony.fr\/wp-content\/uploads\/2025\/11\/cropped-logo-zenharmony.jpg?fit=561%2C284&ssl=1","contentUrl":"https:\/\/i0.wp.com\/zenharmony.fr\/wp-content\/uploads\/2025\/11\/cropped-logo-zenharmony.jpg?fit=561%2C284&ssl=1","width":561,"height":284},{"@type":"BreadcrumbList","@id":"https:\/\/zenharmony.fr\/index.php\/mentions-legales-zenharmony-fr\/#breadcrumb","itemListElement":[{"@type":"ListItem","position":1,"name":"Accueil","item":"https:\/\/zenharmony.fr\/"},{"@type":"ListItem","position":2,"name":"Mentions L\u00e9gales ZenHarmony.fr"}]},{"@type":"WebSite","@id":"https:\/\/zenharmony.fr\/#website","url":"https:\/\/zenharmony.fr\/","name":"ZenHarmony","description":"Sortir du mode pilote automatique","publisher":{"@id":"https:\/\/zenharmony.fr\/#organization"},"potentialAction":[{"@type":"SearchAction","target":{"@type":"EntryPoint","urlTemplate":"https:\/\/zenharmony.fr\/?s={search_term_string}"},"query-input":{"@type":"PropertyValueSpecification","valueRequired":true,"valueName":"search_term_string"}}],"inLanguage":"fr-FR"},{"@type":"Organization","@id":"https:\/\/zenharmony.fr\/#organization","name":"ZenHarmony","url":"https:\/\/zenharmony.fr\/","logo":{"@type":"ImageObject","inLanguage":"fr-FR","@id":"https:\/\/zenharmony.fr\/#\/schema\/logo\/image\/","url":"https:\/\/i0.wp.com\/zenharmony.fr\/wp-content\/uploads\/2025\/11\/logo-zenharmony-sans-fond.png?fit=561%2C346&ssl=1","contentUrl":"https:\/\/i0.wp.com\/zenharmony.fr\/wp-content\/uploads\/2025\/11\/logo-zenharmony-sans-fond.png?fit=561%2C346&ssl=1","width":561,"height":346,"caption":"ZenHarmony"},"image":{"@id":"https:\/\/zenharmony.fr\/#\/schema\/logo\/image\/"}}]}},"jetpack_sharing_enabled":true,"_links":{"self":[{"href":"https:\/\/zenharmony.fr\/index.php\/wp-json\/wp\/v2\/pages\/2590","targetHints":{"allow":["GET"]}}],"collection":[{"href":"https:\/\/zenharmony.fr\/index.php\/wp-json\/wp\/v2\/pages"}],"about":[{"href":"https:\/\/zenharmony.fr\/index.php\/wp-json\/wp\/v2\/types\/page"}],"author":[{"embeddable":true,"href":"https:\/\/zenharmony.fr\/index.php\/wp-json\/wp\/v2\/users\/1"}],"replies":[{"embeddable":true,"href":"https:\/\/zenharmony.fr\/index.php\/wp-json\/wp\/v2\/comments?post=2590"}],"version-history":[{"count":7,"href":"https:\/\/zenharmony.fr\/index.php\/wp-json\/wp\/v2\/pages\/2590\/revisions"}],"predecessor-version":[{"id":2599,"href":"https:\/\/zenharmony.fr\/index.php\/wp-json\/wp\/v2\/pages\/2590\/revisions\/2599"}],"wp:featuredmedia":[{"embeddable":true,"href":"https:\/\/zenharmony.fr\/index.php\/wp-json\/wp\/v2\/media\/2235"}],"wp:attachment":[{"href":"https:\/\/zenharmony.fr\/index.php\/wp-json\/wp\/v2\/media?parent=2590"}],"curies":[{"name":"wp","href":"https:\/\/api.w.org\/{rel}","templated":true}]}}