{"id":889,"date":"2023-11-12T00:31:40","date_gmt":"2023-11-11T23:31:40","guid":{"rendered":"https:\/\/zenharmony.fr\/?page_id=889"},"modified":"2025-11-18T01:47:41","modified_gmt":"2025-11-18T00:47:41","slug":"accompagnement-personnalise","status":"publish","type":"page","link":"https:\/\/zenharmony.fr\/index.php\/accompagnement-personnalise\/","title":{"rendered":"Accompagnements"},"content":{"rendered":"\t\t<div data-elementor-type=\"wp-page\" data-elementor-id=\"889\" class=\"elementor elementor-889\">\n\t\t\t\t<div class=\"elementor-element elementor-element-1410c83 e-flex e-con-boxed e-con e-parent\" data-id=\"1410c83\" data-element_type=\"container\" data-e-type=\"container\">\n\t\t\t\t\t<div class=\"e-con-inner\">\n\t\t\t\t<div class=\"elementor-element elementor-element-f39a999 elementor-widget elementor-widget-spacer\" data-id=\"f39a999\" data-element_type=\"widget\" data-e-type=\"widget\" data-widget_type=\"spacer.default\">\n\t\t\t\t<div class=\"elementor-widget-container\">\n\t\t\t\t\t\t\t<div class=\"elementor-spacer\">\n\t\t\t<div class=\"elementor-spacer-inner\"><\/div>\n\t\t<\/div>\n\t\t\t\t\t\t<\/div>\n\t\t\t\t<\/div>\n\t\t\t\t<div class=\"elementor-element elementor-element-1038621 elementor-widget elementor-widget-heading\" data-id=\"1038621\" data-element_type=\"widget\" data-e-type=\"widget\" data-widget_type=\"heading.default\">\n\t\t\t\t<div class=\"elementor-widget-container\">\n\t\t\t\t\t<h2 class=\"elementor-heading-title elementor-size-default\">\"S'\u00e9panouir et Grandir : L'Art du Coaching et de l'Accompagnement Personnel\"<\/h2>\t\t\t\t<\/div>\n\t\t\t\t<\/div>\n\t\t\t\t<div class=\"elementor-element elementor-element-e010280 elementor-widget elementor-widget-text-editor\" data-id=\"e010280\" data-element_type=\"widget\" data-e-type=\"widget\" data-widget_type=\"text-editor.default\">\n\t\t\t\t<div class=\"elementor-widget-container\">\n\t\t\t\t\t\t\t\t\t<p>Dans notre qu\u00eate constante de croissance et d&rsquo;\u00e9panouissement, le coaching et l&rsquo;accompagnement personnel \u00e9mergent comme des phares, \u00e9clairant le chemin vers une vie plus \u00e9quilibr\u00e9e et enrichissante. Explorons l&rsquo;art profond\u00e9ment transformateur du coaching et de l&rsquo;accompagnement.<\/p><h3><strong>Les Fondements du Coaching<\/strong><\/h3><p>Le coaching va bien au-del\u00e0 du simple fait de donner des conseils. C&rsquo;est un partenariat dynamique qui vise \u00e0 d\u00e9bloquer le potentiel d&rsquo;une personne pour maximiser sa performance. L&rsquo;accent est mis sur le pr\u00e9sent et l&rsquo;avenir, orient\u00e9 vers des objectifs clairs et r\u00e9alisables.<\/p><h3><strong>Les Avantages de l&rsquo;Accompagnement Personnel<\/strong><\/h3><h4>D\u00e9veloppement Personnel<\/h4><p>Le coaching personnel offre un espace s\u00fbr pour explorer vos valeurs, vos objectifs, et les obstacles qui peuvent entraver votre croissance personnelle. C&rsquo;est un voyage vers une meilleure connaissance de soi.<\/p><h4>Gestion du Changement<\/h4><p>Face \u00e0 des transitions de vie importantes, un coach peut offrir un soutien crucial pour naviguer \u00e0 travers les changements, vous aidant \u00e0 d\u00e9velopper des strat\u00e9gies et \u00e0 maintenir une vision positive.<\/p><h4>Am\u00e9lioration des Performances Professionnelles<\/h4><p>Dans le monde professionnel, le coaching ex\u00e9cutif peut jouer un r\u00f4le essentiel pour d\u00e9velopper le leadership, am\u00e9liorer la communication, et augmenter l&rsquo;efficacit\u00e9 organisationnelle.<\/p><h3><strong>Les Diff\u00e9rents Types de Coaching<\/strong><\/h3><h4>Coaching de Vie<\/h4><p>Ax\u00e9 sur le d\u00e9veloppement personnel, le coaching de vie explore les aspirations, les valeurs, et les d\u00e9fis personnels pour cr\u00e9er une vie plus \u00e9panouissante.<\/p><h4>Coaching Professionnel<\/h4><p>Destin\u00e9 aux individus cherchant \u00e0 exceller dans leur carri\u00e8re, le coaching professionnel cible des objectifs sp\u00e9cifiques li\u00e9s au travail et \u00e0 la vie professionnelle.<\/p><h4>Coaching en Gestion du Stress<\/h4><p>Particuli\u00e8rement pertinent dans le monde moderne, le coaching en gestion du stress offre des outils pratiques pour faire face aux pressions de la vie quotidienne.<\/p><h3><strong>Int\u00e9grer le Coaching dans Votre Vie<\/strong><\/h3><p>Que vous cherchiez \u00e0 surmonter des d\u00e9fis personnels, \u00e0 atteindre des objectifs professionnels ambitieux, ou simplement \u00e0 am\u00e9liorer votre bien-\u00eatre global, le coaching et l&rsquo;accompagnement personnel sont des outils puissants \u00e0 votre disposition.<\/p><h3><strong>Pour Aller Plus Loin<\/strong><\/h3><p>Si vous ressentez le besoin d&rsquo;un soutien personnel, contactez moi au 06 13 85 58 87 pour prendre RDV pour une s\u00e9ance d\u00e9couverte et voir si je peux vous accompagner.<\/p>\t\t\t\t\t\t\t\t<\/div>\n\t\t\t\t<\/div>\n\t\t\t\t\t<\/div>\n\t\t\t\t<\/div>\n\t\t\t\t<\/div>\n\t\t","protected":false},"excerpt":{"rendered":"<p>\u00ab\u00a0S&rsquo;\u00e9panouir et Grandir : L&rsquo;Art du Coaching et de l&rsquo;Accompagnement Personnel\u00a0\u00bb Dans notre qu\u00eate constante de croissance et d&rsquo;\u00e9panouissement, le coaching et l&rsquo;accompagnement personnel \u00e9mergent comme des phares, \u00e9clairant le chemin vers une vie plus \u00e9quilibr\u00e9e et enrichissante. Explorons l&rsquo;art profond\u00e9ment transformateur du coaching et de l&rsquo;accompagnement. Les Fondements du Coaching Le coaching va bien&#8230;<\/p>\n<p class=\"more-link\"><a href=\"https:\/\/zenharmony.fr\/index.php\/accompagnement-personnalise\/\" class=\"themebutton3\">Read More<\/a><\/p>\n","protected":false},"author":1,"featured_media":2235,"parent":0,"menu_order":0,"comment_status":"closed","ping_status":"closed","template":"","meta":{"_monsterinsights_skip_tracking":false,"_monsterinsights_sitenote_active":false,"_monsterinsights_sitenote_note":"","_monsterinsights_sitenote_category":0,"footnotes":""},"class_list":["post-889","page","type-page","status-publish","has-post-thumbnail","hentry"],"yoast_head":"<!-- This site is optimized with the Yoast SEO plugin v27.3 - https:\/\/yoast.com\/product\/yoast-seo-wordpress\/ -->\n<title>Accompagnements - ZenHarmony<\/title>\n<meta name=\"robots\" content=\"index, follow, max-snippet:-1, max-image-preview:large, max-video-preview:-1\" \/>\n<link rel=\"canonical\" href=\"https:\/\/zenharmony.fr\/index.php\/accompagnement-personnalise\/\" \/>\n<meta property=\"og:locale\" content=\"fr_FR\" \/>\n<meta property=\"og:type\" content=\"article\" \/>\n<meta property=\"og:title\" content=\"Accompagnements - ZenHarmony\" \/>\n<meta property=\"og:description\" content=\"\u00ab\u00a0S&rsquo;\u00e9panouir et Grandir : L&rsquo;Art du Coaching et de l&rsquo;Accompagnement Personnel\u00a0\u00bb Dans notre qu\u00eate constante de croissance et d&rsquo;\u00e9panouissement, le coaching et l&rsquo;accompagnement personnel \u00e9mergent comme des phares, \u00e9clairant le chemin vers une vie plus \u00e9quilibr\u00e9e et enrichissante. Explorons l&rsquo;art profond\u00e9ment transformateur du coaching et de l&rsquo;accompagnement. Les Fondements du Coaching Le coaching va bien...Read More\" \/>\n<meta property=\"og:url\" content=\"https:\/\/zenharmony.fr\/index.php\/accompagnement-personnalise\/\" \/>\n<meta property=\"og:site_name\" content=\"ZenHarmony\" \/>\n<meta property=\"article:modified_time\" content=\"2025-11-18T00:47:41+00:00\" \/>\n<meta property=\"og:image\" content=\"https:\/\/zenharmony.fr\/wp-content\/uploads\/2025\/11\/cropped-logo-zenharmony.jpg\" \/>\n\t<meta property=\"og:image:width\" content=\"561\" \/>\n\t<meta property=\"og:image:height\" content=\"284\" \/>\n\t<meta property=\"og:image:type\" content=\"image\/jpeg\" \/>\n<meta name=\"twitter:card\" content=\"summary_large_image\" \/>\n<meta name=\"twitter:label1\" content=\"Dur\u00e9e de lecture estim\u00e9e\" \/>\n\t<meta name=\"twitter:data1\" content=\"2 minutes\" \/>\n<script type=\"application\/ld+json\" class=\"yoast-schema-graph\">{\"@context\":\"https:\\\/\\\/schema.org\",\"@graph\":[{\"@type\":\"WebPage\",\"@id\":\"https:\\\/\\\/zenharmony.fr\\\/index.php\\\/accompagnement-personnalise\\\/\",\"url\":\"https:\\\/\\\/zenharmony.fr\\\/index.php\\\/accompagnement-personnalise\\\/\",\"name\":\"Accompagnements - ZenHarmony\",\"isPartOf\":{\"@id\":\"https:\\\/\\\/zenharmony.fr\\\/#website\"},\"primaryImageOfPage\":{\"@id\":\"https:\\\/\\\/zenharmony.fr\\\/index.php\\\/accompagnement-personnalise\\\/#primaryimage\"},\"image\":{\"@id\":\"https:\\\/\\\/zenharmony.fr\\\/index.php\\\/accompagnement-personnalise\\\/#primaryimage\"},\"thumbnailUrl\":\"https:\\\/\\\/i0.wp.com\\\/zenharmony.fr\\\/wp-content\\\/uploads\\\/2025\\\/11\\\/cropped-logo-zenharmony.jpg?fit=561%2C284&ssl=1\",\"datePublished\":\"2023-11-11T23:31:40+00:00\",\"dateModified\":\"2025-11-18T00:47:41+00:00\",\"breadcrumb\":{\"@id\":\"https:\\\/\\\/zenharmony.fr\\\/index.php\\\/accompagnement-personnalise\\\/#breadcrumb\"},\"inLanguage\":\"fr-FR\",\"potentialAction\":[{\"@type\":\"ReadAction\",\"target\":[\"https:\\\/\\\/zenharmony.fr\\\/index.php\\\/accompagnement-personnalise\\\/\"]}]},{\"@type\":\"ImageObject\",\"inLanguage\":\"fr-FR\",\"@id\":\"https:\\\/\\\/zenharmony.fr\\\/index.php\\\/accompagnement-personnalise\\\/#primaryimage\",\"url\":\"https:\\\/\\\/i0.wp.com\\\/zenharmony.fr\\\/wp-content\\\/uploads\\\/2025\\\/11\\\/cropped-logo-zenharmony.jpg?fit=561%2C284&ssl=1\",\"contentUrl\":\"https:\\\/\\\/i0.wp.com\\\/zenharmony.fr\\\/wp-content\\\/uploads\\\/2025\\\/11\\\/cropped-logo-zenharmony.jpg?fit=561%2C284&ssl=1\",\"width\":561,\"height\":284},{\"@type\":\"BreadcrumbList\",\"@id\":\"https:\\\/\\\/zenharmony.fr\\\/index.php\\\/accompagnement-personnalise\\\/#breadcrumb\",\"itemListElement\":[{\"@type\":\"ListItem\",\"position\":1,\"name\":\"Accueil\",\"item\":\"https:\\\/\\\/zenharmony.fr\\\/\"},{\"@type\":\"ListItem\",\"position\":2,\"name\":\"Accompagnements\"}]},{\"@type\":\"WebSite\",\"@id\":\"https:\\\/\\\/zenharmony.fr\\\/#website\",\"url\":\"https:\\\/\\\/zenharmony.fr\\\/\",\"name\":\"ZenHarmony\",\"description\":\"Sortir du mode pilote automatique\",\"publisher\":{\"@id\":\"https:\\\/\\\/zenharmony.fr\\\/#organization\"},\"potentialAction\":[{\"@type\":\"SearchAction\",\"target\":{\"@type\":\"EntryPoint\",\"urlTemplate\":\"https:\\\/\\\/zenharmony.fr\\\/?s={search_term_string}\"},\"query-input\":{\"@type\":\"PropertyValueSpecification\",\"valueRequired\":true,\"valueName\":\"search_term_string\"}}],\"inLanguage\":\"fr-FR\"},{\"@type\":\"Organization\",\"@id\":\"https:\\\/\\\/zenharmony.fr\\\/#organization\",\"name\":\"ZenHarmony\",\"url\":\"https:\\\/\\\/zenharmony.fr\\\/\",\"logo\":{\"@type\":\"ImageObject\",\"inLanguage\":\"fr-FR\",\"@id\":\"https:\\\/\\\/zenharmony.fr\\\/#\\\/schema\\\/logo\\\/image\\\/\",\"url\":\"https:\\\/\\\/i0.wp.com\\\/zenharmony.fr\\\/wp-content\\\/uploads\\\/2025\\\/11\\\/logo-zenharmony-sans-fond.png?fit=561%2C346&ssl=1\",\"contentUrl\":\"https:\\\/\\\/i0.wp.com\\\/zenharmony.fr\\\/wp-content\\\/uploads\\\/2025\\\/11\\\/logo-zenharmony-sans-fond.png?fit=561%2C346&ssl=1\",\"width\":561,\"height\":346,\"caption\":\"ZenHarmony\"},\"image\":{\"@id\":\"https:\\\/\\\/zenharmony.fr\\\/#\\\/schema\\\/logo\\\/image\\\/\"}}]}<\/script>\n<!-- \/ Yoast SEO plugin. -->","yoast_head_json":{"title":"Accompagnements - ZenHarmony","robots":{"index":"index","follow":"follow","max-snippet":"max-snippet:-1","max-image-preview":"max-image-preview:large","max-video-preview":"max-video-preview:-1"},"canonical":"https:\/\/zenharmony.fr\/index.php\/accompagnement-personnalise\/","og_locale":"fr_FR","og_type":"article","og_title":"Accompagnements - ZenHarmony","og_description":"\u00ab\u00a0S&rsquo;\u00e9panouir et Grandir : L&rsquo;Art du Coaching et de l&rsquo;Accompagnement Personnel\u00a0\u00bb Dans notre qu\u00eate constante de croissance et d&rsquo;\u00e9panouissement, le coaching et l&rsquo;accompagnement personnel \u00e9mergent comme des phares, \u00e9clairant le chemin vers une vie plus \u00e9quilibr\u00e9e et enrichissante. Explorons l&rsquo;art profond\u00e9ment transformateur du coaching et de l&rsquo;accompagnement. Les Fondements du Coaching Le coaching va bien...Read More","og_url":"https:\/\/zenharmony.fr\/index.php\/accompagnement-personnalise\/","og_site_name":"ZenHarmony","article_modified_time":"2025-11-18T00:47:41+00:00","og_image":[{"width":561,"height":284,"url":"https:\/\/zenharmony.fr\/wp-content\/uploads\/2025\/11\/cropped-logo-zenharmony.jpg","type":"image\/jpeg"}],"twitter_card":"summary_large_image","twitter_misc":{"Dur\u00e9e de lecture estim\u00e9e":"2 minutes"},"schema":{"@context":"https:\/\/schema.org","@graph":[{"@type":"WebPage","@id":"https:\/\/zenharmony.fr\/index.php\/accompagnement-personnalise\/","url":"https:\/\/zenharmony.fr\/index.php\/accompagnement-personnalise\/","name":"Accompagnements - ZenHarmony","isPartOf":{"@id":"https:\/\/zenharmony.fr\/#website"},"primaryImageOfPage":{"@id":"https:\/\/zenharmony.fr\/index.php\/accompagnement-personnalise\/#primaryimage"},"image":{"@id":"https:\/\/zenharmony.fr\/index.php\/accompagnement-personnalise\/#primaryimage"},"thumbnailUrl":"https:\/\/i0.wp.com\/zenharmony.fr\/wp-content\/uploads\/2025\/11\/cropped-logo-zenharmony.jpg?fit=561%2C284&ssl=1","datePublished":"2023-11-11T23:31:40+00:00","dateModified":"2025-11-18T00:47:41+00:00","breadcrumb":{"@id":"https:\/\/zenharmony.fr\/index.php\/accompagnement-personnalise\/#breadcrumb"},"inLanguage":"fr-FR","potentialAction":[{"@type":"ReadAction","target":["https:\/\/zenharmony.fr\/index.php\/accompagnement-personnalise\/"]}]},{"@type":"ImageObject","inLanguage":"fr-FR","@id":"https:\/\/zenharmony.fr\/index.php\/accompagnement-personnalise\/#primaryimage","url":"https:\/\/i0.wp.com\/zenharmony.fr\/wp-content\/uploads\/2025\/11\/cropped-logo-zenharmony.jpg?fit=561%2C284&ssl=1","contentUrl":"https:\/\/i0.wp.com\/zenharmony.fr\/wp-content\/uploads\/2025\/11\/cropped-logo-zenharmony.jpg?fit=561%2C284&ssl=1","width":561,"height":284},{"@type":"BreadcrumbList","@id":"https:\/\/zenharmony.fr\/index.php\/accompagnement-personnalise\/#breadcrumb","itemListElement":[{"@type":"ListItem","position":1,"name":"Accueil","item":"https:\/\/zenharmony.fr\/"},{"@type":"ListItem","position":2,"name":"Accompagnements"}]},{"@type":"WebSite","@id":"https:\/\/zenharmony.fr\/#website","url":"https:\/\/zenharmony.fr\/","name":"ZenHarmony","description":"Sortir du mode pilote automatique","publisher":{"@id":"https:\/\/zenharmony.fr\/#organization"},"potentialAction":[{"@type":"SearchAction","target":{"@type":"EntryPoint","urlTemplate":"https:\/\/zenharmony.fr\/?s={search_term_string}"},"query-input":{"@type":"PropertyValueSpecification","valueRequired":true,"valueName":"search_term_string"}}],"inLanguage":"fr-FR"},{"@type":"Organization","@id":"https:\/\/zenharmony.fr\/#organization","name":"ZenHarmony","url":"https:\/\/zenharmony.fr\/","logo":{"@type":"ImageObject","inLanguage":"fr-FR","@id":"https:\/\/zenharmony.fr\/#\/schema\/logo\/image\/","url":"https:\/\/i0.wp.com\/zenharmony.fr\/wp-content\/uploads\/2025\/11\/logo-zenharmony-sans-fond.png?fit=561%2C346&ssl=1","contentUrl":"https:\/\/i0.wp.com\/zenharmony.fr\/wp-content\/uploads\/2025\/11\/logo-zenharmony-sans-fond.png?fit=561%2C346&ssl=1","width":561,"height":346,"caption":"ZenHarmony"},"image":{"@id":"https:\/\/zenharmony.fr\/#\/schema\/logo\/image\/"}}]}},"jetpack_sharing_enabled":true,"_links":{"self":[{"href":"https:\/\/zenharmony.fr\/index.php\/wp-json\/wp\/v2\/pages\/889","targetHints":{"allow":["GET"]}}],"collection":[{"href":"https:\/\/zenharmony.fr\/index.php\/wp-json\/wp\/v2\/pages"}],"about":[{"href":"https:\/\/zenharmony.fr\/index.php\/wp-json\/wp\/v2\/types\/page"}],"author":[{"embeddable":true,"href":"https:\/\/zenharmony.fr\/index.php\/wp-json\/wp\/v2\/users\/1"}],"replies":[{"embeddable":true,"href":"https:\/\/zenharmony.fr\/index.php\/wp-json\/wp\/v2\/comments?post=889"}],"version-history":[{"count":15,"href":"https:\/\/zenharmony.fr\/index.php\/wp-json\/wp\/v2\/pages\/889\/revisions"}],"predecessor-version":[{"id":2505,"href":"https:\/\/zenharmony.fr\/index.php\/wp-json\/wp\/v2\/pages\/889\/revisions\/2505"}],"wp:featuredmedia":[{"embeddable":true,"href":"https:\/\/zenharmony.fr\/index.php\/wp-json\/wp\/v2\/media\/2235"}],"wp:attachment":[{"href":"https:\/\/zenharmony.fr\/index.php\/wp-json\/wp\/v2\/media?parent=889"}],"curies":[{"name":"wp","href":"https:\/\/api.w.org\/{rel}","templated":true}]}}