{"id":893,"date":"2023-11-12T00:37:05","date_gmt":"2023-11-11T23:37:05","guid":{"rendered":"https:\/\/zenharmony.fr\/?page_id=893"},"modified":"2024-08-24T00:17:48","modified_gmt":"2024-08-23T22:17:48","slug":"ateliers","status":"publish","type":"page","link":"https:\/\/zenharmony.fr\/index.php\/ateliers\/","title":{"rendered":"Ateliers"},"content":{"rendered":"\t\t<div data-elementor-type=\"wp-page\" data-elementor-id=\"893\" class=\"elementor elementor-893\">\n\t\t\t\t<div class=\"elementor-element elementor-element-eb17661 e-flex e-con-boxed e-con e-parent\" data-id=\"eb17661\" data-element_type=\"container\" data-e-type=\"container\">\n\t\t\t\t\t<div class=\"e-con-inner\">\n\t\t\t\t<div class=\"elementor-element elementor-element-ab70070 elementor-widget elementor-widget-spacer\" data-id=\"ab70070\" data-element_type=\"widget\" data-e-type=\"widget\" data-widget_type=\"spacer.default\">\n\t\t\t\t<div class=\"elementor-widget-container\">\n\t\t\t\t\t\t\t<div class=\"elementor-spacer\">\n\t\t\t<div class=\"elementor-spacer-inner\"><\/div>\n\t\t<\/div>\n\t\t\t\t\t\t<\/div>\n\t\t\t\t<\/div>\n\t\t\t\t<div class=\"elementor-element elementor-element-d51fe30 elementor-align-start elementor-mobile-align-center elementor-icon-list--layout-traditional elementor-list-item-link-full_width elementor-widget elementor-widget-icon-list\" data-id=\"d51fe30\" data-element_type=\"widget\" data-e-type=\"widget\" data-widget_type=\"icon-list.default\">\n\t\t\t\t<div class=\"elementor-widget-container\">\n\t\t\t\t\t\t\t<ul class=\"elementor-icon-list-items\">\n\t\t\t\t\t\t\t<li class=\"elementor-icon-list-item\">\n\t\t\t\t\t\t\t\t\t\t\t<a href=\"https:\/\/zenharmony.fr\/index.php\/ateliers-en-ligne\/\">\n\n\t\t\t\t\t\t\t\t\t\t\t\t<span class=\"elementor-icon-list-icon\">\n\t\t\t\t\t\t\t<i aria-hidden=\"true\" class=\"far fa-list-alt\"><\/i>\t\t\t\t\t\t<\/span>\n\t\t\t\t\t\t\t\t\t\t<span class=\"elementor-icon-list-text\">Planning des ateliers en ligne<\/span>\n\t\t\t\t\t\t\t\t\t\t\t<\/a>\n\t\t\t\t\t\t\t\t\t<\/li>\n\t\t\t\t\t\t<\/ul>\n\t\t\t\t\t\t<\/div>\n\t\t\t\t<\/div>\n\t\t\t\t<div class=\"elementor-element elementor-element-60aff5a elementor-align-start elementor-mobile-align-center elementor-icon-list--layout-traditional elementor-list-item-link-full_width elementor-widget elementor-widget-icon-list\" data-id=\"60aff5a\" data-element_type=\"widget\" data-e-type=\"widget\" data-widget_type=\"icon-list.default\">\n\t\t\t\t<div class=\"elementor-widget-container\">\n\t\t\t\t\t\t\t<ul class=\"elementor-icon-list-items\">\n\t\t\t\t\t\t\t<li class=\"elementor-icon-list-item\">\n\t\t\t\t\t\t\t\t\t\t\t<a href=\"https:\/\/zenharmony.fr\/index.php\/planning-des-ateliers-au-perray-en-yvelines-78-610-pres-de-rambouillet\/\">\n\n\t\t\t\t\t\t\t\t\t\t\t\t<span class=\"elementor-icon-list-icon\">\n\t\t\t\t\t\t\t<i aria-hidden=\"true\" class=\"far fa-list-alt\"><\/i>\t\t\t\t\t\t<\/span>\n\t\t\t\t\t\t\t\t\t\t<span class=\"elementor-icon-list-text\">Planning des activit\u00e9s au Perray en Yvelines<\/span>\n\t\t\t\t\t\t\t\t\t\t\t<\/a>\n\t\t\t\t\t\t\t\t\t<\/li>\n\t\t\t\t\t\t<\/ul>\n\t\t\t\t\t\t<\/div>\n\t\t\t\t<\/div>\n\t\t\t\t\t<\/div>\n\t\t\t\t<\/div>\n\t\t<div class=\"elementor-element elementor-element-1be5baa e-flex e-con-boxed e-con e-parent\" data-id=\"1be5baa\" data-element_type=\"container\" data-e-type=\"container\">\n\t\t\t\t\t<div class=\"e-con-inner\">\n\t\t\t\t<div class=\"elementor-element elementor-element-b77f049 elementor-widget elementor-widget-heading\" data-id=\"b77f049\" data-element_type=\"widget\" data-e-type=\"widget\" data-widget_type=\"heading.default\">\n\t\t\t\t<div class=\"elementor-widget-container\">\n\t\t\t\t\t<h2 class=\"elementor-heading-title elementor-size-default\">Ateliers Feng Shui <\/h2>\t\t\t\t<\/div>\n\t\t\t\t<\/div>\n\t\t\t\t<div class=\"elementor-element elementor-element-747555d elementor-widget elementor-widget-spacer\" data-id=\"747555d\" data-element_type=\"widget\" data-e-type=\"widget\" data-widget_type=\"spacer.default\">\n\t\t\t\t<div class=\"elementor-widget-container\">\n\t\t\t\t\t\t\t<div class=\"elementor-spacer\">\n\t\t\t<div class=\"elementor-spacer-inner\"><\/div>\n\t\t<\/div>\n\t\t\t\t\t\t<\/div>\n\t\t\t\t<\/div>\n\t\t\t\t<div class=\"elementor-element elementor-element-73d1951 elementor-align-center elementor-widget elementor-widget-button\" data-id=\"73d1951\" data-element_type=\"widget\" data-e-type=\"widget\" data-widget_type=\"button.default\">\n\t\t\t\t<div class=\"elementor-widget-container\">\n\t\t\t\t\t\t\t\t\t<div class=\"elementor-button-wrapper\">\n\t\t\t\t\t<a class=\"elementor-button elementor-button-link elementor-size-sm\" href=\"https:\/\/zenharmony.fr\/index.php\/programme-des-ateliers-du-week-end\/\">\n\t\t\t\t\t\t<span class=\"elementor-button-content-wrapper\">\n\t\t\t\t\t\t\t\t\t<span class=\"elementor-button-text\">Cliquez ici pour la description et les dates<\/span>\n\t\t\t\t\t<\/span>\n\t\t\t\t\t<\/a>\n\t\t\t\t<\/div>\n\t\t\t\t\t\t\t\t<\/div>\n\t\t\t\t<\/div>\n\t\t\t\t\t<\/div>\n\t\t\t\t<\/div>\n\t\t<div class=\"elementor-element elementor-element-b829d61 e-flex e-con-boxed e-con e-parent\" data-id=\"b829d61\" data-element_type=\"container\" data-e-type=\"container\">\n\t\t\t\t\t<div class=\"e-con-inner\">\n\t\t\t\t<div class=\"elementor-element elementor-element-6e2a8c2 elementor-widget elementor-widget-etww-woo-products\" data-id=\"6e2a8c2\" data-element_type=\"widget\" data-e-type=\"widget\" data-widget_type=\"etww-woo-products.default\">\n\t\t\t\t<div class=\"elementor-widget-container\">\n\t\t\t\t\t<div class=\"woocommerce columns-2\"><ul class=\"products columns-2\">\n<li class=\"product type-product post-1057 status-publish first instock product_cat-ateliers-bien-etre has-post-thumbnail taxable shipping-taxable purchasable product-type-simple\">\n\t<a href=\"https:\/\/zenharmony.fr\/index.php\/produit\/atelier-feng-shui\/\" class=\"woocommerce-LoopProduct-link woocommerce-loop-product__link\"><img fetchpriority=\"high\" decoding=\"async\" width=\"300\" height=\"284\" src=\"https:\/\/i0.wp.com\/zenharmony.fr\/wp-content\/uploads\/2025\/11\/cropped-logo-zenharmony.jpg?resize=300%2C284&amp;ssl=1\" class=\"attachment-woocommerce_thumbnail size-woocommerce_thumbnail\" alt=\"Atelier Feng Shui\" \/><h2 class=\"woocommerce-loop-product__title\">Atelier Feng Shui<\/h2>\n\t<span class=\"price\"><span class=\"woocommerce-Price-amount amount\"><bdi>220,00&nbsp;<span class=\"woocommerce-Price-currencySymbol\">&euro;<\/span><\/bdi><\/span><\/span>\n<\/a><a href=\"\/index.php\/wp-json\/wp\/v2\/pages\/893?add-to-cart=1057\" aria-describedby=\"woocommerce_loop_add_to_cart_link_describedby_1057\" data-quantity=\"1\" class=\"button product_type_simple add_to_cart_button ajax_add_to_cart\" data-product_id=\"1057\" data-product_sku=\"\" aria-label=\"Ajouter au panier\u00a0: &ldquo;Atelier Feng Shui&rdquo;\" rel=\"nofollow\" data-success_message=\"\u00ab\u00a0Atelier Feng Shui\u00a0\u00bb a \u00e9t\u00e9 ajout\u00e9 \u00e0 votre panier\" role=\"button\">Ajouter au panier<\/a>\t<span id=\"woocommerce_loop_add_to_cart_link_describedby_1057\" class=\"screen-reader-text\">\n\t\t\t<\/span>\n<\/li>\n<\/ul>\n<\/div>\t\t\t\t<\/div>\n\t\t\t\t<\/div>\n\t\t\t\t\t<\/div>\n\t\t\t\t<\/div>\n\t\t\t\t<\/div>\n\t\t","protected":false},"excerpt":{"rendered":"<p>Planning des ateliers en ligne Planning des activit\u00e9s au Perray en Yvelines Ateliers Feng Shui Cliquez ici pour la description et les dates Atelier Feng Shui 220,00&nbsp;&euro; Ajouter au panier<\/p>\n","protected":false},"author":1,"featured_media":2235,"parent":0,"menu_order":0,"comment_status":"closed","ping_status":"closed","template":"","meta":{"_monsterinsights_skip_tracking":false,"_monsterinsights_sitenote_active":false,"_monsterinsights_sitenote_note":"","_monsterinsights_sitenote_category":0,"footnotes":""},"class_list":["post-893","page","type-page","status-publish","has-post-thumbnail","hentry"],"yoast_head":"<!-- This site is optimized with the Yoast SEO plugin v27.3 - https:\/\/yoast.com\/product\/yoast-seo-wordpress\/ -->\n<title>Ateliers - ZenHarmony<\/title>\n<meta name=\"robots\" content=\"index, follow, max-snippet:-1, max-image-preview:large, max-video-preview:-1\" \/>\n<link rel=\"canonical\" href=\"https:\/\/zenharmony.fr\/index.php\/ateliers\/\" \/>\n<meta property=\"og:locale\" content=\"fr_FR\" \/>\n<meta property=\"og:type\" content=\"article\" \/>\n<meta property=\"og:title\" content=\"Ateliers - ZenHarmony\" \/>\n<meta property=\"og:description\" content=\"Planning des ateliers en ligne Planning des activit\u00e9s au Perray en Yvelines Ateliers Feng Shui Cliquez ici pour la description et les dates Atelier Feng Shui 220,00&nbsp;&euro; Ajouter au panier\" \/>\n<meta property=\"og:url\" content=\"https:\/\/zenharmony.fr\/index.php\/ateliers\/\" \/>\n<meta property=\"og:site_name\" content=\"ZenHarmony\" \/>\n<meta property=\"article:modified_time\" content=\"2024-08-23T22:17:48+00:00\" \/>\n<meta property=\"og:image\" content=\"https:\/\/zenharmony.fr\/wp-content\/uploads\/2023\/11\/salon-zen-2-1-1-300x450.png\" \/>\n<meta name=\"twitter:card\" content=\"summary_large_image\" \/>\n<script type=\"application\/ld+json\" class=\"yoast-schema-graph\">{\"@context\":\"https:\\\/\\\/schema.org\",\"@graph\":[{\"@type\":\"WebPage\",\"@id\":\"https:\\\/\\\/zenharmony.fr\\\/index.php\\\/ateliers\\\/\",\"url\":\"https:\\\/\\\/zenharmony.fr\\\/index.php\\\/ateliers\\\/\",\"name\":\"Ateliers - ZenHarmony\",\"isPartOf\":{\"@id\":\"https:\\\/\\\/zenharmony.fr\\\/#website\"},\"primaryImageOfPage\":{\"@id\":\"https:\\\/\\\/zenharmony.fr\\\/index.php\\\/ateliers\\\/#primaryimage\"},\"image\":{\"@id\":\"https:\\\/\\\/zenharmony.fr\\\/index.php\\\/ateliers\\\/#primaryimage\"},\"thumbnailUrl\":\"https:\\\/\\\/i0.wp.com\\\/zenharmony.fr\\\/wp-content\\\/uploads\\\/2025\\\/11\\\/cropped-logo-zenharmony.jpg?fit=561%2C284&ssl=1\",\"datePublished\":\"2023-11-11T23:37:05+00:00\",\"dateModified\":\"2024-08-23T22:17:48+00:00\",\"breadcrumb\":{\"@id\":\"https:\\\/\\\/zenharmony.fr\\\/index.php\\\/ateliers\\\/#breadcrumb\"},\"inLanguage\":\"fr-FR\",\"potentialAction\":[{\"@type\":\"ReadAction\",\"target\":[\"https:\\\/\\\/zenharmony.fr\\\/index.php\\\/ateliers\\\/\"]}]},{\"@type\":\"ImageObject\",\"inLanguage\":\"fr-FR\",\"@id\":\"https:\\\/\\\/zenharmony.fr\\\/index.php\\\/ateliers\\\/#primaryimage\",\"url\":\"https:\\\/\\\/i0.wp.com\\\/zenharmony.fr\\\/wp-content\\\/uploads\\\/2025\\\/11\\\/cropped-logo-zenharmony.jpg?fit=561%2C284&ssl=1\",\"contentUrl\":\"https:\\\/\\\/i0.wp.com\\\/zenharmony.fr\\\/wp-content\\\/uploads\\\/2025\\\/11\\\/cropped-logo-zenharmony.jpg?fit=561%2C284&ssl=1\",\"width\":561,\"height\":284},{\"@type\":\"BreadcrumbList\",\"@id\":\"https:\\\/\\\/zenharmony.fr\\\/index.php\\\/ateliers\\\/#breadcrumb\",\"itemListElement\":[{\"@type\":\"ListItem\",\"position\":1,\"name\":\"Accueil\",\"item\":\"https:\\\/\\\/zenharmony.fr\\\/\"},{\"@type\":\"ListItem\",\"position\":2,\"name\":\"Ateliers\"}]},{\"@type\":\"WebSite\",\"@id\":\"https:\\\/\\\/zenharmony.fr\\\/#website\",\"url\":\"https:\\\/\\\/zenharmony.fr\\\/\",\"name\":\"ZenHarmony\",\"description\":\"Sortir du mode pilote automatique\",\"publisher\":{\"@id\":\"https:\\\/\\\/zenharmony.fr\\\/#organization\"},\"potentialAction\":[{\"@type\":\"SearchAction\",\"target\":{\"@type\":\"EntryPoint\",\"urlTemplate\":\"https:\\\/\\\/zenharmony.fr\\\/?s={search_term_string}\"},\"query-input\":{\"@type\":\"PropertyValueSpecification\",\"valueRequired\":true,\"valueName\":\"search_term_string\"}}],\"inLanguage\":\"fr-FR\"},{\"@type\":\"Organization\",\"@id\":\"https:\\\/\\\/zenharmony.fr\\\/#organization\",\"name\":\"ZenHarmony\",\"url\":\"https:\\\/\\\/zenharmony.fr\\\/\",\"logo\":{\"@type\":\"ImageObject\",\"inLanguage\":\"fr-FR\",\"@id\":\"https:\\\/\\\/zenharmony.fr\\\/#\\\/schema\\\/logo\\\/image\\\/\",\"url\":\"https:\\\/\\\/i0.wp.com\\\/zenharmony.fr\\\/wp-content\\\/uploads\\\/2025\\\/11\\\/logo-zenharmony-sans-fond.png?fit=561%2C346&ssl=1\",\"contentUrl\":\"https:\\\/\\\/i0.wp.com\\\/zenharmony.fr\\\/wp-content\\\/uploads\\\/2025\\\/11\\\/logo-zenharmony-sans-fond.png?fit=561%2C346&ssl=1\",\"width\":561,\"height\":346,\"caption\":\"ZenHarmony\"},\"image\":{\"@id\":\"https:\\\/\\\/zenharmony.fr\\\/#\\\/schema\\\/logo\\\/image\\\/\"}}]}<\/script>\n<!-- \/ Yoast SEO plugin. -->","yoast_head_json":{"title":"Ateliers - ZenHarmony","robots":{"index":"index","follow":"follow","max-snippet":"max-snippet:-1","max-image-preview":"max-image-preview:large","max-video-preview":"max-video-preview:-1"},"canonical":"https:\/\/zenharmony.fr\/index.php\/ateliers\/","og_locale":"fr_FR","og_type":"article","og_title":"Ateliers - ZenHarmony","og_description":"Planning des ateliers en ligne Planning des activit\u00e9s au Perray en Yvelines Ateliers Feng Shui Cliquez ici pour la description et les dates Atelier Feng Shui 220,00&nbsp;&euro; Ajouter au panier","og_url":"https:\/\/zenharmony.fr\/index.php\/ateliers\/","og_site_name":"ZenHarmony","article_modified_time":"2024-08-23T22:17:48+00:00","og_image":[{"url":"https:\/\/zenharmony.fr\/wp-content\/uploads\/2023\/11\/salon-zen-2-1-1-300x450.png","type":"","width":"","height":""}],"twitter_card":"summary_large_image","schema":{"@context":"https:\/\/schema.org","@graph":[{"@type":"WebPage","@id":"https:\/\/zenharmony.fr\/index.php\/ateliers\/","url":"https:\/\/zenharmony.fr\/index.php\/ateliers\/","name":"Ateliers - ZenHarmony","isPartOf":{"@id":"https:\/\/zenharmony.fr\/#website"},"primaryImageOfPage":{"@id":"https:\/\/zenharmony.fr\/index.php\/ateliers\/#primaryimage"},"image":{"@id":"https:\/\/zenharmony.fr\/index.php\/ateliers\/#primaryimage"},"thumbnailUrl":"https:\/\/i0.wp.com\/zenharmony.fr\/wp-content\/uploads\/2025\/11\/cropped-logo-zenharmony.jpg?fit=561%2C284&ssl=1","datePublished":"2023-11-11T23:37:05+00:00","dateModified":"2024-08-23T22:17:48+00:00","breadcrumb":{"@id":"https:\/\/zenharmony.fr\/index.php\/ateliers\/#breadcrumb"},"inLanguage":"fr-FR","potentialAction":[{"@type":"ReadAction","target":["https:\/\/zenharmony.fr\/index.php\/ateliers\/"]}]},{"@type":"ImageObject","inLanguage":"fr-FR","@id":"https:\/\/zenharmony.fr\/index.php\/ateliers\/#primaryimage","url":"https:\/\/i0.wp.com\/zenharmony.fr\/wp-content\/uploads\/2025\/11\/cropped-logo-zenharmony.jpg?fit=561%2C284&ssl=1","contentUrl":"https:\/\/i0.wp.com\/zenharmony.fr\/wp-content\/uploads\/2025\/11\/cropped-logo-zenharmony.jpg?fit=561%2C284&ssl=1","width":561,"height":284},{"@type":"BreadcrumbList","@id":"https:\/\/zenharmony.fr\/index.php\/ateliers\/#breadcrumb","itemListElement":[{"@type":"ListItem","position":1,"name":"Accueil","item":"https:\/\/zenharmony.fr\/"},{"@type":"ListItem","position":2,"name":"Ateliers"}]},{"@type":"WebSite","@id":"https:\/\/zenharmony.fr\/#website","url":"https:\/\/zenharmony.fr\/","name":"ZenHarmony","description":"Sortir du mode pilote automatique","publisher":{"@id":"https:\/\/zenharmony.fr\/#organization"},"potentialAction":[{"@type":"SearchAction","target":{"@type":"EntryPoint","urlTemplate":"https:\/\/zenharmony.fr\/?s={search_term_string}"},"query-input":{"@type":"PropertyValueSpecification","valueRequired":true,"valueName":"search_term_string"}}],"inLanguage":"fr-FR"},{"@type":"Organization","@id":"https:\/\/zenharmony.fr\/#organization","name":"ZenHarmony","url":"https:\/\/zenharmony.fr\/","logo":{"@type":"ImageObject","inLanguage":"fr-FR","@id":"https:\/\/zenharmony.fr\/#\/schema\/logo\/image\/","url":"https:\/\/i0.wp.com\/zenharmony.fr\/wp-content\/uploads\/2025\/11\/logo-zenharmony-sans-fond.png?fit=561%2C346&ssl=1","contentUrl":"https:\/\/i0.wp.com\/zenharmony.fr\/wp-content\/uploads\/2025\/11\/logo-zenharmony-sans-fond.png?fit=561%2C346&ssl=1","width":561,"height":346,"caption":"ZenHarmony"},"image":{"@id":"https:\/\/zenharmony.fr\/#\/schema\/logo\/image\/"}}]}},"jetpack_sharing_enabled":true,"_links":{"self":[{"href":"https:\/\/zenharmony.fr\/index.php\/wp-json\/wp\/v2\/pages\/893","targetHints":{"allow":["GET"]}}],"collection":[{"href":"https:\/\/zenharmony.fr\/index.php\/wp-json\/wp\/v2\/pages"}],"about":[{"href":"https:\/\/zenharmony.fr\/index.php\/wp-json\/wp\/v2\/types\/page"}],"author":[{"embeddable":true,"href":"https:\/\/zenharmony.fr\/index.php\/wp-json\/wp\/v2\/users\/1"}],"replies":[{"embeddable":true,"href":"https:\/\/zenharmony.fr\/index.php\/wp-json\/wp\/v2\/comments?post=893"}],"version-history":[{"count":13,"href":"https:\/\/zenharmony.fr\/index.php\/wp-json\/wp\/v2\/pages\/893\/revisions"}],"predecessor-version":[{"id":1730,"href":"https:\/\/zenharmony.fr\/index.php\/wp-json\/wp\/v2\/pages\/893\/revisions\/1730"}],"wp:featuredmedia":[{"embeddable":true,"href":"https:\/\/zenharmony.fr\/index.php\/wp-json\/wp\/v2\/media\/2235"}],"wp:attachment":[{"href":"https:\/\/zenharmony.fr\/index.php\/wp-json\/wp\/v2\/media?parent=893"}],"curies":[{"name":"wp","href":"https:\/\/api.w.org\/{rel}","templated":true}]}}