{"id":1058,"date":"2023-11-24T00:58:14","date_gmt":"2023-11-23T23:58:14","guid":{"rendered":"https:\/\/zenharmony.fr\/?post_type=product&#038;p=1058"},"modified":"2024-08-10T00:34:00","modified_gmt":"2024-08-09T22:34:00","slug":"programme-harmoniavie","status":"publish","type":"product","link":"https:\/\/zenharmony.fr\/index.php\/produit\/programme-harmoniavie\/","title":{"rendered":"Programme HarmoniaVie"},"content":{"rendered":"<p>Programme de 6 modules sur 3 mois.<\/p>\n<ol>\n<li><strong>Connaissance de Soi :<\/strong> Explorez les profondeurs de votre \u00eatre, d\u00e9couvrez vos forces uniques et comprenez votre fonctionnement int\u00e9rieur.<\/li>\n<li><strong>Am\u00e9lioration Personnelle :<\/strong> Identifiez les domaines de votre vie qui appellent \u00e0 l&rsquo;am\u00e9lioration et \u00e9tablissez des objectifs personnels pour votre croissance.<\/li>\n<li><strong>Bien-\u00catre Physique :<\/strong> Plongez dans une sensibilisation nutritionnelle, apprenez \u00e0 prendre soin de votre sant\u00e9 avec des conseils pratiques sur l&rsquo;alimentation et l&rsquo;activit\u00e9 physique.<\/li>\n<li><strong>Gestion des Pens\u00e9es et \u00c9motions :<\/strong> Explorez des techniques puissantes pour g\u00e9rer vos pens\u00e9es, \u00e9motions et cultiver une mentalit\u00e9 positive.<\/li>\n<li><strong>Espace de Vie :<\/strong> D\u00e9couvrez l&rsquo;impact du Feng Shui pour cr\u00e9er un environnement harmonieux chez vous, favorisant le bien-\u00eatre mental et \u00e9motionnel.<\/li>\n<li><strong>Organisation et Gestion du Temps :<\/strong> Apprenez des strat\u00e9gies pratiques pour organiser votre vie, gagner du temps et maximiser votre productivit\u00e9.<\/li>\n<\/ol>\n","protected":false},"excerpt":{"rendered":"<p>Programme de 6 modules sur 3 mois. Connaissance de Soi : Explorez les profondeurs de votre \u00eatre, d\u00e9couvrez vos forces uniques et comprenez votre fonctionnement int\u00e9rieur. Am\u00e9lioration Personnelle : Identifiez les domaines de votre vie qui appellent \u00e0 l&rsquo;am\u00e9lioration et \u00e9tablissez des objectifs personnels pour votre croissance. Bien-\u00catre Physique : Plongez dans une sensibilisation nutritionnelle,&#8230;<\/p>\n<p class=\"more-link\"><a href=\"https:\/\/zenharmony.fr\/index.php\/produit\/programme-harmoniavie\/\" class=\"themebutton3\">Read More<\/a><\/p>\n","protected":false},"featured_media":970,"comment_status":"open","ping_status":"closed","template":"","meta":{"_monsterinsights_skip_tracking":false,"_monsterinsights_sitenote_active":false,"_monsterinsights_sitenote_note":"","_monsterinsights_sitenote_category":0},"product_brand":[],"product_cat":[38],"product_tag":[],"class_list":{"0":"post-1058","1":"product","2":"type-product","3":"status-publish","4":"has-post-thumbnail","6":"product_cat-cours-en-ligne-bien-etre","8":"first","9":"instock","10":"sale","11":"taxable","12":"shipping-taxable","13":"purchasable","14":"product-type-simple"},"yoast_head":"<!-- This site is optimized with the Yoast SEO plugin v27.5 - https:\/\/yoast.com\/product\/yoast-seo-wordpress\/ -->\n<title>Programme HarmoniaVie - ZenHarmony<\/title>\n<meta name=\"robots\" content=\"index, follow, max-snippet:-1, max-image-preview:large, max-video-preview:-1\" \/>\n<link rel=\"canonical\" href=\"https:\/\/zenharmony.fr\/index.php\/produit\/programme-harmoniavie\/\" \/>\n<meta property=\"og:locale\" content=\"fr_FR\" \/>\n<meta property=\"og:type\" content=\"article\" \/>\n<meta property=\"og:title\" content=\"Programme HarmoniaVie - ZenHarmony\" \/>\n<meta property=\"og:description\" content=\"Programme de 6 modules sur 3 mois. Connaissance de Soi : Explorez les profondeurs de votre \u00eatre, d\u00e9couvrez vos forces uniques et comprenez votre fonctionnement int\u00e9rieur. Am\u00e9lioration Personnelle : Identifiez les domaines de votre vie qui appellent \u00e0 l&rsquo;am\u00e9lioration et \u00e9tablissez des objectifs personnels pour votre croissance. Bien-\u00catre Physique : Plongez dans une sensibilisation nutritionnelle,...Read More\" \/>\n<meta property=\"og:url\" content=\"https:\/\/zenharmony.fr\/index.php\/produit\/programme-harmoniavie\/\" \/>\n<meta property=\"og:site_name\" content=\"ZenHarmony\" \/>\n<meta property=\"article:modified_time\" content=\"2024-08-09T22:34:00+00:00\" \/>\n<meta property=\"og:image\" content=\"https:\/\/i0.wp.com\/zenharmony.fr\/wp-content\/uploads\/2023\/11\/HarmoniaVie.png?fit=490%2C488&ssl=1\" \/>\n\t<meta property=\"og:image:width\" content=\"490\" \/>\n\t<meta property=\"og:image:height\" content=\"488\" \/>\n\t<meta property=\"og:image:type\" content=\"image\/png\" \/>\n<meta name=\"twitter:card\" content=\"summary_large_image\" \/>\n<meta name=\"twitter:label1\" content=\"Dur\u00e9e de lecture estim\u00e9e\" \/>\n\t<meta name=\"twitter:data1\" content=\"1 minute\" \/>\n<script type=\"application\/ld+json\" class=\"yoast-schema-graph\">{\"@context\":\"https:\\\/\\\/schema.org\",\"@graph\":[{\"@type\":\"WebPage\",\"@id\":\"https:\\\/\\\/zenharmony.fr\\\/index.php\\\/produit\\\/programme-harmoniavie\\\/\",\"url\":\"https:\\\/\\\/zenharmony.fr\\\/index.php\\\/produit\\\/programme-harmoniavie\\\/\",\"name\":\"Programme HarmoniaVie - ZenHarmony\",\"isPartOf\":{\"@id\":\"https:\\\/\\\/zenharmony.fr\\\/#website\"},\"primaryImageOfPage\":{\"@id\":\"https:\\\/\\\/zenharmony.fr\\\/index.php\\\/produit\\\/programme-harmoniavie\\\/#primaryimage\"},\"image\":{\"@id\":\"https:\\\/\\\/zenharmony.fr\\\/index.php\\\/produit\\\/programme-harmoniavie\\\/#primaryimage\"},\"thumbnailUrl\":\"https:\\\/\\\/i0.wp.com\\\/zenharmony.fr\\\/wp-content\\\/uploads\\\/2023\\\/11\\\/HarmoniaVie.png?fit=490%2C488&ssl=1\",\"datePublished\":\"2023-11-23T23:58:14+00:00\",\"dateModified\":\"2024-08-09T22:34:00+00:00\",\"breadcrumb\":{\"@id\":\"https:\\\/\\\/zenharmony.fr\\\/index.php\\\/produit\\\/programme-harmoniavie\\\/#breadcrumb\"},\"inLanguage\":\"fr-FR\",\"potentialAction\":[{\"@type\":\"ReadAction\",\"target\":[\"https:\\\/\\\/zenharmony.fr\\\/index.php\\\/produit\\\/programme-harmoniavie\\\/\"]}]},{\"@type\":\"ImageObject\",\"inLanguage\":\"fr-FR\",\"@id\":\"https:\\\/\\\/zenharmony.fr\\\/index.php\\\/produit\\\/programme-harmoniavie\\\/#primaryimage\",\"url\":\"https:\\\/\\\/i0.wp.com\\\/zenharmony.fr\\\/wp-content\\\/uploads\\\/2023\\\/11\\\/HarmoniaVie.png?fit=490%2C488&ssl=1\",\"contentUrl\":\"https:\\\/\\\/i0.wp.com\\\/zenharmony.fr\\\/wp-content\\\/uploads\\\/2023\\\/11\\\/HarmoniaVie.png?fit=490%2C488&ssl=1\",\"width\":490,\"height\":488},{\"@type\":\"BreadcrumbList\",\"@id\":\"https:\\\/\\\/zenharmony.fr\\\/index.php\\\/produit\\\/programme-harmoniavie\\\/#breadcrumb\",\"itemListElement\":[{\"@type\":\"ListItem\",\"position\":1,\"name\":\"Accueil\",\"item\":\"https:\\\/\\\/zenharmony.fr\\\/\"},{\"@type\":\"ListItem\",\"position\":2,\"name\":\"Cadeaux \u00e0 s&rsquo;offrir\",\"item\":\"https:\\\/\\\/zenharmony.fr\\\/index.php\\\/shop\\\/\"},{\"@type\":\"ListItem\",\"position\":3,\"name\":\"Programme HarmoniaVie\"}]},{\"@type\":\"WebSite\",\"@id\":\"https:\\\/\\\/zenharmony.fr\\\/#website\",\"url\":\"https:\\\/\\\/zenharmony.fr\\\/\",\"name\":\"ZenHarmony\",\"description\":\"Sortir du mode pilote automatique\",\"publisher\":{\"@id\":\"https:\\\/\\\/zenharmony.fr\\\/#organization\"},\"potentialAction\":[{\"@type\":\"SearchAction\",\"target\":{\"@type\":\"EntryPoint\",\"urlTemplate\":\"https:\\\/\\\/zenharmony.fr\\\/?s={search_term_string}\"},\"query-input\":{\"@type\":\"PropertyValueSpecification\",\"valueRequired\":true,\"valueName\":\"search_term_string\"}}],\"inLanguage\":\"fr-FR\"},{\"@type\":\"Organization\",\"@id\":\"https:\\\/\\\/zenharmony.fr\\\/#organization\",\"name\":\"ZenHarmony\",\"url\":\"https:\\\/\\\/zenharmony.fr\\\/\",\"logo\":{\"@type\":\"ImageObject\",\"inLanguage\":\"fr-FR\",\"@id\":\"https:\\\/\\\/zenharmony.fr\\\/#\\\/schema\\\/logo\\\/image\\\/\",\"url\":\"https:\\\/\\\/i0.wp.com\\\/zenharmony.fr\\\/wp-content\\\/uploads\\\/2025\\\/11\\\/logo-zenharmony-sans-fond.png?fit=561%2C346&ssl=1\",\"contentUrl\":\"https:\\\/\\\/i0.wp.com\\\/zenharmony.fr\\\/wp-content\\\/uploads\\\/2025\\\/11\\\/logo-zenharmony-sans-fond.png?fit=561%2C346&ssl=1\",\"width\":561,\"height\":346,\"caption\":\"ZenHarmony\"},\"image\":{\"@id\":\"https:\\\/\\\/zenharmony.fr\\\/#\\\/schema\\\/logo\\\/image\\\/\"}}]}<\/script>\n<!-- \/ Yoast SEO plugin. -->","yoast_head_json":{"title":"Programme HarmoniaVie - ZenHarmony","robots":{"index":"index","follow":"follow","max-snippet":"max-snippet:-1","max-image-preview":"max-image-preview:large","max-video-preview":"max-video-preview:-1"},"canonical":"https:\/\/zenharmony.fr\/index.php\/produit\/programme-harmoniavie\/","og_locale":"fr_FR","og_type":"article","og_title":"Programme HarmoniaVie - ZenHarmony","og_description":"Programme de 6 modules sur 3 mois. Connaissance de Soi : Explorez les profondeurs de votre \u00eatre, d\u00e9couvrez vos forces uniques et comprenez votre fonctionnement int\u00e9rieur. Am\u00e9lioration Personnelle : Identifiez les domaines de votre vie qui appellent \u00e0 l&rsquo;am\u00e9lioration et \u00e9tablissez des objectifs personnels pour votre croissance. Bien-\u00catre Physique : Plongez dans une sensibilisation nutritionnelle,...Read More","og_url":"https:\/\/zenharmony.fr\/index.php\/produit\/programme-harmoniavie\/","og_site_name":"ZenHarmony","article_modified_time":"2024-08-09T22:34:00+00:00","og_image":[{"width":490,"height":488,"url":"https:\/\/i0.wp.com\/zenharmony.fr\/wp-content\/uploads\/2023\/11\/HarmoniaVie.png?fit=490%2C488&ssl=1","type":"image\/png"}],"twitter_card":"summary_large_image","twitter_misc":{"Dur\u00e9e de lecture estim\u00e9e":"1 minute"},"schema":{"@context":"https:\/\/schema.org","@graph":[{"@type":"WebPage","@id":"https:\/\/zenharmony.fr\/index.php\/produit\/programme-harmoniavie\/","url":"https:\/\/zenharmony.fr\/index.php\/produit\/programme-harmoniavie\/","name":"Programme HarmoniaVie - ZenHarmony","isPartOf":{"@id":"https:\/\/zenharmony.fr\/#website"},"primaryImageOfPage":{"@id":"https:\/\/zenharmony.fr\/index.php\/produit\/programme-harmoniavie\/#primaryimage"},"image":{"@id":"https:\/\/zenharmony.fr\/index.php\/produit\/programme-harmoniavie\/#primaryimage"},"thumbnailUrl":"https:\/\/i0.wp.com\/zenharmony.fr\/wp-content\/uploads\/2023\/11\/HarmoniaVie.png?fit=490%2C488&ssl=1","datePublished":"2023-11-23T23:58:14+00:00","dateModified":"2024-08-09T22:34:00+00:00","breadcrumb":{"@id":"https:\/\/zenharmony.fr\/index.php\/produit\/programme-harmoniavie\/#breadcrumb"},"inLanguage":"fr-FR","potentialAction":[{"@type":"ReadAction","target":["https:\/\/zenharmony.fr\/index.php\/produit\/programme-harmoniavie\/"]}]},{"@type":"ImageObject","inLanguage":"fr-FR","@id":"https:\/\/zenharmony.fr\/index.php\/produit\/programme-harmoniavie\/#primaryimage","url":"https:\/\/i0.wp.com\/zenharmony.fr\/wp-content\/uploads\/2023\/11\/HarmoniaVie.png?fit=490%2C488&ssl=1","contentUrl":"https:\/\/i0.wp.com\/zenharmony.fr\/wp-content\/uploads\/2023\/11\/HarmoniaVie.png?fit=490%2C488&ssl=1","width":490,"height":488},{"@type":"BreadcrumbList","@id":"https:\/\/zenharmony.fr\/index.php\/produit\/programme-harmoniavie\/#breadcrumb","itemListElement":[{"@type":"ListItem","position":1,"name":"Accueil","item":"https:\/\/zenharmony.fr\/"},{"@type":"ListItem","position":2,"name":"Cadeaux \u00e0 s&rsquo;offrir","item":"https:\/\/zenharmony.fr\/index.php\/shop\/"},{"@type":"ListItem","position":3,"name":"Programme HarmoniaVie"}]},{"@type":"WebSite","@id":"https:\/\/zenharmony.fr\/#website","url":"https:\/\/zenharmony.fr\/","name":"ZenHarmony","description":"Sortir du mode pilote automatique","publisher":{"@id":"https:\/\/zenharmony.fr\/#organization"},"potentialAction":[{"@type":"SearchAction","target":{"@type":"EntryPoint","urlTemplate":"https:\/\/zenharmony.fr\/?s={search_term_string}"},"query-input":{"@type":"PropertyValueSpecification","valueRequired":true,"valueName":"search_term_string"}}],"inLanguage":"fr-FR"},{"@type":"Organization","@id":"https:\/\/zenharmony.fr\/#organization","name":"ZenHarmony","url":"https:\/\/zenharmony.fr\/","logo":{"@type":"ImageObject","inLanguage":"fr-FR","@id":"https:\/\/zenharmony.fr\/#\/schema\/logo\/image\/","url":"https:\/\/i0.wp.com\/zenharmony.fr\/wp-content\/uploads\/2025\/11\/logo-zenharmony-sans-fond.png?fit=561%2C346&ssl=1","contentUrl":"https:\/\/i0.wp.com\/zenharmony.fr\/wp-content\/uploads\/2025\/11\/logo-zenharmony-sans-fond.png?fit=561%2C346&ssl=1","width":561,"height":346,"caption":"ZenHarmony"},"image":{"@id":"https:\/\/zenharmony.fr\/#\/schema\/logo\/image\/"}}]}},"jetpack_sharing_enabled":true,"_links":{"self":[{"href":"https:\/\/zenharmony.fr\/index.php\/wp-json\/wp\/v2\/product\/1058","targetHints":{"allow":["GET"]}}],"collection":[{"href":"https:\/\/zenharmony.fr\/index.php\/wp-json\/wp\/v2\/product"}],"about":[{"href":"https:\/\/zenharmony.fr\/index.php\/wp-json\/wp\/v2\/types\/product"}],"replies":[{"embeddable":true,"href":"https:\/\/zenharmony.fr\/index.php\/wp-json\/wp\/v2\/comments?post=1058"}],"wp:featuredmedia":[{"embeddable":true,"href":"https:\/\/zenharmony.fr\/index.php\/wp-json\/wp\/v2\/media\/970"}],"wp:attachment":[{"href":"https:\/\/zenharmony.fr\/index.php\/wp-json\/wp\/v2\/media?parent=1058"}],"wp:term":[{"taxonomy":"product_brand","embeddable":true,"href":"https:\/\/zenharmony.fr\/index.php\/wp-json\/wp\/v2\/product_brand?post=1058"},{"taxonomy":"product_cat","embeddable":true,"href":"https:\/\/zenharmony.fr\/index.php\/wp-json\/wp\/v2\/product_cat?post=1058"},{"taxonomy":"product_tag","embeddable":true,"href":"https:\/\/zenharmony.fr\/index.php\/wp-json\/wp\/v2\/product_tag?post=1058"}],"curies":[{"name":"wp","href":"https:\/\/api.w.org\/{rel}","templated":true}]}}