{"id":1061,"date":"2023-11-24T01:03:03","date_gmt":"2023-11-24T00:03:03","guid":{"rendered":"https:\/\/zenharmony.fr\/?post_type=product&#038;p=1061"},"modified":"2023-11-24T01:17:23","modified_gmt":"2023-11-24T00:17:23","slug":"masterclass-serenite","status":"publish","type":"product","link":"https:\/\/zenharmony.fr\/index.php\/produit\/masterclass-serenite\/","title":{"rendered":"Masterclass S\u00e9r\u00e9nit\u00e9"},"content":{"rendered":"<ul class=\"elementor-price-table__features-list\">\n<li class=\"elementor-repeater-item-023b8a7\">\n<div class=\"elementor-price-table__feature-inner\"><i class=\"far fa-check-circle\" aria-hidden=\"true\"><\/i>\u00a06 mois d&rsquo;accompagnement<\/div>\n<\/li>\n<li class=\"elementor-repeater-item-1906616\">\n<div class=\"elementor-price-table__feature-inner\"><i class=\"far fa-check-circle\" aria-hidden=\"true\"><\/i>\u00a0Les 9 \u00e9tapes + suivi et int\u00e9gration<\/div>\n<\/li>\n<li class=\"elementor-repeater-item-5bccd4b\">\n<div class=\"elementor-price-table__feature-inner\"><i class=\"far fa-check-circle\" aria-hidden=\"true\"><\/i>\u00a024h de coaching en groupe<\/div>\n<\/li>\n<li class=\"elementor-repeater-item-ab24a9e\">\n<div class=\"elementor-price-table__feature-inner\"><i class=\"far fa-check-circle\" aria-hidden=\"true\"><\/i>\u00a02h de coaching individuel<\/div>\n<\/li>\n<li class=\"elementor-repeater-item-58e795f\">\n<div class=\"elementor-price-table__feature-inner\"><i class=\"far fa-check-circle\" aria-hidden=\"true\"><\/i>\u00a0Plusieurs supports PDF<\/div>\n<\/li>\n<li class=\"elementor-repeater-item-206b5be\">\n<div class=\"elementor-price-table__feature-inner\"><i class=\"far fa-check-circle\" aria-hidden=\"true\"><\/i>\u00a0Plusieurs vid\u00e9os explicatives<\/div>\n<\/li>\n<li class=\"elementor-repeater-item-fc1c4d9\">\n<div class=\"elementor-price-table__feature-inner\"><i class=\"far fa-check-circle\" aria-hidden=\"true\"><\/i>\u00a0Groupe priv\u00e9 Facebook<\/div>\n<\/li>\n<\/ul>\n","protected":false},"excerpt":{"rendered":"<p>Masterclass S\u00e9r\u00e9nit\u00e9<\/p>\n","protected":false},"featured_media":819,"comment_status":"open","ping_status":"closed","template":"","meta":{"_monsterinsights_skip_tracking":false,"_monsterinsights_sitenote_active":false,"_monsterinsights_sitenote_note":"","_monsterinsights_sitenote_category":0},"product_brand":[],"product_cat":[35,38],"product_tag":[],"class_list":{"0":"post-1061","1":"product","2":"type-product","3":"status-publish","4":"has-post-thumbnail","6":"product_cat-accompagnement-personnalise","7":"product_cat-cours-en-ligne-bien-etre","9":"first","10":"instock","11":"taxable","12":"shipping-taxable","13":"purchasable","14":"product-type-simple"},"yoast_head":"<!-- This site is optimized with the Yoast SEO plugin v27.5 - https:\/\/yoast.com\/product\/yoast-seo-wordpress\/ -->\n<title>Masterclass S\u00e9r\u00e9nit\u00e9 - ZenHarmony<\/title>\n<meta name=\"robots\" content=\"index, follow, max-snippet:-1, max-image-preview:large, max-video-preview:-1\" \/>\n<link rel=\"canonical\" href=\"https:\/\/zenharmony.fr\/index.php\/produit\/masterclass-serenite\/\" \/>\n<meta property=\"og:locale\" content=\"fr_FR\" \/>\n<meta property=\"og:type\" content=\"article\" \/>\n<meta property=\"og:title\" content=\"Masterclass S\u00e9r\u00e9nit\u00e9 - ZenHarmony\" \/>\n<meta property=\"og:description\" content=\"Masterclass S\u00e9r\u00e9nit\u00e9\" \/>\n<meta property=\"og:url\" content=\"https:\/\/zenharmony.fr\/index.php\/produit\/masterclass-serenite\/\" \/>\n<meta property=\"og:site_name\" content=\"ZenHarmony\" \/>\n<meta property=\"article:modified_time\" content=\"2023-11-24T00:17:23+00:00\" \/>\n<meta property=\"og:image\" content=\"https:\/\/zenharmony.fr\/wp-content\/uploads\/2023\/11\/Firefly-gestion-du-stress-dans-la-vie-courante-58547-1024x796.jpg\" \/>\n\t<meta property=\"og:image:width\" content=\"1024\" \/>\n\t<meta property=\"og:image:height\" content=\"796\" \/>\n\t<meta property=\"og:image:type\" content=\"image\/jpeg\" \/>\n<meta name=\"twitter:card\" content=\"summary_large_image\" \/>\n<script type=\"application\/ld+json\" class=\"yoast-schema-graph\">{\"@context\":\"https:\\\/\\\/schema.org\",\"@graph\":[{\"@type\":\"WebPage\",\"@id\":\"https:\\\/\\\/zenharmony.fr\\\/index.php\\\/produit\\\/masterclass-serenite\\\/\",\"url\":\"https:\\\/\\\/zenharmony.fr\\\/index.php\\\/produit\\\/masterclass-serenite\\\/\",\"name\":\"Masterclass S\u00e9r\u00e9nit\u00e9 - ZenHarmony\",\"isPartOf\":{\"@id\":\"https:\\\/\\\/zenharmony.fr\\\/#website\"},\"primaryImageOfPage\":{\"@id\":\"https:\\\/\\\/zenharmony.fr\\\/index.php\\\/produit\\\/masterclass-serenite\\\/#primaryimage\"},\"image\":{\"@id\":\"https:\\\/\\\/zenharmony.fr\\\/index.php\\\/produit\\\/masterclass-serenite\\\/#primaryimage\"},\"thumbnailUrl\":\"https:\\\/\\\/i0.wp.com\\\/zenharmony.fr\\\/wp-content\\\/uploads\\\/2023\\\/11\\\/Firefly-gestion-du-stress-dans-la-vie-courante-58547.jpg?fit=2304%2C1792&ssl=1\",\"datePublished\":\"2023-11-24T00:03:03+00:00\",\"dateModified\":\"2023-11-24T00:17:23+00:00\",\"breadcrumb\":{\"@id\":\"https:\\\/\\\/zenharmony.fr\\\/index.php\\\/produit\\\/masterclass-serenite\\\/#breadcrumb\"},\"inLanguage\":\"fr-FR\",\"potentialAction\":[{\"@type\":\"ReadAction\",\"target\":[\"https:\\\/\\\/zenharmony.fr\\\/index.php\\\/produit\\\/masterclass-serenite\\\/\"]}]},{\"@type\":\"ImageObject\",\"inLanguage\":\"fr-FR\",\"@id\":\"https:\\\/\\\/zenharmony.fr\\\/index.php\\\/produit\\\/masterclass-serenite\\\/#primaryimage\",\"url\":\"https:\\\/\\\/i0.wp.com\\\/zenharmony.fr\\\/wp-content\\\/uploads\\\/2023\\\/11\\\/Firefly-gestion-du-stress-dans-la-vie-courante-58547.jpg?fit=2304%2C1792&ssl=1\",\"contentUrl\":\"https:\\\/\\\/i0.wp.com\\\/zenharmony.fr\\\/wp-content\\\/uploads\\\/2023\\\/11\\\/Firefly-gestion-du-stress-dans-la-vie-courante-58547.jpg?fit=2304%2C1792&ssl=1\",\"width\":2304,\"height\":1792},{\"@type\":\"BreadcrumbList\",\"@id\":\"https:\\\/\\\/zenharmony.fr\\\/index.php\\\/produit\\\/masterclass-serenite\\\/#breadcrumb\",\"itemListElement\":[{\"@type\":\"ListItem\",\"position\":1,\"name\":\"Accueil\",\"item\":\"https:\\\/\\\/zenharmony.fr\\\/\"},{\"@type\":\"ListItem\",\"position\":2,\"name\":\"Cadeaux \u00e0 s&rsquo;offrir\",\"item\":\"https:\\\/\\\/zenharmony.fr\\\/index.php\\\/shop\\\/\"},{\"@type\":\"ListItem\",\"position\":3,\"name\":\"Masterclass S\u00e9r\u00e9nit\u00e9\"}]},{\"@type\":\"WebSite\",\"@id\":\"https:\\\/\\\/zenharmony.fr\\\/#website\",\"url\":\"https:\\\/\\\/zenharmony.fr\\\/\",\"name\":\"ZenHarmony\",\"description\":\"Sortir du mode pilote automatique\",\"publisher\":{\"@id\":\"https:\\\/\\\/zenharmony.fr\\\/#organization\"},\"potentialAction\":[{\"@type\":\"SearchAction\",\"target\":{\"@type\":\"EntryPoint\",\"urlTemplate\":\"https:\\\/\\\/zenharmony.fr\\\/?s={search_term_string}\"},\"query-input\":{\"@type\":\"PropertyValueSpecification\",\"valueRequired\":true,\"valueName\":\"search_term_string\"}}],\"inLanguage\":\"fr-FR\"},{\"@type\":\"Organization\",\"@id\":\"https:\\\/\\\/zenharmony.fr\\\/#organization\",\"name\":\"ZenHarmony\",\"url\":\"https:\\\/\\\/zenharmony.fr\\\/\",\"logo\":{\"@type\":\"ImageObject\",\"inLanguage\":\"fr-FR\",\"@id\":\"https:\\\/\\\/zenharmony.fr\\\/#\\\/schema\\\/logo\\\/image\\\/\",\"url\":\"https:\\\/\\\/i0.wp.com\\\/zenharmony.fr\\\/wp-content\\\/uploads\\\/2025\\\/11\\\/logo-zenharmony-sans-fond.png?fit=561%2C346&ssl=1\",\"contentUrl\":\"https:\\\/\\\/i0.wp.com\\\/zenharmony.fr\\\/wp-content\\\/uploads\\\/2025\\\/11\\\/logo-zenharmony-sans-fond.png?fit=561%2C346&ssl=1\",\"width\":561,\"height\":346,\"caption\":\"ZenHarmony\"},\"image\":{\"@id\":\"https:\\\/\\\/zenharmony.fr\\\/#\\\/schema\\\/logo\\\/image\\\/\"}}]}<\/script>\n<!-- \/ Yoast SEO plugin. -->","yoast_head_json":{"title":"Masterclass S\u00e9r\u00e9nit\u00e9 - ZenHarmony","robots":{"index":"index","follow":"follow","max-snippet":"max-snippet:-1","max-image-preview":"max-image-preview:large","max-video-preview":"max-video-preview:-1"},"canonical":"https:\/\/zenharmony.fr\/index.php\/produit\/masterclass-serenite\/","og_locale":"fr_FR","og_type":"article","og_title":"Masterclass S\u00e9r\u00e9nit\u00e9 - ZenHarmony","og_description":"Masterclass S\u00e9r\u00e9nit\u00e9","og_url":"https:\/\/zenharmony.fr\/index.php\/produit\/masterclass-serenite\/","og_site_name":"ZenHarmony","article_modified_time":"2023-11-24T00:17:23+00:00","og_image":[{"width":1024,"height":796,"url":"https:\/\/zenharmony.fr\/wp-content\/uploads\/2023\/11\/Firefly-gestion-du-stress-dans-la-vie-courante-58547-1024x796.jpg","type":"image\/jpeg"}],"twitter_card":"summary_large_image","schema":{"@context":"https:\/\/schema.org","@graph":[{"@type":"WebPage","@id":"https:\/\/zenharmony.fr\/index.php\/produit\/masterclass-serenite\/","url":"https:\/\/zenharmony.fr\/index.php\/produit\/masterclass-serenite\/","name":"Masterclass S\u00e9r\u00e9nit\u00e9 - ZenHarmony","isPartOf":{"@id":"https:\/\/zenharmony.fr\/#website"},"primaryImageOfPage":{"@id":"https:\/\/zenharmony.fr\/index.php\/produit\/masterclass-serenite\/#primaryimage"},"image":{"@id":"https:\/\/zenharmony.fr\/index.php\/produit\/masterclass-serenite\/#primaryimage"},"thumbnailUrl":"https:\/\/i0.wp.com\/zenharmony.fr\/wp-content\/uploads\/2023\/11\/Firefly-gestion-du-stress-dans-la-vie-courante-58547.jpg?fit=2304%2C1792&ssl=1","datePublished":"2023-11-24T00:03:03+00:00","dateModified":"2023-11-24T00:17:23+00:00","breadcrumb":{"@id":"https:\/\/zenharmony.fr\/index.php\/produit\/masterclass-serenite\/#breadcrumb"},"inLanguage":"fr-FR","potentialAction":[{"@type":"ReadAction","target":["https:\/\/zenharmony.fr\/index.php\/produit\/masterclass-serenite\/"]}]},{"@type":"ImageObject","inLanguage":"fr-FR","@id":"https:\/\/zenharmony.fr\/index.php\/produit\/masterclass-serenite\/#primaryimage","url":"https:\/\/i0.wp.com\/zenharmony.fr\/wp-content\/uploads\/2023\/11\/Firefly-gestion-du-stress-dans-la-vie-courante-58547.jpg?fit=2304%2C1792&ssl=1","contentUrl":"https:\/\/i0.wp.com\/zenharmony.fr\/wp-content\/uploads\/2023\/11\/Firefly-gestion-du-stress-dans-la-vie-courante-58547.jpg?fit=2304%2C1792&ssl=1","width":2304,"height":1792},{"@type":"BreadcrumbList","@id":"https:\/\/zenharmony.fr\/index.php\/produit\/masterclass-serenite\/#breadcrumb","itemListElement":[{"@type":"ListItem","position":1,"name":"Accueil","item":"https:\/\/zenharmony.fr\/"},{"@type":"ListItem","position":2,"name":"Cadeaux \u00e0 s&rsquo;offrir","item":"https:\/\/zenharmony.fr\/index.php\/shop\/"},{"@type":"ListItem","position":3,"name":"Masterclass S\u00e9r\u00e9nit\u00e9"}]},{"@type":"WebSite","@id":"https:\/\/zenharmony.fr\/#website","url":"https:\/\/zenharmony.fr\/","name":"ZenHarmony","description":"Sortir du mode pilote automatique","publisher":{"@id":"https:\/\/zenharmony.fr\/#organization"},"potentialAction":[{"@type":"SearchAction","target":{"@type":"EntryPoint","urlTemplate":"https:\/\/zenharmony.fr\/?s={search_term_string}"},"query-input":{"@type":"PropertyValueSpecification","valueRequired":true,"valueName":"search_term_string"}}],"inLanguage":"fr-FR"},{"@type":"Organization","@id":"https:\/\/zenharmony.fr\/#organization","name":"ZenHarmony","url":"https:\/\/zenharmony.fr\/","logo":{"@type":"ImageObject","inLanguage":"fr-FR","@id":"https:\/\/zenharmony.fr\/#\/schema\/logo\/image\/","url":"https:\/\/i0.wp.com\/zenharmony.fr\/wp-content\/uploads\/2025\/11\/logo-zenharmony-sans-fond.png?fit=561%2C346&ssl=1","contentUrl":"https:\/\/i0.wp.com\/zenharmony.fr\/wp-content\/uploads\/2025\/11\/logo-zenharmony-sans-fond.png?fit=561%2C346&ssl=1","width":561,"height":346,"caption":"ZenHarmony"},"image":{"@id":"https:\/\/zenharmony.fr\/#\/schema\/logo\/image\/"}}]}},"jetpack_sharing_enabled":true,"_links":{"self":[{"href":"https:\/\/zenharmony.fr\/index.php\/wp-json\/wp\/v2\/product\/1061","targetHints":{"allow":["GET"]}}],"collection":[{"href":"https:\/\/zenharmony.fr\/index.php\/wp-json\/wp\/v2\/product"}],"about":[{"href":"https:\/\/zenharmony.fr\/index.php\/wp-json\/wp\/v2\/types\/product"}],"replies":[{"embeddable":true,"href":"https:\/\/zenharmony.fr\/index.php\/wp-json\/wp\/v2\/comments?post=1061"}],"wp:featuredmedia":[{"embeddable":true,"href":"https:\/\/zenharmony.fr\/index.php\/wp-json\/wp\/v2\/media\/819"}],"wp:attachment":[{"href":"https:\/\/zenharmony.fr\/index.php\/wp-json\/wp\/v2\/media?parent=1061"}],"wp:term":[{"taxonomy":"product_brand","embeddable":true,"href":"https:\/\/zenharmony.fr\/index.php\/wp-json\/wp\/v2\/product_brand?post=1061"},{"taxonomy":"product_cat","embeddable":true,"href":"https:\/\/zenharmony.fr\/index.php\/wp-json\/wp\/v2\/product_cat?post=1061"},{"taxonomy":"product_tag","embeddable":true,"href":"https:\/\/zenharmony.fr\/index.php\/wp-json\/wp\/v2\/product_tag?post=1061"}],"curies":[{"name":"wp","href":"https:\/\/api.w.org\/{rel}","templated":true}]}}